{"id":28588,"date":"2025-08-19T16:36:07","date_gmt":"2025-08-19T13:36:07","guid":{"rendered":"https:\/\/safakbutik.com\/?post_type=product&#038;p=28588"},"modified":"2025-08-19T16:36:08","modified_gmt":"2025-08-19T13:36:08","slug":"muslin-takim","status":"publish","type":"product","link":"https:\/\/safakbutik.com\/ru\/product\/muslin-takim\/","title":{"rendered":"\u041c\u0443\u0441\u043b\u0438\u043d\u043e\u0432\u044b\u0439 \u043a\u043e\u0441\u0442\u044e\u043c"},"content":{"rendered":"<p>\u042d\u0442\u043e\u0442 \u043c\u0443\u0441\u043b\u0438\u043d\u043e\u0432\u044b\u0439 \u043a\u043e\u0441\u0442\u044e\u043c, \u0441\u043e\u0447\u0435\u0442\u0430\u044e\u0449\u0438\u0439 \u044d\u043b\u0435\u0433\u0430\u043d\u0442\u043d\u043e\u0441\u0442\u044c \u0438 \u043a\u043e\u043c\u0444\u043e\u0440\u0442, \u043e\u0431\u0435\u0441\u043f\u0435\u0447\u0438\u0442 \u043a\u043e\u043c\u0444\u043e\u0440\u0442 \u0432 \u0442\u0435\u0447\u0435\u043d\u0438\u0435 \u0432\u0441\u0435\u0433\u043e \u0434\u043d\u044f \u0431\u043b\u0430\u0433\u043e\u0434\u0430\u0440\u044f \u0441\u0432\u043e\u0435\u0439 \u043b\u0451\u0433\u043a\u043e\u0439, \u0434\u044b\u0448\u0430\u0449\u0435\u0439 \u0442\u0435\u043a\u0441\u0442\u0443\u0440\u0435. \u041d\u0430\u0442\u0443\u0440\u0430\u043b\u044c\u043d\u044b\u0439 \u043c\u0443\u0441\u043b\u0438\u043d, \u043f\u0440\u0438\u044f\u0442\u043d\u044b\u0439 \u0434\u043b\u044f \u043a\u043e\u0436\u0438, \u0441\u043e\u0445\u0440\u0430\u043d\u044f\u0435\u0442 \u043f\u0440\u043e\u0445\u043b\u0430\u0434\u0443 \u043b\u0435\u0442\u043e\u043c \u0438 \u0432\u0435\u0441\u043d\u043e\u0439, \u0430 \u0435\u0433\u043e \u044d\u043b\u0435\u0433\u0430\u043d\u0442\u043d\u044b\u0439 \u0432\u043d\u0435\u0448\u043d\u0438\u0439 \u0432\u0438\u0434 \u0434\u043e\u043f\u043e\u043b\u043d\u0438\u0442 \u043b\u044e\u0431\u0443\u044e \u043e\u0431\u0441\u0442\u0430\u043d\u043e\u0432\u043a\u0443.<\/p>\n<p>\u041a\u043e\u0441\u0442\u044e\u043c \u0441\u043e\u0441\u0442\u043e\u0438\u0442 \u0438\u0437 \u043a\u043e\u0440\u043e\u0442\u043a\u043e\u0433\u043e \u0436\u0430\u043a\u0435\u0442\u0430 \u043d\u0430 \u043f\u0443\u0433\u043e\u0432\u0438\u0446\u0430\u0445 \u0441\u043f\u0435\u0440\u0435\u0434\u0438 \u0438 \u0434\u043b\u0438\u043d\u043d\u043e\u0439 \u044e\u0431\u043a\u0438. \u0421\u0432\u043e\u0431\u043e\u0434\u043d\u044b\u0439 \u043a\u0440\u043e\u0439 \u043e\u0431\u0435\u0441\u043f\u0435\u0447\u0438\u0432\u0430\u0435\u0442 \u043a\u043e\u043c\u0444\u043e\u0440\u0442 \u0432 \u043f\u043e\u0432\u0441\u0435\u0434\u043d\u0435\u0432\u043d\u043e\u0439 \u043d\u043e\u0441\u043a\u0435, \u0430 \u0441\u0442\u0438\u043b\u044c\u043d\u044b\u0439 \u0434\u0438\u0437\u0430\u0439\u043d \u0438\u0434\u0435\u0430\u043b\u044c\u043d\u043e \u043f\u043e\u0434\u0445\u043e\u0434\u0438\u0442 \u0434\u043b\u044f \u043e\u0441\u043e\u0431\u044b\u0445 \u0441\u043b\u0443\u0447\u0430\u0435\u0432.<br \/>\n\t\u2022\tKuma\u015f T\u00fcr\u00fc: %100 M\u00fcslin<br \/>\n\t\u2022 \u041e\u0441\u043e\u0431\u0435\u043d\u043d\u043e\u0441\u0442\u0438: \u0434\u044b\u0448\u0430\u0449\u0438\u0439, \u0443\u0441\u0442\u043e\u0439\u0447\u0438\u0432\u044b\u0439 \u043a \u043f\u043e\u0442\u0443, \u043b\u0435\u0433\u043a\u0430\u044f \u0442\u0435\u043a\u0441\u0442\u0443\u0440\u0430<br \/>\n\t\u2022 \u0424\u0430\u0441\u043e\u043d: \u0441\u0432\u043e\u0431\u043e\u0434\u043d\u044b\u0439 \/ \u0441\u0432\u043e\u0431\u043e\u0434\u043d\u044b\u0439 \u043a\u0440\u043e\u0439<br \/>\n\t\u2022 \u0421\u043e\u0447\u0435\u0442\u0430\u043d\u0438\u0435: \u043c\u043e\u0436\u043d\u043e \u043b\u0435\u0433\u043a\u043e \u0438\u0441\u043f\u043e\u043b\u044c\u0437\u043e\u0432\u0430\u0442\u044c \u0432 \u043a\u0430\u0447\u0435\u0441\u0442\u0432\u0435 \u043f\u043e\u0432\u0441\u0435\u0434\u043d\u0435\u0432\u043d\u043e\u0433\u043e \u0430\u043a\u0441\u0435\u0441\u0441\u0443\u0430\u0440\u0430, \u043f\u0440\u0438\u0433\u043b\u0430\u0448\u0435\u043d\u0438\u044f, \u0434\u0435\u043b\u043e\u0432\u043e\u0433\u043e \u0438\u043b\u0438 \u043e\u0441\u043e\u0431\u043e\u0433\u043e \u0441\u043b\u0443\u0447\u0430\u044f.<\/p>","protected":false},"excerpt":{"rendered":"<p>\u041a\u043e\u0441\u0442\u044e\u043c \u0438\u0437 \u043c\u0443\u0441\u043b\u0438\u043d\u0430, \u0441\u043e\u0447\u0435\u0442\u0430\u044e\u0449\u0438\u0439 \u0432 \u0441\u0435\u0431\u0435 \u044d\u043b\u0435\u0433\u0430\u043d\u0442\u043d\u043e\u0441\u0442\u044c \u0438 \u043a\u043e\u043c\u0444\u043e\u0440\u0442, \u043e\u0431\u0435\u0441\u043f\u0435\u0447\u0438\u0432\u0430\u0435\u0442 \u043a\u043e\u043c\u0444\u043e\u0440\u0442 \u0432 \u0442\u0435\u0447\u0435\u043d\u0438\u0435 \u0432\u0441\u0435\u0433\u043e \u0434\u043d\u044f \u0431\u043b\u0430\u0433\u043e\u0434\u0430\u0440\u044f \u0441\u0432\u043e\u0435\u0439 \u043b\u0451\u0433\u043a\u043e\u0439 \u0438 \u0434\u044b\u0448\u0430\u0449\u0435\u0439 \u0442\u0435\u043a\u0441\u0442\u0443\u0440\u0435. \u0411\u043b\u0430\u0433\u043e\u0434\u0430\u0440\u044f \u0441\u0432\u043e\u0435\u0439 \u043d\u0430\u0442\u0443\u0440\u0430\u043b\u044c\u043d\u043e\u0439 \u0441\u0442\u0440\u0443\u043a\u0442\u0443\u0440\u0435<\/p>","protected":false},"featured_media":28583,"comment_status":"open","ping_status":"closed","template":"","meta":{"_joinchat":[]},"product_brand":[146],"product_cat":[96],"product_tag":[139,192],"class_list":{"0":"post-28588","1":"product","2":"type-product","3":"status-publish","4":"has-post-thumbnail","6":"product_brand-safak-alanya","7":"product_cat-etekli-takimlar","8":"product_tag-etekli-takim","9":"product_tag-muslin-takim","11":"first","12":"instock","13":"shipping-taxable","14":"purchasable","15":"product-type-variable"},"yoast_head":"<!-- This site is optimized with the Yoast SEO plugin v25.4 - https:\/\/yoast.com\/wordpress\/plugins\/seo\/ -->\n<title>M\u00fcslin tak\u0131m - \u015eafak Butik<\/title>\n<meta name=\"robots\" content=\"index, follow, max-snippet:-1, max-image-preview:large, max-video-preview:-1\" \/>\n<link rel=\"canonical\" href=\"https:\/\/safakbutik.com\/ru\/product\/muslin-takim\/\" \/>\n<meta property=\"og:locale\" content=\"ru_RU\" \/>\n<meta property=\"og:type\" content=\"article\" \/>\n<meta property=\"og:title\" content=\"M\u00fcslin tak\u0131m - \u015eafak Butik\" \/>\n<meta property=\"og:description\" content=\"\u015e\u0131kl\u0131\u011f\u0131 ve rahatl\u0131\u011f\u0131 bir arada sunan m\u00fcslin kuma\u015f tak\u0131m, hafif ve nefes alan dokusuyla g\u00fcn boyu konfor sa\u011flar. Do\u011fal yap\u0131s\u0131yla\" \/>\n<meta property=\"og:url\" content=\"https:\/\/safakbutik.com\/ru\/product\/muslin-takim\/\" \/>\n<meta property=\"og:site_name\" content=\"\u015eafak Butik\" \/>\n<meta property=\"article:modified_time\" content=\"2025-08-19T13:36:08+00:00\" \/>\n<meta property=\"og:image\" content=\"https:\/\/safakbutik.com\/wp-content\/uploads\/2025\/08\/IMG_2037-scaled.jpeg\" \/>\n\t<meta property=\"og:image:width\" content=\"1920\" \/>\n\t<meta property=\"og:image:height\" content=\"2560\" \/>\n\t<meta property=\"og:image:type\" content=\"image\/jpeg\" \/>\n<meta name=\"twitter:card\" content=\"summary_large_image\" \/>\n<meta name=\"twitter:label1\" content=\"\u041f\u0440\u0438\u043c\u0435\u0440\u043d\u043e\u0435 \u0432\u0440\u0435\u043c\u044f \u0434\u043b\u044f \u0447\u0442\u0435\u043d\u0438\u044f\" \/>\n\t<meta name=\"twitter:data1\" content=\"1 \u043c\u0438\u043d\u0443\u0442\u0430\" \/>\n<script type=\"application\/ld+json\" class=\"yoast-schema-graph\">{\"@context\":\"https:\/\/schema.org\",\"@graph\":[{\"@type\":\"WebPage\",\"@id\":\"https:\/\/safakbutik.com\/urun\/muslin-takim\/\",\"url\":\"https:\/\/safakbutik.com\/urun\/muslin-takim\/\",\"name\":\"M\u00fcslin tak\u0131m - \u015eafak Butik\",\"isPartOf\":{\"@id\":\"https:\/\/safakbutik.com\/#website\"},\"primaryImageOfPage\":{\"@id\":\"https:\/\/safakbutik.com\/urun\/muslin-takim\/#primaryimage\"},\"image\":{\"@id\":\"https:\/\/safakbutik.com\/urun\/muslin-takim\/#primaryimage\"},\"thumbnailUrl\":\"https:\/\/safakbutik.com\/wp-content\/uploads\/2025\/08\/IMG_2037-scaled.jpeg\",\"datePublished\":\"2025-08-19T13:36:07+00:00\",\"dateModified\":\"2025-08-19T13:36:08+00:00\",\"breadcrumb\":{\"@id\":\"https:\/\/safakbutik.com\/urun\/muslin-takim\/#breadcrumb\"},\"inLanguage\":\"ru-RU\",\"potentialAction\":[{\"@type\":\"ReadAction\",\"target\":[\"https:\/\/safakbutik.com\/urun\/muslin-takim\/\"]}]},{\"@type\":\"ImageObject\",\"inLanguage\":\"ru-RU\",\"@id\":\"https:\/\/safakbutik.com\/urun\/muslin-takim\/#primaryimage\",\"url\":\"https:\/\/safakbutik.com\/wp-content\/uploads\/2025\/08\/IMG_2037-scaled.jpeg\",\"contentUrl\":\"https:\/\/safakbutik.com\/wp-content\/uploads\/2025\/08\/IMG_2037-scaled.jpeg\",\"width\":1920,\"height\":2560},{\"@type\":\"BreadcrumbList\",\"@id\":\"https:\/\/safakbutik.com\/urun\/muslin-takim\/#breadcrumb\",\"itemListElement\":[{\"@type\":\"ListItem\",\"position\":1,\"name\":\"Anasayfa\",\"item\":\"https:\/\/safakbutik.com\/\"},{\"@type\":\"ListItem\",\"position\":2,\"name\":\"Magaza\",\"item\":\"https:\/\/safakbutik.com\/magaza\/\"},{\"@type\":\"ListItem\",\"position\":3,\"name\":\"M\u00fcslin tak\u0131m\"}]},{\"@type\":\"WebSite\",\"@id\":\"https:\/\/safakbutik.com\/#website\",\"url\":\"https:\/\/safakbutik.com\/\",\"name\":\"\u015eafak Butik\",\"description\":\"\u015eafak Butik\",\"potentialAction\":[{\"@type\":\"SearchAction\",\"target\":{\"@type\":\"EntryPoint\",\"urlTemplate\":\"https:\/\/safakbutik.com\/?s={search_term_string}\"},\"query-input\":{\"@type\":\"PropertyValueSpecification\",\"valueRequired\":true,\"valueName\":\"search_term_string\"}}],\"inLanguage\":\"ru-RU\"}]}<\/script>\n<!-- \/ Yoast SEO plugin. -->","yoast_head_json":{"title":"M\u00fcslin tak\u0131m - \u015eafak Butik","robots":{"index":"index","follow":"follow","max-snippet":"max-snippet:-1","max-image-preview":"max-image-preview:large","max-video-preview":"max-video-preview:-1"},"canonical":"https:\/\/safakbutik.com\/ru\/product\/muslin-takim\/","og_locale":"ru_RU","og_type":"article","og_title":"M\u00fcslin tak\u0131m - \u015eafak Butik","og_description":"\u015e\u0131kl\u0131\u011f\u0131 ve rahatl\u0131\u011f\u0131 bir arada sunan m\u00fcslin kuma\u015f tak\u0131m, hafif ve nefes alan dokusuyla g\u00fcn boyu konfor sa\u011flar. Do\u011fal yap\u0131s\u0131yla","og_url":"https:\/\/safakbutik.com\/ru\/product\/muslin-takim\/","og_site_name":"\u015eafak Butik","article_modified_time":"2025-08-19T13:36:08+00:00","og_image":[{"width":1920,"height":2560,"url":"https:\/\/safakbutik.com\/wp-content\/uploads\/2025\/08\/IMG_2037-scaled.jpeg","type":"image\/jpeg"}],"twitter_card":"summary_large_image","twitter_misc":{"\u041f\u0440\u0438\u043c\u0435\u0440\u043d\u043e\u0435 \u0432\u0440\u0435\u043c\u044f \u0434\u043b\u044f \u0447\u0442\u0435\u043d\u0438\u044f":"1 \u043c\u0438\u043d\u0443\u0442\u0430"},"schema":{"@context":"https:\/\/schema.org","@graph":[{"@type":"WebPage","@id":"https:\/\/safakbutik.com\/urun\/muslin-takim\/","url":"https:\/\/safakbutik.com\/urun\/muslin-takim\/","name":"M\u00fcslin tak\u0131m - \u015eafak Butik","isPartOf":{"@id":"https:\/\/safakbutik.com\/#website"},"primaryImageOfPage":{"@id":"https:\/\/safakbutik.com\/urun\/muslin-takim\/#primaryimage"},"image":{"@id":"https:\/\/safakbutik.com\/urun\/muslin-takim\/#primaryimage"},"thumbnailUrl":"https:\/\/safakbutik.com\/wp-content\/uploads\/2025\/08\/IMG_2037-scaled.jpeg","datePublished":"2025-08-19T13:36:07+00:00","dateModified":"2025-08-19T13:36:08+00:00","breadcrumb":{"@id":"https:\/\/safakbutik.com\/urun\/muslin-takim\/#breadcrumb"},"inLanguage":"ru-RU","potentialAction":[{"@type":"ReadAction","target":["https:\/\/safakbutik.com\/urun\/muslin-takim\/"]}]},{"@type":"ImageObject","inLanguage":"ru-RU","@id":"https:\/\/safakbutik.com\/urun\/muslin-takim\/#primaryimage","url":"https:\/\/safakbutik.com\/wp-content\/uploads\/2025\/08\/IMG_2037-scaled.jpeg","contentUrl":"https:\/\/safakbutik.com\/wp-content\/uploads\/2025\/08\/IMG_2037-scaled.jpeg","width":1920,"height":2560},{"@type":"BreadcrumbList","@id":"https:\/\/safakbutik.com\/urun\/muslin-takim\/#breadcrumb","itemListElement":[{"@type":"ListItem","position":1,"name":"Anasayfa","item":"https:\/\/safakbutik.com\/"},{"@type":"ListItem","position":2,"name":"Magaza","item":"https:\/\/safakbutik.com\/magaza\/"},{"@type":"ListItem","position":3,"name":"M\u00fcslin tak\u0131m"}]},{"@type":"WebSite","@id":"https:\/\/safakbutik.com\/#website","url":"https:\/\/safakbutik.com\/","name":"\u015eafak Butik","description":"\u015eafak Butik","potentialAction":[{"@type":"SearchAction","target":{"@type":"EntryPoint","urlTemplate":"https:\/\/safakbutik.com\/?s={search_term_string}"},"query-input":{"@type":"PropertyValueSpecification","valueRequired":true,"valueName":"search_term_string"}}],"inLanguage":"ru-RU"}]}},"_links":{"self":[{"href":"https:\/\/safakbutik.com\/ru\/wp-json\/wp\/v2\/product\/28588","targetHints":{"allow":["GET"]}}],"collection":[{"href":"https:\/\/safakbutik.com\/ru\/wp-json\/wp\/v2\/product"}],"about":[{"href":"https:\/\/safakbutik.com\/ru\/wp-json\/wp\/v2\/types\/product"}],"replies":[{"embeddable":true,"href":"https:\/\/safakbutik.com\/ru\/wp-json\/wp\/v2\/comments?post=28588"}],"version-history":[{"count":1,"href":"https:\/\/safakbutik.com\/ru\/wp-json\/wp\/v2\/product\/28588\/revisions"}],"predecessor-version":[{"id":28592,"href":"https:\/\/safakbutik.com\/ru\/wp-json\/wp\/v2\/product\/28588\/revisions\/28592"}],"wp:featuredmedia":[{"embeddable":true,"href":"https:\/\/safakbutik.com\/ru\/wp-json\/wp\/v2\/media\/28583"}],"wp:attachment":[{"href":"https:\/\/safakbutik.com\/ru\/wp-json\/wp\/v2\/media?parent=28588"}],"wp:term":[{"taxonomy":"product_brand","embeddable":true,"href":"https:\/\/safakbutik.com\/ru\/wp-json\/wp\/v2\/product_brand?post=28588"},{"taxonomy":"product_cat","embeddable":true,"href":"https:\/\/safakbutik.com\/ru\/wp-json\/wp\/v2\/product_cat?post=28588"},{"taxonomy":"product_tag","embeddable":true,"href":"https:\/\/safakbutik.com\/ru\/wp-json\/wp\/v2\/product_tag?post=28588"}],"curies":[{"name":"wp","href":"https:\/\/api.w.org\/{rel}","templated":true}]}}