{"id":28418,"date":"2025-08-06T16:34:27","date_gmt":"2025-08-06T13:34:27","guid":{"rendered":"https:\/\/safakbutik.com\/?post_type=product&#038;p=28418"},"modified":"2025-08-06T16:35:36","modified_gmt":"2025-08-06T13:35:36","slug":"oysho-kumas-elbise","status":"publish","type":"product","link":"https:\/\/safakbutik.com\/ru\/product\/oysho-kumas-elbise\/","title":{"rendered":"\u041f\u043b\u0430\u0442\u044c\u0435 \u0438\u0437 \u0442\u043a\u0430\u043d\u0438 Oysho"},"content":{"rendered":"<p>\u0421\u0438\u043c\u0432\u043e\u043b \u0432\u0435\u0447\u043d\u043e\u0439 \u044d\u043b\u0435\u0433\u0430\u043d\u0442\u043d\u043e\u0441\u0442\u0438, \u044d\u0442\u043e \u0442\u0435\u043c\u043d\u043e-\u0441\u0438\u043d\u0435\u0435 \u043f\u043b\u0430\u0442\u044c\u0435 \u0441\u0442\u0430\u043d\u0435\u0442 \u043d\u0435\u0437\u0430\u043c\u0435\u043d\u0438\u043c\u043e\u0439 \u0432\u0435\u0449\u044c\u044e \u0432 \u0432\u0430\u0448\u0435\u043c \u0433\u0430\u0440\u0434\u0435\u0440\u043e\u0431\u0435 \u0431\u043b\u0430\u0433\u043e\u0434\u0430\u0440\u044f \u0441\u0432\u043e\u0435\u043c\u0443 \u044d\u043b\u0435\u0433\u0430\u043d\u0442\u043d\u043e\u043c\u0443 \u0438 \u043f\u0440\u043e\u0441\u0442\u043e\u043c\u0443 \u0434\u0438\u0437\u0430\u0439\u043d\u0443.<br \/>\n\ud83d\udd39 \u041e\u0431\u0435\u0441\u043f\u0435\u0447\u0438\u0432\u0430\u0435\u0442 \u043a\u043e\u043c\u0444\u043e\u0440\u0442 \u0432 \u0442\u0435\u0447\u0435\u043d\u0438\u0435 \u0432\u0441\u0435\u0433\u043e \u0434\u043d\u044f \u0431\u043b\u0430\u0433\u043e\u0434\u0430\u0440\u044f \u043b\u0435\u0433\u043a\u043e\u0439 \u0441\u0442\u0440\u0443\u044f\u0449\u0435\u0439\u0441\u044f \u0442\u043a\u0430\u043d\u0438.<br \/>\n\ud83d\udd39 \u0412\u044f\u0437\u0430\u043d\u044b\u0439 \u043f\u043e\u044f\u0441 \u043d\u0430 \u0442\u0430\u043b\u0438\u0438 \u044d\u043b\u0435\u0433\u0430\u043d\u0442\u043d\u043e \u043f\u043e\u0434\u0447\u0435\u0440\u043a\u0438\u0432\u0430\u0435\u0442 \u043b\u0438\u043d\u0438\u0438 \u0442\u0435\u043b\u0430.<br \/>\n\ud83d\udd39 \u041c\u043e\u0434\u0435\u043b\u044c \u0441\u043e\u0447\u0435\u0442\u0430\u0435\u0442 \u0432 \u0441\u0435\u0431\u0435 \u043a\u043b\u0430\u0441\u0441\u0438\u0447\u0435\u0441\u043a\u0438\u0439 \u0438 \u0441\u043e\u0432\u0440\u0435\u043c\u0435\u043d\u043d\u044b\u0439 \u0441\u0442\u0438\u043b\u044c \u0431\u043b\u0430\u0433\u043e\u0434\u0430\u0440\u044f \u043f\u0440\u0438\u0441\u0431\u043e\u0440\u0435\u043d\u043d\u043e\u043c\u0443 \u0432\u043e\u0440\u043e\u0442\u043d\u0438\u043a\u0443 \u0438 \u0434\u043b\u0438\u043d\u043d\u044b\u043c \u0440\u0443\u043a\u0430\u0432\u0430\u043c.<br \/>\n\ud83d\udd39 \u0412\u044b \u0441 \u043b\u0435\u0433\u043a\u043e\u0441\u0442\u044c\u044e \u0441\u043c\u043e\u0436\u0435\u0442\u0435 \u0432\u044b\u0431\u0440\u0430\u0442\u044c \u0435\u0433\u043e \u043a\u0430\u043a \u0434\u043b\u044f \u043f\u043e\u0432\u0441\u0435\u0434\u043d\u0435\u0432\u043d\u043e\u0433\u043e \u0438\u0441\u043f\u043e\u043b\u044c\u0437\u043e\u0432\u0430\u043d\u0438\u044f, \u0442\u0430\u043a \u0438 \u0434\u043b\u044f \u043e\u0441\u043e\u0431\u044b\u0445 \u0441\u043b\u0443\u0447\u0430\u0435\u0432.<\/p>","protected":false},"excerpt":{"rendered":"<p>Zamans\u0131z \u015f\u0131kl\u0131\u011f\u0131n simgesi olan bu lacivert elbise, zarif ve sade tasar\u0131m\u0131yla gard\u0131robunuzun vazge\u00e7ilmezi olacak. \ud83d\udd39 Hafif d\u00f6k\u00fcml\u00fc kuma\u015f\u0131 sayesinde g\u00fcn<\/p>","protected":false},"featured_media":28425,"comment_status":"open","ping_status":"closed","template":"","meta":{"_joinchat":[]},"product_brand":[146],"product_cat":[80],"product_tag":[142,168,167],"class_list":{"0":"post-28418","1":"product","2":"type-product","3":"status-publish","4":"has-post-thumbnail","6":"product_brand-safak-alanya","7":"product_cat-elbise","8":"product_tag-elbise","9":"product_tag-oysho-elbise","10":"product_tag-oysho-kumas","12":"first","13":"instock","14":"shipping-taxable","15":"purchasable","16":"product-type-variable"},"yoast_head":"<!-- This site is optimized with the Yoast SEO plugin v25.4 - https:\/\/yoast.com\/wordpress\/plugins\/seo\/ -->\n<title>Oysho kuma\u015f elbise - \u015eafak Butik<\/title>\n<meta name=\"description\" content=\"Lacivert uzun kollu d\u00f6k\u00fcml\u00fc elbise. B\u00fczg\u00fc detayl\u0131 yaka ve \u00f6rme kemerli \u015f\u0131k tasar\u0131m.\" \/>\n<meta name=\"robots\" content=\"index, follow, max-snippet:-1, max-image-preview:large, max-video-preview:-1\" \/>\n<link rel=\"canonical\" href=\"https:\/\/safakbutik.com\/ru\/product\/oysho-kumas-elbise\/\" \/>\n<meta property=\"og:locale\" content=\"ru_RU\" \/>\n<meta property=\"og:type\" content=\"article\" \/>\n<meta property=\"og:title\" content=\"Oysho kuma\u015f elbise - \u015eafak Butik\" \/>\n<meta property=\"og:description\" content=\"Lacivert uzun kollu d\u00f6k\u00fcml\u00fc elbise. B\u00fczg\u00fc detayl\u0131 yaka ve \u00f6rme kemerli \u015f\u0131k tasar\u0131m.\" \/>\n<meta property=\"og:url\" content=\"https:\/\/safakbutik.com\/ru\/product\/oysho-kumas-elbise\/\" \/>\n<meta property=\"og:site_name\" content=\"\u015eafak Butik\" \/>\n<meta property=\"article:modified_time\" content=\"2025-08-06T13:35:36+00:00\" \/>\n<meta property=\"og:image\" content=\"https:\/\/safakbutik.com\/wp-content\/uploads\/2025\/08\/26d8f101-188a-48aa-b3ca-a2aad503f750.jpeg\" \/>\n\t<meta property=\"og:image:width\" content=\"1200\" \/>\n\t<meta property=\"og:image:height\" content=\"1600\" \/>\n\t<meta property=\"og:image:type\" content=\"image\/jpeg\" \/>\n<meta name=\"twitter:card\" content=\"summary_large_image\" \/>\n<meta name=\"twitter:label1\" content=\"\u041f\u0440\u0438\u043c\u0435\u0440\u043d\u043e\u0435 \u0432\u0440\u0435\u043c\u044f \u0434\u043b\u044f \u0447\u0442\u0435\u043d\u0438\u044f\" \/>\n\t<meta name=\"twitter:data1\" content=\"1 \u043c\u0438\u043d\u0443\u0442\u0430\" \/>\n<script type=\"application\/ld+json\" class=\"yoast-schema-graph\">{\"@context\":\"https:\/\/schema.org\",\"@graph\":[{\"@type\":\"WebPage\",\"@id\":\"https:\/\/safakbutik.com\/urun\/oysho-kumas-elbise\/\",\"url\":\"https:\/\/safakbutik.com\/urun\/oysho-kumas-elbise\/\",\"name\":\"Oysho kuma\u015f elbise - \u015eafak Butik\",\"isPartOf\":{\"@id\":\"https:\/\/safakbutik.com\/#website\"},\"primaryImageOfPage\":{\"@id\":\"https:\/\/safakbutik.com\/urun\/oysho-kumas-elbise\/#primaryimage\"},\"image\":{\"@id\":\"https:\/\/safakbutik.com\/urun\/oysho-kumas-elbise\/#primaryimage\"},\"thumbnailUrl\":\"https:\/\/safakbutik.com\/wp-content\/uploads\/2025\/08\/26d8f101-188a-48aa-b3ca-a2aad503f750.jpeg\",\"datePublished\":\"2025-08-06T13:34:27+00:00\",\"dateModified\":\"2025-08-06T13:35:36+00:00\",\"description\":\"Lacivert uzun kollu d\u00f6k\u00fcml\u00fc elbise. B\u00fczg\u00fc detayl\u0131 yaka ve \u00f6rme kemerli \u015f\u0131k tasar\u0131m.\",\"breadcrumb\":{\"@id\":\"https:\/\/safakbutik.com\/urun\/oysho-kumas-elbise\/#breadcrumb\"},\"inLanguage\":\"ru-RU\",\"potentialAction\":[{\"@type\":\"ReadAction\",\"target\":[\"https:\/\/safakbutik.com\/urun\/oysho-kumas-elbise\/\"]}]},{\"@type\":\"ImageObject\",\"inLanguage\":\"ru-RU\",\"@id\":\"https:\/\/safakbutik.com\/urun\/oysho-kumas-elbise\/#primaryimage\",\"url\":\"https:\/\/safakbutik.com\/wp-content\/uploads\/2025\/08\/26d8f101-188a-48aa-b3ca-a2aad503f750.jpeg\",\"contentUrl\":\"https:\/\/safakbutik.com\/wp-content\/uploads\/2025\/08\/26d8f101-188a-48aa-b3ca-a2aad503f750.jpeg\",\"width\":1200,\"height\":1600},{\"@type\":\"BreadcrumbList\",\"@id\":\"https:\/\/safakbutik.com\/urun\/oysho-kumas-elbise\/#breadcrumb\",\"itemListElement\":[{\"@type\":\"ListItem\",\"position\":1,\"name\":\"Anasayfa\",\"item\":\"https:\/\/safakbutik.com\/\"},{\"@type\":\"ListItem\",\"position\":2,\"name\":\"Magaza\",\"item\":\"https:\/\/safakbutik.com\/magaza\/\"},{\"@type\":\"ListItem\",\"position\":3,\"name\":\"Oysho kuma\u015f elbise\"}]},{\"@type\":\"WebSite\",\"@id\":\"https:\/\/safakbutik.com\/#website\",\"url\":\"https:\/\/safakbutik.com\/\",\"name\":\"\u015eafak Butik\",\"description\":\"\u015eafak Butik\",\"potentialAction\":[{\"@type\":\"SearchAction\",\"target\":{\"@type\":\"EntryPoint\",\"urlTemplate\":\"https:\/\/safakbutik.com\/?s={search_term_string}\"},\"query-input\":{\"@type\":\"PropertyValueSpecification\",\"valueRequired\":true,\"valueName\":\"search_term_string\"}}],\"inLanguage\":\"ru-RU\"}]}<\/script>\n<!-- \/ Yoast SEO plugin. -->","yoast_head_json":{"title":"Oysho kuma\u015f elbise - \u015eafak Butik","description":"Lacivert uzun kollu d\u00f6k\u00fcml\u00fc elbise. B\u00fczg\u00fc detayl\u0131 yaka ve \u00f6rme kemerli \u015f\u0131k tasar\u0131m.","robots":{"index":"index","follow":"follow","max-snippet":"max-snippet:-1","max-image-preview":"max-image-preview:large","max-video-preview":"max-video-preview:-1"},"canonical":"https:\/\/safakbutik.com\/ru\/product\/oysho-kumas-elbise\/","og_locale":"ru_RU","og_type":"article","og_title":"Oysho kuma\u015f elbise - \u015eafak Butik","og_description":"Lacivert uzun kollu d\u00f6k\u00fcml\u00fc elbise. B\u00fczg\u00fc detayl\u0131 yaka ve \u00f6rme kemerli \u015f\u0131k tasar\u0131m.","og_url":"https:\/\/safakbutik.com\/ru\/product\/oysho-kumas-elbise\/","og_site_name":"\u015eafak Butik","article_modified_time":"2025-08-06T13:35:36+00:00","og_image":[{"width":1200,"height":1600,"url":"https:\/\/safakbutik.com\/wp-content\/uploads\/2025\/08\/26d8f101-188a-48aa-b3ca-a2aad503f750.jpeg","type":"image\/jpeg"}],"twitter_card":"summary_large_image","twitter_misc":{"\u041f\u0440\u0438\u043c\u0435\u0440\u043d\u043e\u0435 \u0432\u0440\u0435\u043c\u044f \u0434\u043b\u044f \u0447\u0442\u0435\u043d\u0438\u044f":"1 \u043c\u0438\u043d\u0443\u0442\u0430"},"schema":{"@context":"https:\/\/schema.org","@graph":[{"@type":"WebPage","@id":"https:\/\/safakbutik.com\/urun\/oysho-kumas-elbise\/","url":"https:\/\/safakbutik.com\/urun\/oysho-kumas-elbise\/","name":"Oysho kuma\u015f elbise - \u015eafak Butik","isPartOf":{"@id":"https:\/\/safakbutik.com\/#website"},"primaryImageOfPage":{"@id":"https:\/\/safakbutik.com\/urun\/oysho-kumas-elbise\/#primaryimage"},"image":{"@id":"https:\/\/safakbutik.com\/urun\/oysho-kumas-elbise\/#primaryimage"},"thumbnailUrl":"https:\/\/safakbutik.com\/wp-content\/uploads\/2025\/08\/26d8f101-188a-48aa-b3ca-a2aad503f750.jpeg","datePublished":"2025-08-06T13:34:27+00:00","dateModified":"2025-08-06T13:35:36+00:00","description":"Lacivert uzun kollu d\u00f6k\u00fcml\u00fc elbise. B\u00fczg\u00fc detayl\u0131 yaka ve \u00f6rme kemerli \u015f\u0131k tasar\u0131m.","breadcrumb":{"@id":"https:\/\/safakbutik.com\/urun\/oysho-kumas-elbise\/#breadcrumb"},"inLanguage":"ru-RU","potentialAction":[{"@type":"ReadAction","target":["https:\/\/safakbutik.com\/urun\/oysho-kumas-elbise\/"]}]},{"@type":"ImageObject","inLanguage":"ru-RU","@id":"https:\/\/safakbutik.com\/urun\/oysho-kumas-elbise\/#primaryimage","url":"https:\/\/safakbutik.com\/wp-content\/uploads\/2025\/08\/26d8f101-188a-48aa-b3ca-a2aad503f750.jpeg","contentUrl":"https:\/\/safakbutik.com\/wp-content\/uploads\/2025\/08\/26d8f101-188a-48aa-b3ca-a2aad503f750.jpeg","width":1200,"height":1600},{"@type":"BreadcrumbList","@id":"https:\/\/safakbutik.com\/urun\/oysho-kumas-elbise\/#breadcrumb","itemListElement":[{"@type":"ListItem","position":1,"name":"Anasayfa","item":"https:\/\/safakbutik.com\/"},{"@type":"ListItem","position":2,"name":"Magaza","item":"https:\/\/safakbutik.com\/magaza\/"},{"@type":"ListItem","position":3,"name":"Oysho kuma\u015f elbise"}]},{"@type":"WebSite","@id":"https:\/\/safakbutik.com\/#website","url":"https:\/\/safakbutik.com\/","name":"\u015eafak Butik","description":"\u015eafak Butik","potentialAction":[{"@type":"SearchAction","target":{"@type":"EntryPoint","urlTemplate":"https:\/\/safakbutik.com\/?s={search_term_string}"},"query-input":{"@type":"PropertyValueSpecification","valueRequired":true,"valueName":"search_term_string"}}],"inLanguage":"ru-RU"}]}},"_links":{"self":[{"href":"https:\/\/safakbutik.com\/ru\/wp-json\/wp\/v2\/product\/28418","targetHints":{"allow":["GET"]}}],"collection":[{"href":"https:\/\/safakbutik.com\/ru\/wp-json\/wp\/v2\/product"}],"about":[{"href":"https:\/\/safakbutik.com\/ru\/wp-json\/wp\/v2\/types\/product"}],"replies":[{"embeddable":true,"href":"https:\/\/safakbutik.com\/ru\/wp-json\/wp\/v2\/comments?post=28418"}],"version-history":[{"count":1,"href":"https:\/\/safakbutik.com\/ru\/wp-json\/wp\/v2\/product\/28418\/revisions"}],"predecessor-version":[{"id":28441,"href":"https:\/\/safakbutik.com\/ru\/wp-json\/wp\/v2\/product\/28418\/revisions\/28441"}],"wp:featuredmedia":[{"embeddable":true,"href":"https:\/\/safakbutik.com\/ru\/wp-json\/wp\/v2\/media\/28425"}],"wp:attachment":[{"href":"https:\/\/safakbutik.com\/ru\/wp-json\/wp\/v2\/media?parent=28418"}],"wp:term":[{"taxonomy":"product_brand","embeddable":true,"href":"https:\/\/safakbutik.com\/ru\/wp-json\/wp\/v2\/product_brand?post=28418"},{"taxonomy":"product_cat","embeddable":true,"href":"https:\/\/safakbutik.com\/ru\/wp-json\/wp\/v2\/product_cat?post=28418"},{"taxonomy":"product_tag","embeddable":true,"href":"https:\/\/safakbutik.com\/ru\/wp-json\/wp\/v2\/product_tag?post=28418"}],"curies":[{"name":"wp","href":"https:\/\/api.w.org\/{rel}","templated":true}]}}