{"id":14,"date":"2025-07-14T23:52:41","date_gmt":"2025-07-14T20:52:41","guid":{"rendered":"https:\/\/safakbutik.com\/?page_id=14"},"modified":"2025-07-15T03:04:15","modified_gmt":"2025-07-15T00:04:15","slug":"iptal-ve-iade-politikamiz","status":"publish","type":"page","link":"https:\/\/safakbutik.com\/ru\/iptal-ve-iade-politikamiz\/","title":{"rendered":"\u041d\u0430\u0448\u0430 \u043f\u043e\u043b\u0438\u0442\u0438\u043a\u0430 \u043e\u0442\u043c\u0435\u043d\u044b \u0431\u0440\u043e\u043d\u0438\u0440\u043e\u0432\u0430\u043d\u0438\u044f \u0438 \u0432\u043e\u0437\u0432\u0440\u0430\u0442\u0430 \u0441\u0440\u0435\u0434\u0441\u0442\u0432"},"content":{"rendered":"<div data-elementor-type=\"wp-page\" data-elementor-id=\"14\" class=\"elementor elementor-14\">\n\t\t\t\t<div class=\"wd-negative-gap elementor-element elementor-element-f56e24c wd-section-stretch e-flex e-con-boxed elementor-invisible e-con e-parent\" data-id=\"f56e24c\" data-element_type=\"container\" data-settings=\"{&quot;background_background&quot;:&quot;classic&quot;,&quot;animation&quot;:&quot;fadeInUp&quot;}\">\n\t\t\t\t\t<div class=\"e-con-inner\">\n\t\t\t\t<div class=\"elementor-element elementor-element-5d227c6 wd-width-100 elementor-widget elementor-widget-wd_title\" data-id=\"5d227c6\" data-element_type=\"widget\" data-widget_type=\"wd_title.default\">\n\t\t\t\t<div class=\"elementor-widget-container\">\n\t\t\t\t\t\t\t<div class=\"title-wrapper wd-set-mb reset-last-child wd-title-color-default wd-title-style-default wd-title-size-medium text-center\">\n\n\t\t\t\n\t\t\t<div class=\"liner-continer\">\n\t\t\t\t<h4 class=\"woodmart-title-container title wd-fontsize-xl\">\u041f\u043e\u043b\u0438\u0442\u0438\u043a\u0430 \u043e\u0442\u043c\u0435\u043d\u044b \u0438 \u0432\u043e\u0437\u0432\u0440\u0430\u0442\u0430 \u0441\u0440\u0435\u0434\u0441\u0442\u0432<br \/>\n<\/h4> \n\t\t\t\t\t\t\t<\/div>\n\n\t\t\t\t\t<\/div>\n\t\t\t\t\t\t<\/div>\n\t\t\t\t<\/div>\n\t\t\t\t\t<\/div>\n\t\t\t\t<\/div>\n\t\t<div class=\"wd-negative-gap elementor-element elementor-element-76e5606 e-flex e-con-boxed elementor-invisible e-con e-parent\" data-id=\"76e5606\" data-element_type=\"container\" data-settings=\"{&quot;animation&quot;:&quot;fadeInUp&quot;}\">\n\t\t\t\t\t<div class=\"e-con-inner\">\n\t\t<div class=\"elementor-element elementor-element-3fc67ca e-con-full e-flex e-con e-child\" data-id=\"3fc67ca\" data-element_type=\"container\">\n\t\t\t\t<div class=\"elementor-element elementor-element-4442b41 elementor-widget elementor-widget-wd_text_block\" data-id=\"4442b41\" data-element_type=\"widget\" data-widget_type=\"wd_text_block.default\">\n\t\t\t\t<div class=\"elementor-widget-container\">\n\t\t\t\t\t\t\t<div class=\"wd-text-block reset-last-child text-left\">\n\t\t\t\n\t\t\t<h3 data-start=\"493\" data-end=\"515\"><strong data-start=\"497\" data-end=\"515\">\u041e\u0442\u043c\u0435\u043d\u0430 \u0437\u0430\u043a\u0430\u0437\u0430<\/strong><\/h3><p data-start=\"517\" data-end=\"713\">\u0412\u0430\u0448 \u0437\u0430\u043a\u0430\u0437 \u0431\u0443\u0434\u0435\u0442 \u043e\u0431\u0440\u0430\u0431\u043e\u0442\u0430\u043d \u0432\u0441\u043a\u043e\u0440\u0435 \u043f\u043e\u0441\u043b\u0435 \u0437\u0430\u0432\u0435\u0440\u0448\u0435\u043d\u0438\u044f \u043e\u043f\u043b\u0430\u0442\u044b.<br data-start=\"591\" data-end=\"594\" \/><strong data-start=\"594\" data-end=\"616\">\u041d\u0435 \u043e\u0442\u043f\u0440\u0430\u0432\u043b\u0435\u043d\u043e<\/strong> \u0415\u0441\u043b\u0438 \u0432\u044b \u0445\u043e\u0442\u0438\u0442\u0435 \u0437\u0430\u043f\u0440\u043e\u0441\u0438\u0442\u044c \u043e\u0442\u043c\u0435\u043d\u0443 \u0437\u0430\u043a\u0430\u0437\u0430, \u043f\u043e\u0436\u0430\u043b\u0443\u0439\u0441\u0442\u0430, \u0441\u0432\u044f\u0436\u0438\u0442\u0435\u0441\u044c \u0441 \u043d\u0430\u043c\u0438 \u043a\u0430\u043a \u043c\u043e\u0436\u043d\u043e \u0441\u043a\u043e\u0440\u0435\u0435:<\/p><p data-start=\"715\" data-end=\"780\">\ud83d\udcde \u0422\u0435\u043b\u0435\u0444\u043e\u043d: +90 (535) 968 31 13<br data-start=\"746\" data-end=\"749\" \/>\ud83d\udce9 \u042d\u043b\u0435\u043a\u0442\u0440\u043e\u043d\u043d\u0430\u044f \u043f\u043e\u0447\u0442\u0430: <a class=\"cursor-pointer\" rel=\"noopener\" data-start=\"761\" data-end=\"780\">info@safakbutik.com<\/a><\/p><p data-start=\"782\" data-end=\"880\">\u0415\u0441\u043b\u0438 \u0432\u0430\u0448 \u0437\u0430\u043a\u0430\u0437 \u0431\u0443\u0434\u0435\u0442 \u043e\u0442\u043c\u0435\u043d\u0435\u043d \u0434\u043e \u0435\u0433\u043e \u043e\u0442\u043f\u0440\u0430\u0432\u043a\u0438, \u0432\u0430\u0448 \u043f\u043b\u0430\u0442\u0435\u0436 \u0431\u0443\u0434\u0435\u0442 \u043e\u0431\u0440\u0430\u0431\u043e\u0442\u0430\u043d \u0434\u043b\u044f \u0432\u043e\u0437\u0432\u0440\u0430\u0442\u0430 \u0432 \u0442\u043e\u0442 \u0436\u0435 \u0434\u0435\u043d\u044c.<\/p><blockquote data-start=\"882\" data-end=\"1020\"><p data-start=\"884\" data-end=\"1020\"><strong data-start=\"884\" data-end=\"892\">\u041f\u0440\u0438\u043c\u0435\u0447\u0430\u043d\u0438\u044f:<\/strong> \u0417\u0430\u043a\u0430\u0437\u044b, \u043e\u0442\u043f\u0440\u0430\u0432\u043b\u0435\u043d\u043d\u044b\u0435 \u0440\u0430\u043d\u0435\u0435, \u043d\u0435 \u043f\u043e\u0434\u043b\u0435\u0436\u0430\u0442 \u043e\u0442\u043c\u0435\u043d\u0435. \u0412 \u044d\u0442\u043e\u043c \u0441\u043b\u0443\u0447\u0430\u0435 \u0432\u043e\u0437\u0432\u0440\u0430\u0442 \u043c\u043e\u0436\u043d\u043e \u043d\u0430\u0447\u0430\u0442\u044c \u043f\u043e\u0441\u043b\u0435 \u043f\u043e\u043b\u0443\u0447\u0435\u043d\u0438\u044f \u0442\u043e\u0432\u0430\u0440\u0430.<\/p><\/blockquote><hr data-start=\"1022\" data-end=\"1025\" \/><h3 data-start=\"1027\" data-end=\"1049\"><strong data-start=\"1031\" data-end=\"1049\">\u0423\u0441\u043b\u043e\u0432\u0438\u044f \u0432\u043e\u0437\u0432\u0440\u0430\u0442\u0430<\/strong><\/h3><p data-start=\"1051\" data-end=\"1165\">\u0422\u043e\u0432\u0430\u0440\u044b, \u043a\u043e\u0442\u043e\u0440\u044b\u0435 \u0432\u044b \u043f\u0440\u0438\u043e\u0431\u0440\u0435\u043b\u0438 \u0432 \u0431\u0443\u0442\u0438\u043a\u0435 \u015eafak, <strong data-start=\"1099\" data-end=\"1138\">14 \u0434\u043d\u0435\u0439 \u0441 \u0434\u0430\u0442\u044b \u0434\u043e\u0441\u0442\u0430\u0432\u043a\u0438<\/strong> \u0412\u044b \u043c\u043e\u0436\u0435\u0442\u0435 \u0432\u0435\u0440\u043d\u0443\u0442\u044c \u0435\u0433\u043e \u0432 \u0442\u0435\u0447\u0435\u043d\u0438\u0435 .<\/p><p data-start=\"1167\" data-end=\"1229\">\u0414\u043b\u044f \u043e\u0441\u0443\u0449\u0435\u0441\u0442\u0432\u043b\u0435\u043d\u0438\u044f \u0432\u043e\u0437\u0432\u0440\u0430\u0442\u0430 \u0434\u043e\u043b\u0436\u043d\u044b \u0431\u044b\u0442\u044c \u0441\u043e\u0431\u043b\u044e\u0434\u0435\u043d\u044b \u0441\u043b\u0435\u0434\u0443\u044e\u0449\u0438\u0435 \u0443\u0441\u043b\u043e\u0432\u0438\u044f:<\/p><ul data-start=\"1231\" data-end=\"1636\"><li data-start=\"1231\" data-end=\"1288\"><p data-start=\"1233\" data-end=\"1288\">\u0418\u0437\u0434\u0435\u043b\u0438\u0435 \u0434\u043e\u043b\u0436\u043d\u043e \u0431\u044b\u0442\u044c \u043d\u0435\u0438\u0441\u043f\u043e\u043b\u044c\u0437\u043e\u0432\u0430\u043d\u043d\u044b\u043c, \u043d\u0435\u043f\u0440\u043e\u0432\u0435\u0440\u0435\u043d\u043d\u044b\u043c \u0438 \u043d\u0435\u0441\u0442\u0438\u0440\u0430\u043d\u043d\u044b\u043c.<\/p><\/li><li data-start=\"1289\" data-end=\"1371\"><p data-start=\"1291\" data-end=\"1371\">\u042d\u0442\u0438\u043a\u0435\u0442\u043a\u0430 \u043f\u0440\u043e\u0434\u0443\u043a\u0442\u0430 \u043d\u0435 \u0434\u043e\u043b\u0436\u043d\u0430 \u0431\u044b\u0442\u044c \u0440\u0430\u0437\u0440\u0435\u0437\u0430\u043d\u0430 \u0438 \u0434\u043e\u043b\u0436\u043d\u0430 \u0431\u044b\u0442\u044c \u043e\u0442\u043f\u0440\u0430\u0432\u043b\u0435\u043d\u0430 \u0432 \u043e\u0440\u0438\u0433\u0438\u043d\u0430\u043b\u044c\u043d\u043e\u0439 \u0443\u043f\u0430\u043a\u043e\u0432\u043a\u0435.<\/p><\/li><li data-start=\"1372\" data-end=\"1462\"><p data-start=\"1374\" data-end=\"1462\">\u0422\u043e\u0432\u0430\u0440 \u0434\u043e\u043b\u0436\u0435\u043d \u0431\u044b\u0442\u044c \u0432\u043e\u0437\u0432\u0440\u0430\u0449\u0435\u043d \u0432 \u043f\u043e\u043b\u043d\u043e\u043c \u043e\u0431\u044a\u0435\u043c\u0435 \u0432\u043c\u0435\u0441\u0442\u0435 \u0441\u043e \u0441\u0447\u0435\u0442\u043e\u043c-\u0444\u0430\u043a\u0442\u0443\u0440\u043e\u0439 \u0438 \u043b\u044e\u0431\u044b\u043c\u0438 \u043f\u043e\u0434\u0430\u0440\u043e\u0447\u043d\u044b\u043c\u0438\/\u0440\u0435\u043a\u043b\u0430\u043c\u043d\u044b\u043c\u0438 \u0442\u043e\u0432\u0430\u0440\u0430\u043c\u0438.<\/p><\/li><li data-start=\"1463\" data-end=\"1557\"><p data-start=\"1465\" data-end=\"1557\">\u0412\u043e\u0437\u0432\u0440\u0430\u0442\u0443 \u043d\u0435 \u043f\u043e\u0434\u043b\u0435\u0436\u0430\u0442 \u043d\u0438\u0436\u043d\u0435\u0435 \u0431\u0435\u043b\u044c\u0435, \u0447\u0435\u043f\u0447\u0438\u043a\u0438, \u0448\u0430\u043b\u0438, \u0448\u0430\u0440\u0444\u044b \u0438 \u0442\u043e\u0432\u0430\u0440\u044b, \u0442\u0440\u0435\u0431\u0443\u044e\u0449\u0438\u0435 \u0441\u043e\u0431\u043b\u044e\u0434\u0435\u043d\u0438\u044f \u0433\u0438\u0433\u0438\u0435\u043d\u044b.<\/p><\/li><li data-start=\"1558\" data-end=\"1636\"><p data-start=\"1560\" data-end=\"1636\">\u0418\u0437\u0434\u0435\u043b\u0438\u044f, \u0438\u0437\u0433\u043e\u0442\u043e\u0432\u043b\u0435\u043d\u043d\u044b\u0435 \u043d\u0430 \u0437\u0430\u043a\u0430\u0437 \u0438\u043b\u0438 \u043f\u043e \u0438\u043d\u0434\u0438\u0432\u0438\u0434\u0443\u0430\u043b\u044c\u043d\u044b\u043c \u043c\u0435\u0440\u043a\u0430\u043c, \u0432\u043e\u0437\u0432\u0440\u0430\u0442\u0443 \u043d\u0435 \u043f\u043e\u0434\u043b\u0435\u0436\u0430\u0442.<\/p><\/li><\/ul><hr data-start=\"1638\" data-end=\"1641\" \/><h3 data-start=\"1643\" data-end=\"1662\"><strong data-start=\"1647\" data-end=\"1662\">\u041f\u0440\u043e\u0446\u0435\u0441\u0441 \u0432\u043e\u0437\u0432\u0440\u0430\u0442\u0430<\/strong><\/h3><ol data-start=\"1664\" data-end=\"1937\"><li data-start=\"1664\" data-end=\"1752\"><p data-start=\"1667\" data-end=\"1752\">\u0412\u0430\u0448 \u0437\u0430\u043f\u0440\u043e\u0441 \u043d\u0430 \u0432\u043e\u0437\u0432\u0440\u0430\u0442 \u0441\u0440\u0435\u0434\u0441\u0442\u0432 <a class=\"cursor-pointer\" rel=\"noopener\" data-start=\"1683\" data-end=\"1702\">info@safakbutik.com<\/a> \u041f\u043e\u0436\u0430\u043b\u0443\u0439\u0441\u0442\u0430, \u043e\u0442\u043f\u0440\u0430\u0432\u044c\u0442\u0435 \u0435\u0433\u043e \u043f\u043e \u0430\u0434\u0440\u0435\u0441\u0443, \u0443\u043a\u0430\u0437\u0430\u0432 \u043d\u043e\u043c\u0435\u0440 \u0432\u0430\u0448\u0435\u0433\u043e \u0437\u0430\u043a\u0430\u0437\u0430.<\/p><\/li><li data-start=\"1753\" data-end=\"1832\"><p data-start=\"1756\" data-end=\"1832\">\u041f\u043e\u0441\u043b\u0435 \u043e\u0434\u043e\u0431\u0440\u0435\u043d\u0438\u044f \u0432\u043e\u0437\u0432\u0440\u0430\u0442\u0430 \u043f\u0440\u043e\u0434\u0443\u043a\u0446\u0438\u044f \u043e\u0442\u043f\u0440\u0430\u0432\u043b\u044f\u0435\u0442\u0441\u044f \u043d\u0430\u043c \u0442\u0440\u0430\u043d\u0441\u043f\u043e\u0440\u0442\u043d\u043e\u0439 \u043a\u043e\u043c\u043f\u0430\u043d\u0438\u0435\u0439, \u0441 \u043a\u043e\u0442\u043e\u0440\u043e\u0439 \u0437\u0430\u043a\u043b\u044e\u0447\u0435\u043d \u0434\u043e\u0433\u043e\u0432\u043e\u0440.<\/p><\/li><li data-start=\"1833\" data-end=\"1937\"><p data-start=\"1836\" data-end=\"1937\">\u041a\u043e\u0433\u0434\u0430 \u0442\u043e\u0432\u0430\u0440 \u043f\u043e\u0441\u0442\u0443\u043f\u0430\u0435\u0442 \u043a \u043d\u0430\u043c, \u043e\u043d \u043f\u0440\u043e\u0432\u0435\u0440\u044f\u0435\u0442\u0441\u044f, \u0438 \u0432\u043e\u0437\u0432\u0440\u0430\u0442 \u0441\u0440\u0435\u0434\u0441\u0442\u0432 \u043e\u0441\u0443\u0449\u0435\u0441\u0442\u0432\u043b\u044f\u0435\u0442\u0441\u044f \u0432 \u0442\u0435\u0447\u0435\u043d\u0438\u0435 3-5 \u0440\u0430\u0431\u043e\u0447\u0438\u0445 \u0434\u043d\u0435\u0439.<\/p><\/li><\/ol><blockquote data-start=\"1939\" data-end=\"2029\"><p data-start=\"1941\" data-end=\"2029\"><strong data-start=\"1941\" data-end=\"1963\">\u0421\u0442\u043e\u0438\u043c\u043e\u0441\u0442\u044c \u043e\u0431\u0440\u0430\u0442\u043d\u043e\u0439 \u0434\u043e\u0441\u0442\u0430\u0432\u043a\u0438:<\/strong> \u041f\u0440\u0438 \u0432\u043e\u0437\u0432\u0440\u0430\u0442\u0435 \u0442\u043e\u0432\u0430\u0440\u0430 \u0432 \u0440\u0430\u043c\u043a\u0430\u0445 \u043f\u0440\u0430\u0432\u0430 \u043d\u0430 \u043e\u0442\u043a\u0430\u0437 \u0440\u0430\u0441\u0445\u043e\u0434\u044b \u043f\u043e \u0434\u043e\u0441\u0442\u0430\u0432\u043a\u0435 \u043d\u0435\u0441\u0435\u0442 \u043a\u043b\u0438\u0435\u043d\u0442.<\/p><\/blockquote><hr data-start=\"2031\" data-end=\"2034\" \/><h3 data-start=\"2036\" data-end=\"2061\"><strong data-start=\"2040\" data-end=\"2061\">\u041e\u0431\u043c\u0435\u043d\u043d\u044b\u0435 \u043e\u043f\u0435\u0440\u0430\u0446\u0438\u0438<\/strong><\/h3><p data-start=\"2063\" data-end=\"2260\">\u041f\u0440\u043e\u0446\u0435\u0434\u0443\u0440\u0430 \u0432\u043e\u0437\u0432\u0440\u0430\u0442\u0430 \u0442\u043e\u0432\u0430\u0440\u0430 \u0430\u043d\u0430\u043b\u043e\u0433\u0438\u0447\u043d\u0430 \u043f\u0440\u043e\u0446\u0435\u0434\u0443\u0440\u0435 \u043e\u0431\u043c\u0435\u043d\u0430. \u041f\u043e\u0441\u043b\u0435 \u0432\u043e\u0437\u0432\u0440\u0430\u0442\u0430 \u0442\u043e\u0432\u0430\u0440\u0430 \u0432\u044b \u043c\u043e\u0436\u0435\u0442\u0435 \u043e\u0444\u043e\u0440\u043c\u0438\u0442\u044c \u043d\u043e\u0432\u044b\u0439 \u0437\u0430\u043a\u0430\u0437. \u041c\u044b \u043f\u0440\u0438\u043d\u0438\u043c\u0430\u0435\u043c \u0437\u0430\u044f\u0432\u043a\u0438 \u043d\u0430 \u043e\u0431\u043c\u0435\u043d \u0442\u043e\u0432\u0430\u0440\u043e\u0432, \u0438\u043c\u0435\u044e\u0449\u0438\u0445\u0441\u044f \u0432 \u043d\u0430\u043b\u0438\u0447\u0438\u0438.<\/p><hr data-start=\"2262\" data-end=\"2265\" \/><h3 data-start=\"2267\" data-end=\"2294\"><strong data-start=\"2271\" data-end=\"2294\">\u041e\u0431\u0440\u0430\u0442\u043d\u044b\u0439 \u0430\u0434\u0440\u0435\u0441<\/strong><\/h3><p data-start=\"2296\" data-end=\"2445\"><strong data-start=\"2296\" data-end=\"2311\">\u0411\u0443\u0442\u0438\u043a \u00ab\u0420\u0430\u0441\u0441\u0432\u0435\u0442\u00bb<\/strong><br data-start=\"2311\" data-end=\"2314\" \/>\u0420\u0430\u0439\u043e\u043d \u041a\u0430\u0434\u044b\u043f\u0430\u0448\u0430, \u0443\u043b\u0438\u0446\u0430 \u041a\u0435\u043c\u0430\u043b\u044f \u0420\u0435\u0439\u0441\u043e\u0433\u043b\u0443<br data-start=\"2353\" data-end=\"2356\" \/>\u041a\u0432\u0430\u0440\u0442\u0438\u0440\u0430 \u041e\u0436\u0430\u043d \u2116 1<br data-start=\"2376\" data-end=\"2379\" \/>\u0410\u043b\u0430\u043d\u044c\u044f \/ \u0410\u043d\u0442\u0430\u043b\u044c\u044f<br data-start=\"2395\" data-end=\"2398\" \/>\ud83d\udcde +90 (535) 968 31 13<br data-start=\"2420\" data-end=\"2423\" \/>\ud83d\udce9 <a class=\"cursor-pointer\" rel=\"noopener\" data-start=\"2426\" data-end=\"2445\">info@safakbutik.com<\/a><\/p><hr data-start=\"2447\" data-end=\"2450\" \/><h3 data-start=\"2452\" data-end=\"2481\"><strong data-start=\"2456\" data-end=\"2479\">\u0415\u0441\u0442\u044c \u0432\u043e\u043f\u0440\u043e\u0441\u044b?<\/strong><\/h3><p data-start=\"2482\" data-end=\"2650\">\u0412\u044b \u043c\u043e\u0436\u0435\u0442\u0435 \u043e\u0431\u0440\u0430\u0442\u0438\u0442\u044c\u0441\u044f \u043a \u043d\u0430\u043c \u0441 \u043b\u044e\u0431\u044b\u043c\u0438 \u0432\u043e\u043f\u0440\u043e\u0441\u0430\u043c\u0438 \u0438\u043b\u0438 \u0437\u0430\u043f\u0440\u043e\u0441\u0430\u043c\u0438 \u043f\u043e\u0434\u0434\u0435\u0440\u0436\u043a\u0438. \u0412 \u015eafak Boutique \u043c\u044b \u0441\u0442\u0440\u0435\u043c\u0438\u043c\u0441\u044f \u043e\u0431\u0435\u0441\u043f\u0435\u0447\u0438\u0442\u044c \u0431\u0435\u0437\u043e\u043f\u0430\u0441\u043d\u044b\u0439, \u043f\u0440\u043e\u0437\u0440\u0430\u0447\u043d\u044b\u0439 \u0438 \u043f\u0440\u0438\u044f\u0442\u043d\u044b\u0439 \u0448\u043e\u043f\u0438\u043d\u0433.<\/p>\n\t\t\t\t\t<\/div>\n\t\t\t\t\t\t<\/div>\n\t\t\t\t<\/div>\n\t\t\t\t<\/div>\n\t\t\t\t\t<\/div>\n\t\t\t\t<\/div>\n\t\t\t\t<\/div>","protected":false},"excerpt":{"rendered":"<p>\u0130ptal ve \u0130ade Politikas\u0131 Sipari\u015f \u0130ptali Sipari\u015finiz, \u00f6deme tamamland\u0131ktan k\u0131sa bir s\u00fcre sonra i\u015fleme al\u0131nmaktad\u0131r.Kargoya verilmemi\u015f sipari\u015flerde iptal talebinde bulunmak<\/p>","protected":false},"author":1,"featured_media":0,"parent":0,"menu_order":0,"comment_status":"closed","ping_status":"closed","template":"","meta":{"_joinchat":[],"footnotes":""},"class_list":["post-14","page","type-page","status-publish","hentry"],"yoast_head":"<!-- This site is optimized with the Yoast SEO plugin v25.4 - https:\/\/yoast.com\/wordpress\/plugins\/seo\/ -->\n<title>\u0130ptal ve \u0130ade Politikam\u0131z - \u015eafak Butik<\/title>\n<meta name=\"robots\" content=\"index, follow, max-snippet:-1, max-image-preview:large, max-video-preview:-1\" \/>\n<link rel=\"canonical\" href=\"https:\/\/safakbutik.com\/ru\/iptal-ve-iade-politikamiz\/\" \/>\n<meta property=\"og:locale\" content=\"ru_RU\" \/>\n<meta property=\"og:type\" content=\"article\" \/>\n<meta property=\"og:title\" content=\"\u0130ptal ve \u0130ade Politikam\u0131z - \u015eafak Butik\" \/>\n<meta property=\"og:description\" content=\"\u0130ptal ve \u0130ade Politikas\u0131 Sipari\u015f \u0130ptali Sipari\u015finiz, \u00f6deme tamamland\u0131ktan k\u0131sa bir s\u00fcre sonra i\u015fleme al\u0131nmaktad\u0131r.Kargoya verilmemi\u015f sipari\u015flerde iptal talebinde bulunmak\" \/>\n<meta property=\"og:url\" content=\"https:\/\/safakbutik.com\/ru\/iptal-ve-iade-politikamiz\/\" \/>\n<meta property=\"og:site_name\" content=\"\u015eafak Butik\" \/>\n<meta property=\"article:modified_time\" content=\"2025-07-15T00:04:15+00:00\" \/>\n<meta name=\"twitter:card\" content=\"summary_large_image\" \/>\n<meta name=\"twitter:label1\" content=\"\u041f\u0440\u0438\u043c\u0435\u0440\u043d\u043e\u0435 \u0432\u0440\u0435\u043c\u044f \u0434\u043b\u044f \u0447\u0442\u0435\u043d\u0438\u044f\" \/>\n\t<meta name=\"twitter:data1\" content=\"2 \u043c\u0438\u043d\u0443\u0442\u044b\" \/>\n<script type=\"application\/ld+json\" class=\"yoast-schema-graph\">{\"@context\":\"https:\/\/schema.org\",\"@graph\":[{\"@type\":\"WebPage\",\"@id\":\"https:\/\/safakbutik.com\/iptal-ve-iade-politikamiz\/\",\"url\":\"https:\/\/safakbutik.com\/iptal-ve-iade-politikamiz\/\",\"name\":\"\u0130ptal ve \u0130ade Politikam\u0131z - \u015eafak Butik\",\"isPartOf\":{\"@id\":\"https:\/\/safakbutik.com\/#website\"},\"datePublished\":\"2025-07-14T20:52:41+00:00\",\"dateModified\":\"2025-07-15T00:04:15+00:00\",\"breadcrumb\":{\"@id\":\"https:\/\/safakbutik.com\/iptal-ve-iade-politikamiz\/#breadcrumb\"},\"inLanguage\":\"ru-RU\",\"potentialAction\":[{\"@type\":\"ReadAction\",\"target\":[\"https:\/\/safakbutik.com\/iptal-ve-iade-politikamiz\/\"]}]},{\"@type\":\"BreadcrumbList\",\"@id\":\"https:\/\/safakbutik.com\/iptal-ve-iade-politikamiz\/#breadcrumb\",\"itemListElement\":[{\"@type\":\"ListItem\",\"position\":1,\"name\":\"Anasayfa\",\"item\":\"https:\/\/safakbutik.com\/\"},{\"@type\":\"ListItem\",\"position\":2,\"name\":\"\u0130ptal ve \u0130ade Politikam\u0131z\"}]},{\"@type\":\"WebSite\",\"@id\":\"https:\/\/safakbutik.com\/#website\",\"url\":\"https:\/\/safakbutik.com\/\",\"name\":\"\u015eafak Butik\",\"description\":\"\u015eafak Butik\",\"potentialAction\":[{\"@type\":\"SearchAction\",\"target\":{\"@type\":\"EntryPoint\",\"urlTemplate\":\"https:\/\/safakbutik.com\/?s={search_term_string}\"},\"query-input\":{\"@type\":\"PropertyValueSpecification\",\"valueRequired\":true,\"valueName\":\"search_term_string\"}}],\"inLanguage\":\"ru-RU\"}]}<\/script>\n<!-- \/ Yoast SEO plugin. -->","yoast_head_json":{"title":"\u0130ptal ve \u0130ade Politikam\u0131z - \u015eafak Butik","robots":{"index":"index","follow":"follow","max-snippet":"max-snippet:-1","max-image-preview":"max-image-preview:large","max-video-preview":"max-video-preview:-1"},"canonical":"https:\/\/safakbutik.com\/ru\/iptal-ve-iade-politikamiz\/","og_locale":"ru_RU","og_type":"article","og_title":"\u0130ptal ve \u0130ade Politikam\u0131z - \u015eafak Butik","og_description":"\u0130ptal ve \u0130ade Politikas\u0131 Sipari\u015f \u0130ptali Sipari\u015finiz, \u00f6deme tamamland\u0131ktan k\u0131sa bir s\u00fcre sonra i\u015fleme al\u0131nmaktad\u0131r.Kargoya verilmemi\u015f sipari\u015flerde iptal talebinde bulunmak","og_url":"https:\/\/safakbutik.com\/ru\/iptal-ve-iade-politikamiz\/","og_site_name":"\u015eafak Butik","article_modified_time":"2025-07-15T00:04:15+00:00","twitter_card":"summary_large_image","twitter_misc":{"\u041f\u0440\u0438\u043c\u0435\u0440\u043d\u043e\u0435 \u0432\u0440\u0435\u043c\u044f \u0434\u043b\u044f \u0447\u0442\u0435\u043d\u0438\u044f":"2 \u043c\u0438\u043d\u0443\u0442\u044b"},"schema":{"@context":"https:\/\/schema.org","@graph":[{"@type":"WebPage","@id":"https:\/\/safakbutik.com\/iptal-ve-iade-politikamiz\/","url":"https:\/\/safakbutik.com\/iptal-ve-iade-politikamiz\/","name":"\u0130ptal ve \u0130ade Politikam\u0131z - \u015eafak Butik","isPartOf":{"@id":"https:\/\/safakbutik.com\/#website"},"datePublished":"2025-07-14T20:52:41+00:00","dateModified":"2025-07-15T00:04:15+00:00","breadcrumb":{"@id":"https:\/\/safakbutik.com\/iptal-ve-iade-politikamiz\/#breadcrumb"},"inLanguage":"ru-RU","potentialAction":[{"@type":"ReadAction","target":["https:\/\/safakbutik.com\/iptal-ve-iade-politikamiz\/"]}]},{"@type":"BreadcrumbList","@id":"https:\/\/safakbutik.com\/iptal-ve-iade-politikamiz\/#breadcrumb","itemListElement":[{"@type":"ListItem","position":1,"name":"Anasayfa","item":"https:\/\/safakbutik.com\/"},{"@type":"ListItem","position":2,"name":"\u0130ptal ve \u0130ade Politikam\u0131z"}]},{"@type":"WebSite","@id":"https:\/\/safakbutik.com\/#website","url":"https:\/\/safakbutik.com\/","name":"\u015eafak Butik","description":"\u015eafak Butik","potentialAction":[{"@type":"SearchAction","target":{"@type":"EntryPoint","urlTemplate":"https:\/\/safakbutik.com\/?s={search_term_string}"},"query-input":{"@type":"PropertyValueSpecification","valueRequired":true,"valueName":"search_term_string"}}],"inLanguage":"ru-RU"}]}},"_links":{"self":[{"href":"https:\/\/safakbutik.com\/ru\/wp-json\/wp\/v2\/pages\/14","targetHints":{"allow":["GET"]}}],"collection":[{"href":"https:\/\/safakbutik.com\/ru\/wp-json\/wp\/v2\/pages"}],"about":[{"href":"https:\/\/safakbutik.com\/ru\/wp-json\/wp\/v2\/types\/page"}],"author":[{"embeddable":true,"href":"https:\/\/safakbutik.com\/ru\/wp-json\/wp\/v2\/users\/1"}],"replies":[{"embeddable":true,"href":"https:\/\/safakbutik.com\/ru\/wp-json\/wp\/v2\/comments?post=14"}],"version-history":[{"count":5,"href":"https:\/\/safakbutik.com\/ru\/wp-json\/wp\/v2\/pages\/14\/revisions"}],"predecessor-version":[{"id":28240,"href":"https:\/\/safakbutik.com\/ru\/wp-json\/wp\/v2\/pages\/14\/revisions\/28240"}],"wp:attachment":[{"href":"https:\/\/safakbutik.com\/ru\/wp-json\/wp\/v2\/media?parent=14"}],"curies":[{"name":"wp","href":"https:\/\/api.w.org\/{rel}","templated":true}]}}