{"id":28753,"date":"2025-10-20T13:19:24","date_gmt":"2025-10-20T10:19:24","guid":{"rendered":"https:\/\/safakbutik.com\/?post_type=product&#038;p=28753"},"modified":"2025-10-20T13:19:24","modified_gmt":"2025-10-20T10:19:24","slug":"baglamali-etekli-takim","status":"publish","type":"product","link":"https:\/\/safakbutik.com\/en\/product\/baglamali-etekli-takim\/","title":{"rendered":"Tied Skirt Suit"},"content":{"rendered":"","protected":false},"excerpt":{"rendered":"","protected":false},"featured_media":28754,"comment_status":"open","ping_status":"closed","template":"","meta":{"_joinchat":[]},"product_brand":[146],"product_cat":[96],"product_tag":[139],"class_list":{"0":"post-28753","1":"product","2":"type-product","3":"status-publish","4":"has-post-thumbnail","6":"product_brand-safak-alanya","7":"product_cat-etekli-takimlar","8":"product_tag-etekli-takim","10":"first","11":"instock","12":"shipping-taxable","13":"purchasable","14":"product-type-variable"},"yoast_head":"<!-- This site is optimized with the Yoast SEO plugin v25.4 - https:\/\/yoast.com\/wordpress\/plugins\/seo\/ -->\n<title>Ba\u011flamal\u0131 Etekli Tak\u0131m - \u015eafak Butik<\/title>\n<meta name=\"robots\" content=\"index, follow, max-snippet:-1, max-image-preview:large, max-video-preview:-1\" \/>\n<link rel=\"canonical\" href=\"https:\/\/safakbutik.com\/en\/product\/baglamali-etekli-takim\/\" \/>\n<meta property=\"og:locale\" content=\"en_US\" \/>\n<meta property=\"og:type\" content=\"article\" \/>\n<meta property=\"og:title\" content=\"Ba\u011flamal\u0131 Etekli Tak\u0131m - \u015eafak Butik\" \/>\n<meta property=\"og:url\" content=\"https:\/\/safakbutik.com\/en\/product\/baglamali-etekli-takim\/\" \/>\n<meta property=\"og:site_name\" content=\"\u015eafak Butik\" \/>\n<meta property=\"og:image\" content=\"https:\/\/safakbutik.com\/wp-content\/uploads\/2025\/10\/de93b01d-598d-49e5-88c7-c14c70ad6b63.jpeg\" \/>\n\t<meta property=\"og:image:width\" content=\"1536\" \/>\n\t<meta property=\"og:image:height\" content=\"2048\" \/>\n\t<meta property=\"og:image:type\" content=\"image\/jpeg\" \/>\n<meta name=\"twitter:card\" content=\"summary_large_image\" \/>\n<meta name=\"twitter:label1\" content=\"Est. reading time\" \/>\n\t<meta name=\"twitter:data1\" content=\"1 minute\" \/>\n<script type=\"application\/ld+json\" class=\"yoast-schema-graph\">{\"@context\":\"https:\/\/schema.org\",\"@graph\":[{\"@type\":\"WebPage\",\"@id\":\"https:\/\/safakbutik.com\/urun\/baglamali-etekli-takim\/\",\"url\":\"https:\/\/safakbutik.com\/urun\/baglamali-etekli-takim\/\",\"name\":\"Ba\u011flamal\u0131 Etekli Tak\u0131m - \u015eafak Butik\",\"isPartOf\":{\"@id\":\"https:\/\/safakbutik.com\/#website\"},\"primaryImageOfPage\":{\"@id\":\"https:\/\/safakbutik.com\/urun\/baglamali-etekli-takim\/#primaryimage\"},\"image\":{\"@id\":\"https:\/\/safakbutik.com\/urun\/baglamali-etekli-takim\/#primaryimage\"},\"thumbnailUrl\":\"https:\/\/safakbutik.com\/wp-content\/uploads\/2025\/10\/de93b01d-598d-49e5-88c7-c14c70ad6b63.jpeg\",\"datePublished\":\"2025-10-20T10:19:24+00:00\",\"breadcrumb\":{\"@id\":\"https:\/\/safakbutik.com\/urun\/baglamali-etekli-takim\/#breadcrumb\"},\"inLanguage\":\"en-US\",\"potentialAction\":[{\"@type\":\"ReadAction\",\"target\":[\"https:\/\/safakbutik.com\/urun\/baglamali-etekli-takim\/\"]}]},{\"@type\":\"ImageObject\",\"inLanguage\":\"en-US\",\"@id\":\"https:\/\/safakbutik.com\/urun\/baglamali-etekli-takim\/#primaryimage\",\"url\":\"https:\/\/safakbutik.com\/wp-content\/uploads\/2025\/10\/de93b01d-598d-49e5-88c7-c14c70ad6b63.jpeg\",\"contentUrl\":\"https:\/\/safakbutik.com\/wp-content\/uploads\/2025\/10\/de93b01d-598d-49e5-88c7-c14c70ad6b63.jpeg\",\"width\":1536,\"height\":2048},{\"@type\":\"BreadcrumbList\",\"@id\":\"https:\/\/safakbutik.com\/urun\/baglamali-etekli-takim\/#breadcrumb\",\"itemListElement\":[{\"@type\":\"ListItem\",\"position\":1,\"name\":\"Anasayfa\",\"item\":\"https:\/\/safakbutik.com\/\"},{\"@type\":\"ListItem\",\"position\":2,\"name\":\"Magaza\",\"item\":\"https:\/\/safakbutik.com\/magaza\/\"},{\"@type\":\"ListItem\",\"position\":3,\"name\":\"Ba\u011flamal\u0131 Etekli Tak\u0131m\"}]},{\"@type\":\"WebSite\",\"@id\":\"https:\/\/safakbutik.com\/#website\",\"url\":\"https:\/\/safakbutik.com\/\",\"name\":\"\u015eafak Butik\",\"description\":\"\u015eafak Butik\",\"potentialAction\":[{\"@type\":\"SearchAction\",\"target\":{\"@type\":\"EntryPoint\",\"urlTemplate\":\"https:\/\/safakbutik.com\/?s={search_term_string}\"},\"query-input\":{\"@type\":\"PropertyValueSpecification\",\"valueRequired\":true,\"valueName\":\"search_term_string\"}}],\"inLanguage\":\"en-US\"}]}<\/script>\n<!-- \/ Yoast SEO plugin. -->","yoast_head_json":{"title":"Ba\u011flamal\u0131 Etekli Tak\u0131m - \u015eafak Butik","robots":{"index":"index","follow":"follow","max-snippet":"max-snippet:-1","max-image-preview":"max-image-preview:large","max-video-preview":"max-video-preview:-1"},"canonical":"https:\/\/safakbutik.com\/en\/product\/baglamali-etekli-takim\/","og_locale":"en_US","og_type":"article","og_title":"Ba\u011flamal\u0131 Etekli Tak\u0131m - \u015eafak Butik","og_url":"https:\/\/safakbutik.com\/en\/product\/baglamali-etekli-takim\/","og_site_name":"\u015eafak Butik","og_image":[{"width":1536,"height":2048,"url":"https:\/\/safakbutik.com\/wp-content\/uploads\/2025\/10\/de93b01d-598d-49e5-88c7-c14c70ad6b63.jpeg","type":"image\/jpeg"}],"twitter_card":"summary_large_image","twitter_misc":{"Est. reading time":"1 minute"},"schema":{"@context":"https:\/\/schema.org","@graph":[{"@type":"WebPage","@id":"https:\/\/safakbutik.com\/urun\/baglamali-etekli-takim\/","url":"https:\/\/safakbutik.com\/urun\/baglamali-etekli-takim\/","name":"Ba\u011flamal\u0131 Etekli Tak\u0131m - \u015eafak Butik","isPartOf":{"@id":"https:\/\/safakbutik.com\/#website"},"primaryImageOfPage":{"@id":"https:\/\/safakbutik.com\/urun\/baglamali-etekli-takim\/#primaryimage"},"image":{"@id":"https:\/\/safakbutik.com\/urun\/baglamali-etekli-takim\/#primaryimage"},"thumbnailUrl":"https:\/\/safakbutik.com\/wp-content\/uploads\/2025\/10\/de93b01d-598d-49e5-88c7-c14c70ad6b63.jpeg","datePublished":"2025-10-20T10:19:24+00:00","breadcrumb":{"@id":"https:\/\/safakbutik.com\/urun\/baglamali-etekli-takim\/#breadcrumb"},"inLanguage":"en-US","potentialAction":[{"@type":"ReadAction","target":["https:\/\/safakbutik.com\/urun\/baglamali-etekli-takim\/"]}]},{"@type":"ImageObject","inLanguage":"en-US","@id":"https:\/\/safakbutik.com\/urun\/baglamali-etekli-takim\/#primaryimage","url":"https:\/\/safakbutik.com\/wp-content\/uploads\/2025\/10\/de93b01d-598d-49e5-88c7-c14c70ad6b63.jpeg","contentUrl":"https:\/\/safakbutik.com\/wp-content\/uploads\/2025\/10\/de93b01d-598d-49e5-88c7-c14c70ad6b63.jpeg","width":1536,"height":2048},{"@type":"BreadcrumbList","@id":"https:\/\/safakbutik.com\/urun\/baglamali-etekli-takim\/#breadcrumb","itemListElement":[{"@type":"ListItem","position":1,"name":"Anasayfa","item":"https:\/\/safakbutik.com\/"},{"@type":"ListItem","position":2,"name":"Magaza","item":"https:\/\/safakbutik.com\/magaza\/"},{"@type":"ListItem","position":3,"name":"Ba\u011flamal\u0131 Etekli Tak\u0131m"}]},{"@type":"WebSite","@id":"https:\/\/safakbutik.com\/#website","url":"https:\/\/safakbutik.com\/","name":"\u015eafak Butik","description":"\u015eafak Butik","potentialAction":[{"@type":"SearchAction","target":{"@type":"EntryPoint","urlTemplate":"https:\/\/safakbutik.com\/?s={search_term_string}"},"query-input":{"@type":"PropertyValueSpecification","valueRequired":true,"valueName":"search_term_string"}}],"inLanguage":"en-US"}]}},"_links":{"self":[{"href":"https:\/\/safakbutik.com\/en\/wp-json\/wp\/v2\/product\/28753","targetHints":{"allow":["GET"]}}],"collection":[{"href":"https:\/\/safakbutik.com\/en\/wp-json\/wp\/v2\/product"}],"about":[{"href":"https:\/\/safakbutik.com\/en\/wp-json\/wp\/v2\/types\/product"}],"replies":[{"embeddable":true,"href":"https:\/\/safakbutik.com\/en\/wp-json\/wp\/v2\/comments?post=28753"}],"version-history":[{"count":1,"href":"https:\/\/safakbutik.com\/en\/wp-json\/wp\/v2\/product\/28753\/revisions"}],"predecessor-version":[{"id":28769,"href":"https:\/\/safakbutik.com\/en\/wp-json\/wp\/v2\/product\/28753\/revisions\/28769"}],"wp:featuredmedia":[{"embeddable":true,"href":"https:\/\/safakbutik.com\/en\/wp-json\/wp\/v2\/media\/28754"}],"wp:attachment":[{"href":"https:\/\/safakbutik.com\/en\/wp-json\/wp\/v2\/media?parent=28753"}],"wp:term":[{"taxonomy":"product_brand","embeddable":true,"href":"https:\/\/safakbutik.com\/en\/wp-json\/wp\/v2\/product_brand?post=28753"},{"taxonomy":"product_cat","embeddable":true,"href":"https:\/\/safakbutik.com\/en\/wp-json\/wp\/v2\/product_cat?post=28753"},{"taxonomy":"product_tag","embeddable":true,"href":"https:\/\/safakbutik.com\/en\/wp-json\/wp\/v2\/product_tag?post=28753"}],"curies":[{"name":"wp","href":"https:\/\/api.w.org\/{rel}","templated":true}]}}