{"id":28673,"date":"2025-09-01T16:19:04","date_gmt":"2025-09-01T13:19:04","guid":{"rendered":"https:\/\/safakbutik.com\/?post_type=product&#038;p=28673"},"modified":"2025-09-29T14:14:14","modified_gmt":"2025-09-29T11:14:14","slug":"baglamli-kap-elbise","status":"publish","type":"product","link":"https:\/\/safakbutik.com\/en\/product\/baglamli-kap-elbise\/","title":{"rendered":"tie-dye cape dress"},"content":{"rendered":"<p>This burgundy modest dress, combining elegance and simplicity, will become a must-have in your wardrobe with its modern design. Its button detail and belted design ensure comfort and create an elegant silhouette. Gathered sleeves add a feminine touch, while the lightly flowing fabric makes it ideal for both everyday and special occasion outfits.<br \/>\n\t\u2022 Color: Burgundy<br \/>\n\t\u2022 Collar: Classic collar<br \/>\n\t\u2022 Detail: Buttoned, belted waist<br \/>\n\t\u2022 Sleeve: Elastic and gathered detail<br \/>\n\t\u2022 Area of Use: Suitable for stylish combinations on daily basis, invitations and special occasions.<\/p>","protected":false},"excerpt":{"rendered":"<p>Offering both elegance and simplicity, this burgundy hijab dress will become an indispensable piece in your wardrobe with its modern design. With button details and<\/p>","protected":false},"featured_media":28674,"comment_status":"open","ping_status":"closed","template":"","meta":{"_joinchat":[]},"product_brand":[146],"product_cat":[154],"product_tag":[197],"class_list":{"0":"post-28673","1":"product","2":"type-product","3":"status-publish","4":"has-post-thumbnail","6":"product_brand-safak-alanya","7":"product_cat-kap","8":"product_tag-baglamali-kap","10":"first","11":"instock","12":"shipping-taxable","13":"purchasable","14":"product-type-variable"},"yoast_head":"<!-- This site is optimized with the Yoast SEO plugin v25.4 - https:\/\/yoast.com\/wordpress\/plugins\/seo\/ -->\n<title>ba\u011flaml\u0131 kap elbise - \u015eafak Butik<\/title>\n<meta name=\"robots\" content=\"index, follow, max-snippet:-1, max-image-preview:large, max-video-preview:-1\" \/>\n<link rel=\"canonical\" href=\"https:\/\/safakbutik.com\/en\/product\/baglamli-kap-elbise\/\" \/>\n<meta property=\"og:locale\" content=\"en_US\" \/>\n<meta property=\"og:type\" content=\"article\" \/>\n<meta property=\"og:title\" content=\"ba\u011flaml\u0131 kap elbise - \u015eafak Butik\" \/>\n<meta property=\"og:description\" content=\"\u015e\u0131kl\u0131\u011f\u0131 ve sadeli\u011fi bir arada sunan bu bordo tesett\u00fcr elbise, modern tasar\u0131m\u0131yla dolab\u0131n\u0131z\u0131n vazge\u00e7ilmez par\u00e7alar\u0131ndan biri olacak. D\u00fc\u011fme detayl\u0131 ve\" \/>\n<meta property=\"og:url\" content=\"https:\/\/safakbutik.com\/en\/product\/baglamli-kap-elbise\/\" \/>\n<meta property=\"og:site_name\" content=\"\u015eafak Butik\" \/>\n<meta property=\"article:modified_time\" content=\"2025-09-29T11:14:14+00:00\" \/>\n<meta property=\"og:image\" content=\"https:\/\/safakbutik.com\/wp-content\/uploads\/2025\/09\/IMG_1142-scaled.jpeg\" \/>\n\t<meta property=\"og:image:width\" content=\"1920\" \/>\n\t<meta property=\"og:image:height\" content=\"2560\" \/>\n\t<meta property=\"og:image:type\" content=\"image\/jpeg\" \/>\n<meta name=\"twitter:card\" content=\"summary_large_image\" \/>\n<meta name=\"twitter:label1\" content=\"Est. reading time\" \/>\n\t<meta name=\"twitter:data1\" content=\"1 minute\" \/>\n<script type=\"application\/ld+json\" class=\"yoast-schema-graph\">{\"@context\":\"https:\/\/schema.org\",\"@graph\":[{\"@type\":\"WebPage\",\"@id\":\"https:\/\/safakbutik.com\/urun\/baglamli-kap-elbise\/\",\"url\":\"https:\/\/safakbutik.com\/urun\/baglamli-kap-elbise\/\",\"name\":\"ba\u011flaml\u0131 kap elbise - \u015eafak Butik\",\"isPartOf\":{\"@id\":\"https:\/\/safakbutik.com\/#website\"},\"primaryImageOfPage\":{\"@id\":\"https:\/\/safakbutik.com\/urun\/baglamli-kap-elbise\/#primaryimage\"},\"image\":{\"@id\":\"https:\/\/safakbutik.com\/urun\/baglamli-kap-elbise\/#primaryimage\"},\"thumbnailUrl\":\"https:\/\/safakbutik.com\/wp-content\/uploads\/2025\/09\/IMG_1142-scaled.jpeg\",\"datePublished\":\"2025-09-01T13:19:04+00:00\",\"dateModified\":\"2025-09-29T11:14:14+00:00\",\"breadcrumb\":{\"@id\":\"https:\/\/safakbutik.com\/urun\/baglamli-kap-elbise\/#breadcrumb\"},\"inLanguage\":\"en-US\",\"potentialAction\":[{\"@type\":\"ReadAction\",\"target\":[\"https:\/\/safakbutik.com\/urun\/baglamli-kap-elbise\/\"]}]},{\"@type\":\"ImageObject\",\"inLanguage\":\"en-US\",\"@id\":\"https:\/\/safakbutik.com\/urun\/baglamli-kap-elbise\/#primaryimage\",\"url\":\"https:\/\/safakbutik.com\/wp-content\/uploads\/2025\/09\/IMG_1142-scaled.jpeg\",\"contentUrl\":\"https:\/\/safakbutik.com\/wp-content\/uploads\/2025\/09\/IMG_1142-scaled.jpeg\",\"width\":1920,\"height\":2560},{\"@type\":\"BreadcrumbList\",\"@id\":\"https:\/\/safakbutik.com\/urun\/baglamli-kap-elbise\/#breadcrumb\",\"itemListElement\":[{\"@type\":\"ListItem\",\"position\":1,\"name\":\"Anasayfa\",\"item\":\"https:\/\/safakbutik.com\/\"},{\"@type\":\"ListItem\",\"position\":2,\"name\":\"Magaza\",\"item\":\"https:\/\/safakbutik.com\/magaza\/\"},{\"@type\":\"ListItem\",\"position\":3,\"name\":\"ba\u011flaml\u0131 kap elbise\"}]},{\"@type\":\"WebSite\",\"@id\":\"https:\/\/safakbutik.com\/#website\",\"url\":\"https:\/\/safakbutik.com\/\",\"name\":\"\u015eafak Butik\",\"description\":\"\u015eafak Butik\",\"potentialAction\":[{\"@type\":\"SearchAction\",\"target\":{\"@type\":\"EntryPoint\",\"urlTemplate\":\"https:\/\/safakbutik.com\/?s={search_term_string}\"},\"query-input\":{\"@type\":\"PropertyValueSpecification\",\"valueRequired\":true,\"valueName\":\"search_term_string\"}}],\"inLanguage\":\"en-US\"}]}<\/script>\n<!-- \/ Yoast SEO plugin. -->","yoast_head_json":{"title":"ba\u011flaml\u0131 kap elbise - \u015eafak Butik","robots":{"index":"index","follow":"follow","max-snippet":"max-snippet:-1","max-image-preview":"max-image-preview:large","max-video-preview":"max-video-preview:-1"},"canonical":"https:\/\/safakbutik.com\/en\/product\/baglamli-kap-elbise\/","og_locale":"en_US","og_type":"article","og_title":"ba\u011flaml\u0131 kap elbise - \u015eafak Butik","og_description":"\u015e\u0131kl\u0131\u011f\u0131 ve sadeli\u011fi bir arada sunan bu bordo tesett\u00fcr elbise, modern tasar\u0131m\u0131yla dolab\u0131n\u0131z\u0131n vazge\u00e7ilmez par\u00e7alar\u0131ndan biri olacak. D\u00fc\u011fme detayl\u0131 ve","og_url":"https:\/\/safakbutik.com\/en\/product\/baglamli-kap-elbise\/","og_site_name":"\u015eafak Butik","article_modified_time":"2025-09-29T11:14:14+00:00","og_image":[{"width":1920,"height":2560,"url":"https:\/\/safakbutik.com\/wp-content\/uploads\/2025\/09\/IMG_1142-scaled.jpeg","type":"image\/jpeg"}],"twitter_card":"summary_large_image","twitter_misc":{"Est. reading time":"1 minute"},"schema":{"@context":"https:\/\/schema.org","@graph":[{"@type":"WebPage","@id":"https:\/\/safakbutik.com\/urun\/baglamli-kap-elbise\/","url":"https:\/\/safakbutik.com\/urun\/baglamli-kap-elbise\/","name":"ba\u011flaml\u0131 kap elbise - \u015eafak Butik","isPartOf":{"@id":"https:\/\/safakbutik.com\/#website"},"primaryImageOfPage":{"@id":"https:\/\/safakbutik.com\/urun\/baglamli-kap-elbise\/#primaryimage"},"image":{"@id":"https:\/\/safakbutik.com\/urun\/baglamli-kap-elbise\/#primaryimage"},"thumbnailUrl":"https:\/\/safakbutik.com\/wp-content\/uploads\/2025\/09\/IMG_1142-scaled.jpeg","datePublished":"2025-09-01T13:19:04+00:00","dateModified":"2025-09-29T11:14:14+00:00","breadcrumb":{"@id":"https:\/\/safakbutik.com\/urun\/baglamli-kap-elbise\/#breadcrumb"},"inLanguage":"en-US","potentialAction":[{"@type":"ReadAction","target":["https:\/\/safakbutik.com\/urun\/baglamli-kap-elbise\/"]}]},{"@type":"ImageObject","inLanguage":"en-US","@id":"https:\/\/safakbutik.com\/urun\/baglamli-kap-elbise\/#primaryimage","url":"https:\/\/safakbutik.com\/wp-content\/uploads\/2025\/09\/IMG_1142-scaled.jpeg","contentUrl":"https:\/\/safakbutik.com\/wp-content\/uploads\/2025\/09\/IMG_1142-scaled.jpeg","width":1920,"height":2560},{"@type":"BreadcrumbList","@id":"https:\/\/safakbutik.com\/urun\/baglamli-kap-elbise\/#breadcrumb","itemListElement":[{"@type":"ListItem","position":1,"name":"Anasayfa","item":"https:\/\/safakbutik.com\/"},{"@type":"ListItem","position":2,"name":"Magaza","item":"https:\/\/safakbutik.com\/magaza\/"},{"@type":"ListItem","position":3,"name":"ba\u011flaml\u0131 kap elbise"}]},{"@type":"WebSite","@id":"https:\/\/safakbutik.com\/#website","url":"https:\/\/safakbutik.com\/","name":"\u015eafak Butik","description":"\u015eafak Butik","potentialAction":[{"@type":"SearchAction","target":{"@type":"EntryPoint","urlTemplate":"https:\/\/safakbutik.com\/?s={search_term_string}"},"query-input":{"@type":"PropertyValueSpecification","valueRequired":true,"valueName":"search_term_string"}}],"inLanguage":"en-US"}]}},"_links":{"self":[{"href":"https:\/\/safakbutik.com\/en\/wp-json\/wp\/v2\/product\/28673","targetHints":{"allow":["GET"]}}],"collection":[{"href":"https:\/\/safakbutik.com\/en\/wp-json\/wp\/v2\/product"}],"about":[{"href":"https:\/\/safakbutik.com\/en\/wp-json\/wp\/v2\/types\/product"}],"replies":[{"embeddable":true,"href":"https:\/\/safakbutik.com\/en\/wp-json\/wp\/v2\/comments?post=28673"}],"version-history":[{"count":1,"href":"https:\/\/safakbutik.com\/en\/wp-json\/wp\/v2\/product\/28673\/revisions"}],"predecessor-version":[{"id":28686,"href":"https:\/\/safakbutik.com\/en\/wp-json\/wp\/v2\/product\/28673\/revisions\/28686"}],"wp:featuredmedia":[{"embeddable":true,"href":"https:\/\/safakbutik.com\/en\/wp-json\/wp\/v2\/media\/28674"}],"wp:attachment":[{"href":"https:\/\/safakbutik.com\/en\/wp-json\/wp\/v2\/media?parent=28673"}],"wp:term":[{"taxonomy":"product_brand","embeddable":true,"href":"https:\/\/safakbutik.com\/en\/wp-json\/wp\/v2\/product_brand?post=28673"},{"taxonomy":"product_cat","embeddable":true,"href":"https:\/\/safakbutik.com\/en\/wp-json\/wp\/v2\/product_cat?post=28673"},{"taxonomy":"product_tag","embeddable":true,"href":"https:\/\/safakbutik.com\/en\/wp-json\/wp\/v2\/product_tag?post=28673"}],"curies":[{"name":"wp","href":"https:\/\/api.w.org\/{rel}","templated":true}]}}