{"id":28466,"date":"2025-08-06T17:46:05","date_gmt":"2025-08-06T14:46:05","guid":{"rendered":"https:\/\/safakbutik.com\/?post_type=product&#038;p=28466"},"modified":"2025-08-06T18:02:47","modified_gmt":"2025-08-06T15:02:47","slug":"baglamali-ceket","status":"publish","type":"product","link":"https:\/\/safakbutik.com\/en\/product\/baglamali-ceket\/","title":{"rendered":"Tie-down jacket"},"content":{"rendered":"<p>Brown Zippered Seasonal Jacket<br \/>\nA must-have for modern and understated style: the brown lace-up seasonal jacket! Its thin yet sturdy fabric makes it comfortable for both spring and summer evenings. Its front zipper, adjustable waist, and pocket design make it both stylish and functional. Ideal for adding a sporty and cool touch to your everyday outfits. It pairs perfectly with white trousers!<\/p>\n<p>\ud83d\udcab Product Features:<br \/>\n\t\u2022 Color: Dark brown<br \/>\n\t\u2022 Model: Zippered, adjustable waistband<br \/>\n\t\u2022 Detail: Pocket flap, long sleeves, button-detailed cuffs<br \/>\n\t\u2022 Pattern: Relaxed cut, can be fitted to the waist<br \/>\n\t\u2022 Season: Spring\/Summer<\/p>","protected":false},"excerpt":{"rendered":"<p>Brown Zippered Seasonal Jacket with Lace-Up An essential piece for a modern and simple style: Brown lace-up seasonal jacket! Thanks to its thin but strong fabric<\/p>","protected":false},"featured_media":28475,"comment_status":"open","ping_status":"closed","template":"","meta":{"_joinchat":[]},"product_brand":[146],"product_cat":[175],"product_tag":[178,177,179],"class_list":{"0":"post-28466","1":"product","2":"type-product","3":"status-publish","4":"has-post-thumbnail","6":"product_brand-safak-alanya","7":"product_cat-ceket","8":"product_tag-baglamali-ceket","9":"product_tag-ceket","10":"product_tag-kahverengi-ceket","12":"first","13":"instock","14":"shipping-taxable","15":"purchasable","16":"product-type-variable"},"yoast_head":"<!-- This site is optimized with the Yoast SEO plugin v25.4 - https:\/\/yoast.com\/wordpress\/plugins\/seo\/ -->\n<title>Ba\u011flamal\u0131 ceket - \u015eafak Butik<\/title>\n<meta name=\"description\" content=\"Kahverengi fermuarl\u0131 mevsimlik ceket. Ba\u011fc\u0131kl\u0131 tasar\u0131m\u0131 ve cepli detaylar\u0131yla \u015f\u0131k ve rahat kombinlerin tamamlay\u0131c\u0131s\u0131. G\u00fcnl\u00fck kullan\u0131m i\u00e7in ideal.\" \/>\n<meta name=\"robots\" content=\"index, follow, max-snippet:-1, max-image-preview:large, max-video-preview:-1\" \/>\n<link rel=\"canonical\" href=\"https:\/\/safakbutik.com\/en\/product\/baglamali-ceket\/\" \/>\n<meta property=\"og:locale\" content=\"en_US\" \/>\n<meta property=\"og:type\" content=\"article\" \/>\n<meta property=\"og:title\" content=\"Ba\u011flamal\u0131 ceket - \u015eafak Butik\" \/>\n<meta property=\"og:description\" content=\"Kahverengi fermuarl\u0131 mevsimlik ceket. Ba\u011fc\u0131kl\u0131 tasar\u0131m\u0131 ve cepli detaylar\u0131yla \u015f\u0131k ve rahat kombinlerin tamamlay\u0131c\u0131s\u0131. G\u00fcnl\u00fck kullan\u0131m i\u00e7in ideal.\" \/>\n<meta property=\"og:url\" content=\"https:\/\/safakbutik.com\/en\/product\/baglamali-ceket\/\" \/>\n<meta property=\"og:site_name\" content=\"\u015eafak Butik\" \/>\n<meta property=\"article:modified_time\" content=\"2025-08-06T15:02:47+00:00\" \/>\n<meta property=\"og:image\" content=\"https:\/\/safakbutik.com\/wp-content\/uploads\/2025\/08\/IMG_0914-scaled.jpeg\" \/>\n\t<meta property=\"og:image:width\" content=\"1920\" \/>\n\t<meta property=\"og:image:height\" content=\"2560\" \/>\n\t<meta property=\"og:image:type\" content=\"image\/jpeg\" \/>\n<meta name=\"twitter:card\" content=\"summary_large_image\" \/>\n<meta name=\"twitter:label1\" content=\"Est. reading time\" \/>\n\t<meta name=\"twitter:data1\" content=\"1 minute\" \/>\n<script type=\"application\/ld+json\" class=\"yoast-schema-graph\">{\"@context\":\"https:\/\/schema.org\",\"@graph\":[{\"@type\":\"WebPage\",\"@id\":\"https:\/\/safakbutik.com\/urun\/baglamali-ceket\/\",\"url\":\"https:\/\/safakbutik.com\/urun\/baglamali-ceket\/\",\"name\":\"Ba\u011flamal\u0131 ceket - \u015eafak Butik\",\"isPartOf\":{\"@id\":\"https:\/\/safakbutik.com\/#website\"},\"primaryImageOfPage\":{\"@id\":\"https:\/\/safakbutik.com\/urun\/baglamali-ceket\/#primaryimage\"},\"image\":{\"@id\":\"https:\/\/safakbutik.com\/urun\/baglamali-ceket\/#primaryimage\"},\"thumbnailUrl\":\"https:\/\/safakbutik.com\/wp-content\/uploads\/2025\/08\/IMG_0914-scaled.jpeg\",\"datePublished\":\"2025-08-06T14:46:05+00:00\",\"dateModified\":\"2025-08-06T15:02:47+00:00\",\"description\":\"Kahverengi fermuarl\u0131 mevsimlik ceket. Ba\u011fc\u0131kl\u0131 tasar\u0131m\u0131 ve cepli detaylar\u0131yla \u015f\u0131k ve rahat kombinlerin tamamlay\u0131c\u0131s\u0131. G\u00fcnl\u00fck kullan\u0131m i\u00e7in ideal.\",\"breadcrumb\":{\"@id\":\"https:\/\/safakbutik.com\/urun\/baglamali-ceket\/#breadcrumb\"},\"inLanguage\":\"en-US\",\"potentialAction\":[{\"@type\":\"ReadAction\",\"target\":[\"https:\/\/safakbutik.com\/urun\/baglamali-ceket\/\"]}]},{\"@type\":\"ImageObject\",\"inLanguage\":\"en-US\",\"@id\":\"https:\/\/safakbutik.com\/urun\/baglamali-ceket\/#primaryimage\",\"url\":\"https:\/\/safakbutik.com\/wp-content\/uploads\/2025\/08\/IMG_0914-scaled.jpeg\",\"contentUrl\":\"https:\/\/safakbutik.com\/wp-content\/uploads\/2025\/08\/IMG_0914-scaled.jpeg\",\"width\":1920,\"height\":2560},{\"@type\":\"BreadcrumbList\",\"@id\":\"https:\/\/safakbutik.com\/urun\/baglamali-ceket\/#breadcrumb\",\"itemListElement\":[{\"@type\":\"ListItem\",\"position\":1,\"name\":\"Anasayfa\",\"item\":\"https:\/\/safakbutik.com\/\"},{\"@type\":\"ListItem\",\"position\":2,\"name\":\"Magaza\",\"item\":\"https:\/\/safakbutik.com\/magaza\/\"},{\"@type\":\"ListItem\",\"position\":3,\"name\":\"Ba\u011flamal\u0131 ceket\"}]},{\"@type\":\"WebSite\",\"@id\":\"https:\/\/safakbutik.com\/#website\",\"url\":\"https:\/\/safakbutik.com\/\",\"name\":\"\u015eafak Butik\",\"description\":\"\u015eafak Butik\",\"potentialAction\":[{\"@type\":\"SearchAction\",\"target\":{\"@type\":\"EntryPoint\",\"urlTemplate\":\"https:\/\/safakbutik.com\/?s={search_term_string}\"},\"query-input\":{\"@type\":\"PropertyValueSpecification\",\"valueRequired\":true,\"valueName\":\"search_term_string\"}}],\"inLanguage\":\"en-US\"}]}<\/script>\n<!-- \/ Yoast SEO plugin. -->","yoast_head_json":{"title":"Ba\u011flamal\u0131 ceket - \u015eafak Butik","description":"Kahverengi fermuarl\u0131 mevsimlik ceket. Ba\u011fc\u0131kl\u0131 tasar\u0131m\u0131 ve cepli detaylar\u0131yla \u015f\u0131k ve rahat kombinlerin tamamlay\u0131c\u0131s\u0131. G\u00fcnl\u00fck kullan\u0131m i\u00e7in ideal.","robots":{"index":"index","follow":"follow","max-snippet":"max-snippet:-1","max-image-preview":"max-image-preview:large","max-video-preview":"max-video-preview:-1"},"canonical":"https:\/\/safakbutik.com\/en\/product\/baglamali-ceket\/","og_locale":"en_US","og_type":"article","og_title":"Ba\u011flamal\u0131 ceket - \u015eafak Butik","og_description":"Kahverengi fermuarl\u0131 mevsimlik ceket. Ba\u011fc\u0131kl\u0131 tasar\u0131m\u0131 ve cepli detaylar\u0131yla \u015f\u0131k ve rahat kombinlerin tamamlay\u0131c\u0131s\u0131. G\u00fcnl\u00fck kullan\u0131m i\u00e7in ideal.","og_url":"https:\/\/safakbutik.com\/en\/product\/baglamali-ceket\/","og_site_name":"\u015eafak Butik","article_modified_time":"2025-08-06T15:02:47+00:00","og_image":[{"width":1920,"height":2560,"url":"https:\/\/safakbutik.com\/wp-content\/uploads\/2025\/08\/IMG_0914-scaled.jpeg","type":"image\/jpeg"}],"twitter_card":"summary_large_image","twitter_misc":{"Est. reading time":"1 minute"},"schema":{"@context":"https:\/\/schema.org","@graph":[{"@type":"WebPage","@id":"https:\/\/safakbutik.com\/urun\/baglamali-ceket\/","url":"https:\/\/safakbutik.com\/urun\/baglamali-ceket\/","name":"Ba\u011flamal\u0131 ceket - \u015eafak Butik","isPartOf":{"@id":"https:\/\/safakbutik.com\/#website"},"primaryImageOfPage":{"@id":"https:\/\/safakbutik.com\/urun\/baglamali-ceket\/#primaryimage"},"image":{"@id":"https:\/\/safakbutik.com\/urun\/baglamali-ceket\/#primaryimage"},"thumbnailUrl":"https:\/\/safakbutik.com\/wp-content\/uploads\/2025\/08\/IMG_0914-scaled.jpeg","datePublished":"2025-08-06T14:46:05+00:00","dateModified":"2025-08-06T15:02:47+00:00","description":"Kahverengi fermuarl\u0131 mevsimlik ceket. Ba\u011fc\u0131kl\u0131 tasar\u0131m\u0131 ve cepli detaylar\u0131yla \u015f\u0131k ve rahat kombinlerin tamamlay\u0131c\u0131s\u0131. G\u00fcnl\u00fck kullan\u0131m i\u00e7in ideal.","breadcrumb":{"@id":"https:\/\/safakbutik.com\/urun\/baglamali-ceket\/#breadcrumb"},"inLanguage":"en-US","potentialAction":[{"@type":"ReadAction","target":["https:\/\/safakbutik.com\/urun\/baglamali-ceket\/"]}]},{"@type":"ImageObject","inLanguage":"en-US","@id":"https:\/\/safakbutik.com\/urun\/baglamali-ceket\/#primaryimage","url":"https:\/\/safakbutik.com\/wp-content\/uploads\/2025\/08\/IMG_0914-scaled.jpeg","contentUrl":"https:\/\/safakbutik.com\/wp-content\/uploads\/2025\/08\/IMG_0914-scaled.jpeg","width":1920,"height":2560},{"@type":"BreadcrumbList","@id":"https:\/\/safakbutik.com\/urun\/baglamali-ceket\/#breadcrumb","itemListElement":[{"@type":"ListItem","position":1,"name":"Anasayfa","item":"https:\/\/safakbutik.com\/"},{"@type":"ListItem","position":2,"name":"Magaza","item":"https:\/\/safakbutik.com\/magaza\/"},{"@type":"ListItem","position":3,"name":"Ba\u011flamal\u0131 ceket"}]},{"@type":"WebSite","@id":"https:\/\/safakbutik.com\/#website","url":"https:\/\/safakbutik.com\/","name":"\u015eafak Butik","description":"\u015eafak Butik","potentialAction":[{"@type":"SearchAction","target":{"@type":"EntryPoint","urlTemplate":"https:\/\/safakbutik.com\/?s={search_term_string}"},"query-input":{"@type":"PropertyValueSpecification","valueRequired":true,"valueName":"search_term_string"}}],"inLanguage":"en-US"}]}},"_links":{"self":[{"href":"https:\/\/safakbutik.com\/en\/wp-json\/wp\/v2\/product\/28466","targetHints":{"allow":["GET"]}}],"collection":[{"href":"https:\/\/safakbutik.com\/en\/wp-json\/wp\/v2\/product"}],"about":[{"href":"https:\/\/safakbutik.com\/en\/wp-json\/wp\/v2\/types\/product"}],"replies":[{"embeddable":true,"href":"https:\/\/safakbutik.com\/en\/wp-json\/wp\/v2\/comments?post=28466"}],"version-history":[{"count":1,"href":"https:\/\/safakbutik.com\/en\/wp-json\/wp\/v2\/product\/28466\/revisions"}],"predecessor-version":[{"id":28484,"href":"https:\/\/safakbutik.com\/en\/wp-json\/wp\/v2\/product\/28466\/revisions\/28484"}],"wp:featuredmedia":[{"embeddable":true,"href":"https:\/\/safakbutik.com\/en\/wp-json\/wp\/v2\/media\/28475"}],"wp:attachment":[{"href":"https:\/\/safakbutik.com\/en\/wp-json\/wp\/v2\/media?parent=28466"}],"wp:term":[{"taxonomy":"product_brand","embeddable":true,"href":"https:\/\/safakbutik.com\/en\/wp-json\/wp\/v2\/product_brand?post=28466"},{"taxonomy":"product_cat","embeddable":true,"href":"https:\/\/safakbutik.com\/en\/wp-json\/wp\/v2\/product_cat?post=28466"},{"taxonomy":"product_tag","embeddable":true,"href":"https:\/\/safakbutik.com\/en\/wp-json\/wp\/v2\/product_tag?post=28466"}],"curies":[{"name":"wp","href":"https:\/\/api.w.org\/{rel}","templated":true}]}}