{"id":28375,"date":"2025-07-30T18:07:44","date_gmt":"2025-07-30T15:07:44","guid":{"rendered":"https:\/\/safakbutik.com\/?post_type=product&#038;p=28375"},"modified":"2025-08-06T18:08:21","modified_gmt":"2025-08-06T15:08:21","slug":"ikoll-pantolonlu-takim","status":"publish","type":"product","link":"https:\/\/safakbutik.com\/en\/product\/ikoll-pantolonlu-takim\/","title":{"rendered":"Ikoll trouser suit"},"content":{"rendered":"<p>Offering both comfort and elegance, this two-piece is sure to become a staple in summer and winter outfits with its lightweight and breathable fabric. Its adjustable drawstring waistband ensures a snug fit, while its wooden tassel detailing adds a bohemian touch. Its loose-fit trousers offer all-day comfort, while its minimal elegance complements any outfit.<\/p>\n<p>\u2728 Details:<\/p>\n<ul>\n<li>Fabric: cotton blend lightweight woven<\/li>\n<li>Top: Buttoned, gathered waist, tassel lace-up<\/li>\n<li>Trousers: Relaxed cut, ankle length<\/li>\n<li>Season: Spring \/ Summer \/ Autumn<\/li>\n<li>Combination: Suitable for daily, office, holiday and special occasions<\/li>\n<\/ul>\n<p>\ud83d\udda4 Color: Navy Blue<\/p>\n<p>\ud83d\udccf Size: Standard fit, comfortable form<\/p>","protected":false},"excerpt":{"rendered":"<p>Rahatl\u0131\u011f\u0131 ve \u015f\u0131kl\u0131\u011f\u0131 bir arada sunan bu ikili tak\u0131m, hafif ve nefes alabilen dokusuyla yaz\/k\u0131\u015f kombinlerin vazge\u00e7ilmezi olmaya aday. \u00dcst<\/p>","protected":false},"featured_media":28379,"comment_status":"open","ping_status":"closed","template":"","meta":{"_joinchat":[]},"product_brand":[146],"product_cat":[95],"product_tag":[147,149],"class_list":{"0":"post-28375","1":"product","2":"type-product","3":"status-publish","4":"has-post-thumbnail","6":"product_brand-safak-alanya","7":"product_cat-pantolonlu-takimlar","8":"product_tag-pantolonlu-takim","9":"product_tag-salvarli-takim","11":"first","12":"instock","13":"shipping-taxable","14":"purchasable","15":"product-type-variable"},"yoast_head":"<!-- This site is optimized with the Yoast SEO plugin v25.4 - https:\/\/yoast.com\/wordpress\/plugins\/seo\/ -->\n<title>Ikoll pantolonlu tak\u0131m - \u015eafak Butik<\/title>\n<meta name=\"description\" content=\"Lacivert g\u00f6r\u00fcn\u00fcml\u00fc ikili tak\u0131m \u2013 hafif kuma\u015f\u0131, belden b\u00fczg\u00fcl\u00fc \u00fcst\u00fc ve rahat kesim pantolonu ile \u015f\u0131kl\u0131\u011f\u0131 ve konforu bir arada sunar. G\u00fcnl\u00fck ve \u00f6zel kombinler i\u00e7in ideal.\u201d\" \/>\n<meta name=\"robots\" content=\"index, follow, max-snippet:-1, max-image-preview:large, max-video-preview:-1\" \/>\n<link rel=\"canonical\" href=\"https:\/\/safakbutik.com\/en\/product\/ikoll-pantolonlu-takim\/\" \/>\n<meta property=\"og:locale\" content=\"en_US\" \/>\n<meta property=\"og:type\" content=\"article\" \/>\n<meta property=\"og:title\" content=\"Ikoll pantolonlu tak\u0131m - \u015eafak Butik\" \/>\n<meta property=\"og:description\" content=\"Lacivert g\u00f6r\u00fcn\u00fcml\u00fc ikili tak\u0131m \u2013 hafif kuma\u015f\u0131, belden b\u00fczg\u00fcl\u00fc \u00fcst\u00fc ve rahat kesim pantolonu ile \u015f\u0131kl\u0131\u011f\u0131 ve konforu bir arada sunar. G\u00fcnl\u00fck ve \u00f6zel kombinler i\u00e7in ideal.\u201d\" \/>\n<meta property=\"og:url\" content=\"https:\/\/safakbutik.com\/en\/product\/ikoll-pantolonlu-takim\/\" \/>\n<meta property=\"og:site_name\" content=\"\u015eafak Butik\" \/>\n<meta property=\"article:modified_time\" content=\"2025-08-06T15:08:21+00:00\" \/>\n<meta property=\"og:image\" content=\"https:\/\/safakbutik.com\/wp-content\/uploads\/2025\/07\/IMG_0714-scaled.jpeg\" \/>\n\t<meta property=\"og:image:width\" content=\"1920\" \/>\n\t<meta property=\"og:image:height\" content=\"2560\" \/>\n\t<meta property=\"og:image:type\" content=\"image\/jpeg\" \/>\n<meta name=\"twitter:card\" content=\"summary_large_image\" \/>\n<meta name=\"twitter:label1\" content=\"Est. reading time\" \/>\n\t<meta name=\"twitter:data1\" content=\"1 minute\" \/>\n<script type=\"application\/ld+json\" class=\"yoast-schema-graph\">{\"@context\":\"https:\/\/schema.org\",\"@graph\":[{\"@type\":\"WebPage\",\"@id\":\"https:\/\/safakbutik.com\/urun\/ikoll-pantolonlu-takim\/\",\"url\":\"https:\/\/safakbutik.com\/urun\/ikoll-pantolonlu-takim\/\",\"name\":\"Ikoll pantolonlu tak\u0131m - \u015eafak Butik\",\"isPartOf\":{\"@id\":\"https:\/\/safakbutik.com\/#website\"},\"primaryImageOfPage\":{\"@id\":\"https:\/\/safakbutik.com\/urun\/ikoll-pantolonlu-takim\/#primaryimage\"},\"image\":{\"@id\":\"https:\/\/safakbutik.com\/urun\/ikoll-pantolonlu-takim\/#primaryimage\"},\"thumbnailUrl\":\"https:\/\/safakbutik.com\/wp-content\/uploads\/2025\/07\/IMG_0714-scaled.jpeg\",\"datePublished\":\"2025-07-30T15:07:44+00:00\",\"dateModified\":\"2025-08-06T15:08:21+00:00\",\"description\":\"Lacivert g\u00f6r\u00fcn\u00fcml\u00fc ikili tak\u0131m \u2013 hafif kuma\u015f\u0131, belden b\u00fczg\u00fcl\u00fc \u00fcst\u00fc ve rahat kesim pantolonu ile \u015f\u0131kl\u0131\u011f\u0131 ve konforu bir arada sunar. G\u00fcnl\u00fck ve \u00f6zel kombinler i\u00e7in ideal.\u201d\",\"breadcrumb\":{\"@id\":\"https:\/\/safakbutik.com\/urun\/ikoll-pantolonlu-takim\/#breadcrumb\"},\"inLanguage\":\"en-US\",\"potentialAction\":[{\"@type\":\"ReadAction\",\"target\":[\"https:\/\/safakbutik.com\/urun\/ikoll-pantolonlu-takim\/\"]}]},{\"@type\":\"ImageObject\",\"inLanguage\":\"en-US\",\"@id\":\"https:\/\/safakbutik.com\/urun\/ikoll-pantolonlu-takim\/#primaryimage\",\"url\":\"https:\/\/safakbutik.com\/wp-content\/uploads\/2025\/07\/IMG_0714-scaled.jpeg\",\"contentUrl\":\"https:\/\/safakbutik.com\/wp-content\/uploads\/2025\/07\/IMG_0714-scaled.jpeg\",\"width\":1920,\"height\":2560},{\"@type\":\"BreadcrumbList\",\"@id\":\"https:\/\/safakbutik.com\/urun\/ikoll-pantolonlu-takim\/#breadcrumb\",\"itemListElement\":[{\"@type\":\"ListItem\",\"position\":1,\"name\":\"Anasayfa\",\"item\":\"https:\/\/safakbutik.com\/\"},{\"@type\":\"ListItem\",\"position\":2,\"name\":\"Magaza\",\"item\":\"https:\/\/safakbutik.com\/magaza\/\"},{\"@type\":\"ListItem\",\"position\":3,\"name\":\"Ikoll pantolonlu tak\u0131m\"}]},{\"@type\":\"WebSite\",\"@id\":\"https:\/\/safakbutik.com\/#website\",\"url\":\"https:\/\/safakbutik.com\/\",\"name\":\"\u015eafak Butik\",\"description\":\"\u015eafak Butik\",\"potentialAction\":[{\"@type\":\"SearchAction\",\"target\":{\"@type\":\"EntryPoint\",\"urlTemplate\":\"https:\/\/safakbutik.com\/?s={search_term_string}\"},\"query-input\":{\"@type\":\"PropertyValueSpecification\",\"valueRequired\":true,\"valueName\":\"search_term_string\"}}],\"inLanguage\":\"en-US\"}]}<\/script>\n<!-- \/ Yoast SEO plugin. -->","yoast_head_json":{"title":"Ikoll pantolonlu tak\u0131m - \u015eafak Butik","description":"Lacivert g\u00f6r\u00fcn\u00fcml\u00fc ikili tak\u0131m \u2013 hafif kuma\u015f\u0131, belden b\u00fczg\u00fcl\u00fc \u00fcst\u00fc ve rahat kesim pantolonu ile \u015f\u0131kl\u0131\u011f\u0131 ve konforu bir arada sunar. G\u00fcnl\u00fck ve \u00f6zel kombinler i\u00e7in ideal.\u201d","robots":{"index":"index","follow":"follow","max-snippet":"max-snippet:-1","max-image-preview":"max-image-preview:large","max-video-preview":"max-video-preview:-1"},"canonical":"https:\/\/safakbutik.com\/en\/product\/ikoll-pantolonlu-takim\/","og_locale":"en_US","og_type":"article","og_title":"Ikoll pantolonlu tak\u0131m - \u015eafak Butik","og_description":"Lacivert g\u00f6r\u00fcn\u00fcml\u00fc ikili tak\u0131m \u2013 hafif kuma\u015f\u0131, belden b\u00fczg\u00fcl\u00fc \u00fcst\u00fc ve rahat kesim pantolonu ile \u015f\u0131kl\u0131\u011f\u0131 ve konforu bir arada sunar. G\u00fcnl\u00fck ve \u00f6zel kombinler i\u00e7in ideal.\u201d","og_url":"https:\/\/safakbutik.com\/en\/product\/ikoll-pantolonlu-takim\/","og_site_name":"\u015eafak Butik","article_modified_time":"2025-08-06T15:08:21+00:00","og_image":[{"width":1920,"height":2560,"url":"https:\/\/safakbutik.com\/wp-content\/uploads\/2025\/07\/IMG_0714-scaled.jpeg","type":"image\/jpeg"}],"twitter_card":"summary_large_image","twitter_misc":{"Est. reading time":"1 minute"},"schema":{"@context":"https:\/\/schema.org","@graph":[{"@type":"WebPage","@id":"https:\/\/safakbutik.com\/urun\/ikoll-pantolonlu-takim\/","url":"https:\/\/safakbutik.com\/urun\/ikoll-pantolonlu-takim\/","name":"Ikoll pantolonlu tak\u0131m - \u015eafak Butik","isPartOf":{"@id":"https:\/\/safakbutik.com\/#website"},"primaryImageOfPage":{"@id":"https:\/\/safakbutik.com\/urun\/ikoll-pantolonlu-takim\/#primaryimage"},"image":{"@id":"https:\/\/safakbutik.com\/urun\/ikoll-pantolonlu-takim\/#primaryimage"},"thumbnailUrl":"https:\/\/safakbutik.com\/wp-content\/uploads\/2025\/07\/IMG_0714-scaled.jpeg","datePublished":"2025-07-30T15:07:44+00:00","dateModified":"2025-08-06T15:08:21+00:00","description":"Lacivert g\u00f6r\u00fcn\u00fcml\u00fc ikili tak\u0131m \u2013 hafif kuma\u015f\u0131, belden b\u00fczg\u00fcl\u00fc \u00fcst\u00fc ve rahat kesim pantolonu ile \u015f\u0131kl\u0131\u011f\u0131 ve konforu bir arada sunar. G\u00fcnl\u00fck ve \u00f6zel kombinler i\u00e7in ideal.\u201d","breadcrumb":{"@id":"https:\/\/safakbutik.com\/urun\/ikoll-pantolonlu-takim\/#breadcrumb"},"inLanguage":"en-US","potentialAction":[{"@type":"ReadAction","target":["https:\/\/safakbutik.com\/urun\/ikoll-pantolonlu-takim\/"]}]},{"@type":"ImageObject","inLanguage":"en-US","@id":"https:\/\/safakbutik.com\/urun\/ikoll-pantolonlu-takim\/#primaryimage","url":"https:\/\/safakbutik.com\/wp-content\/uploads\/2025\/07\/IMG_0714-scaled.jpeg","contentUrl":"https:\/\/safakbutik.com\/wp-content\/uploads\/2025\/07\/IMG_0714-scaled.jpeg","width":1920,"height":2560},{"@type":"BreadcrumbList","@id":"https:\/\/safakbutik.com\/urun\/ikoll-pantolonlu-takim\/#breadcrumb","itemListElement":[{"@type":"ListItem","position":1,"name":"Anasayfa","item":"https:\/\/safakbutik.com\/"},{"@type":"ListItem","position":2,"name":"Magaza","item":"https:\/\/safakbutik.com\/magaza\/"},{"@type":"ListItem","position":3,"name":"Ikoll pantolonlu tak\u0131m"}]},{"@type":"WebSite","@id":"https:\/\/safakbutik.com\/#website","url":"https:\/\/safakbutik.com\/","name":"\u015eafak Butik","description":"\u015eafak Butik","potentialAction":[{"@type":"SearchAction","target":{"@type":"EntryPoint","urlTemplate":"https:\/\/safakbutik.com\/?s={search_term_string}"},"query-input":{"@type":"PropertyValueSpecification","valueRequired":true,"valueName":"search_term_string"}}],"inLanguage":"en-US"}]}},"_links":{"self":[{"href":"https:\/\/safakbutik.com\/en\/wp-json\/wp\/v2\/product\/28375","targetHints":{"allow":["GET"]}}],"collection":[{"href":"https:\/\/safakbutik.com\/en\/wp-json\/wp\/v2\/product"}],"about":[{"href":"https:\/\/safakbutik.com\/en\/wp-json\/wp\/v2\/types\/product"}],"replies":[{"embeddable":true,"href":"https:\/\/safakbutik.com\/en\/wp-json\/wp\/v2\/comments?post=28375"}],"version-history":[{"count":1,"href":"https:\/\/safakbutik.com\/en\/wp-json\/wp\/v2\/product\/28375\/revisions"}],"predecessor-version":[{"id":28380,"href":"https:\/\/safakbutik.com\/en\/wp-json\/wp\/v2\/product\/28375\/revisions\/28380"}],"wp:featuredmedia":[{"embeddable":true,"href":"https:\/\/safakbutik.com\/en\/wp-json\/wp\/v2\/media\/28379"}],"wp:attachment":[{"href":"https:\/\/safakbutik.com\/en\/wp-json\/wp\/v2\/media?parent=28375"}],"wp:term":[{"taxonomy":"product_brand","embeddable":true,"href":"https:\/\/safakbutik.com\/en\/wp-json\/wp\/v2\/product_brand?post=28375"},{"taxonomy":"product_cat","embeddable":true,"href":"https:\/\/safakbutik.com\/en\/wp-json\/wp\/v2\/product_cat?post=28375"},{"taxonomy":"product_tag","embeddable":true,"href":"https:\/\/safakbutik.com\/en\/wp-json\/wp\/v2\/product_tag?post=28375"}],"curies":[{"name":"wp","href":"https:\/\/api.w.org\/{rel}","templated":true}]}}