{"id":28366,"date":"2025-07-30T16:57:14","date_gmt":"2025-07-30T13:57:14","guid":{"rendered":"https:\/\/safakbutik.com\/?post_type=product&#038;p=28366"},"modified":"2025-07-30T16:57:14","modified_gmt":"2025-07-30T13:57:14","slug":"pantolonlu-takim","status":"publish","type":"product","link":"https:\/\/safakbutik.com\/en\/product\/pantolonlu-takim\/","title":{"rendered":"Pants suit"},"content":{"rendered":"<p>\ud83c\udf38 Powder Pink Two-Piece Suit \ud83c\udf38<\/p>\n<p>Ideal for both daily use and special occasions with its comfortable pattern and elegant details, this two-piece suit offers comfort with its soft texture.<\/p>\n<p>\u2022 Fabric: Lightweight, breathable cotton\/viscose blend<\/p>\n<p>\u2022 Color: Powder pink<\/p>\n<p>\u2022 Details: Belted top, front button details, wide-leg trousers<\/p>\n<p>\u2022 Style: Comfortable, stylish and modern<\/p>\n<p>\u2022 Area of Use: Daily combinations, invitations, holidays<\/p>","protected":false},"excerpt":{"rendered":"<p>\ud83c\udf38 Pudra Pembe \u0130kili Tak\u0131m \ud83c\udf38 Rahat kal\u0131b\u0131 ve zarif detaylar\u0131yla hem g\u00fcnl\u00fck kullan\u0131m hem de \u00f6zel g\u00fcnler i\u00e7in ideal<\/p>","protected":false},"featured_media":28367,"comment_status":"open","ping_status":"closed","template":"","meta":{"_joinchat":[]},"product_brand":[146],"product_cat":[95],"product_tag":[147,148],"class_list":{"0":"post-28366","1":"product","2":"type-product","3":"status-publish","4":"has-post-thumbnail","6":"product_brand-safak-alanya","7":"product_cat-pantolonlu-takimlar","8":"product_tag-pantolonlu-takim","9":"product_tag-pembe-takim","11":"first","12":"instock","13":"sale","14":"shipping-taxable","15":"purchasable","16":"product-type-simple"},"yoast_head":"<!-- This site is optimized with the Yoast SEO plugin v25.4 - https:\/\/yoast.com\/wordpress\/plugins\/seo\/ -->\n<title>Pantolonlu tak\u0131m - \u015eafak Butik<\/title>\n<meta name=\"description\" content=\"Pudra pembe ikili tak\u0131m: Ku\u015fak detayl\u0131 \u00fcst ve geni\u015f pa\u00e7a pantolonuyla rahat ve \u015f\u0131k tasar\u0131m. G\u00fcnl\u00fck kombinler ve \u00f6zel g\u00fcnler i\u00e7in ideal.\" \/>\n<meta name=\"robots\" content=\"index, follow, max-snippet:-1, max-image-preview:large, max-video-preview:-1\" \/>\n<link rel=\"canonical\" href=\"https:\/\/safakbutik.com\/en\/product\/pantolonlu-takim\/\" \/>\n<meta property=\"og:locale\" content=\"en_US\" \/>\n<meta property=\"og:type\" content=\"article\" \/>\n<meta property=\"og:title\" content=\"Pantolonlu tak\u0131m - \u015eafak Butik\" \/>\n<meta property=\"og:description\" content=\"Pudra pembe ikili tak\u0131m: Ku\u015fak detayl\u0131 \u00fcst ve geni\u015f pa\u00e7a pantolonuyla rahat ve \u015f\u0131k tasar\u0131m. G\u00fcnl\u00fck kombinler ve \u00f6zel g\u00fcnler i\u00e7in ideal.\" \/>\n<meta property=\"og:url\" content=\"https:\/\/safakbutik.com\/en\/product\/pantolonlu-takim\/\" \/>\n<meta property=\"og:site_name\" content=\"\u015eafak Butik\" \/>\n<meta property=\"og:image\" content=\"https:\/\/safakbutik.com\/wp-content\/uploads\/2025\/07\/IMG_0811.jpeg\" \/>\n\t<meta property=\"og:image:width\" content=\"1290\" \/>\n\t<meta property=\"og:image:height\" content=\"1614\" \/>\n\t<meta property=\"og:image:type\" content=\"image\/jpeg\" \/>\n<meta name=\"twitter:card\" content=\"summary_large_image\" \/>\n<meta name=\"twitter:label1\" content=\"Est. reading time\" \/>\n\t<meta name=\"twitter:data1\" content=\"1 minute\" \/>\n<script type=\"application\/ld+json\" class=\"yoast-schema-graph\">{\"@context\":\"https:\/\/schema.org\",\"@graph\":[{\"@type\":\"WebPage\",\"@id\":\"https:\/\/safakbutik.com\/urun\/pantolonlu-takim\/\",\"url\":\"https:\/\/safakbutik.com\/urun\/pantolonlu-takim\/\",\"name\":\"Pantolonlu tak\u0131m - \u015eafak Butik\",\"isPartOf\":{\"@id\":\"https:\/\/safakbutik.com\/#website\"},\"primaryImageOfPage\":{\"@id\":\"https:\/\/safakbutik.com\/urun\/pantolonlu-takim\/#primaryimage\"},\"image\":{\"@id\":\"https:\/\/safakbutik.com\/urun\/pantolonlu-takim\/#primaryimage\"},\"thumbnailUrl\":\"https:\/\/safakbutik.com\/wp-content\/uploads\/2025\/07\/IMG_0811.jpeg\",\"datePublished\":\"2025-07-30T13:57:14+00:00\",\"description\":\"Pudra pembe ikili tak\u0131m: Ku\u015fak detayl\u0131 \u00fcst ve geni\u015f pa\u00e7a pantolonuyla rahat ve \u015f\u0131k tasar\u0131m. G\u00fcnl\u00fck kombinler ve \u00f6zel g\u00fcnler i\u00e7in ideal.\",\"breadcrumb\":{\"@id\":\"https:\/\/safakbutik.com\/urun\/pantolonlu-takim\/#breadcrumb\"},\"inLanguage\":\"en-US\",\"potentialAction\":[{\"@type\":\"ReadAction\",\"target\":[\"https:\/\/safakbutik.com\/urun\/pantolonlu-takim\/\"]}]},{\"@type\":\"ImageObject\",\"inLanguage\":\"en-US\",\"@id\":\"https:\/\/safakbutik.com\/urun\/pantolonlu-takim\/#primaryimage\",\"url\":\"https:\/\/safakbutik.com\/wp-content\/uploads\/2025\/07\/IMG_0811.jpeg\",\"contentUrl\":\"https:\/\/safakbutik.com\/wp-content\/uploads\/2025\/07\/IMG_0811.jpeg\",\"width\":1290,\"height\":1614},{\"@type\":\"BreadcrumbList\",\"@id\":\"https:\/\/safakbutik.com\/urun\/pantolonlu-takim\/#breadcrumb\",\"itemListElement\":[{\"@type\":\"ListItem\",\"position\":1,\"name\":\"Anasayfa\",\"item\":\"https:\/\/safakbutik.com\/\"},{\"@type\":\"ListItem\",\"position\":2,\"name\":\"Magaza\",\"item\":\"https:\/\/safakbutik.com\/magaza\/\"},{\"@type\":\"ListItem\",\"position\":3,\"name\":\"Pantolonlu tak\u0131m\"}]},{\"@type\":\"WebSite\",\"@id\":\"https:\/\/safakbutik.com\/#website\",\"url\":\"https:\/\/safakbutik.com\/\",\"name\":\"\u015eafak Butik\",\"description\":\"\u015eafak Butik\",\"potentialAction\":[{\"@type\":\"SearchAction\",\"target\":{\"@type\":\"EntryPoint\",\"urlTemplate\":\"https:\/\/safakbutik.com\/?s={search_term_string}\"},\"query-input\":{\"@type\":\"PropertyValueSpecification\",\"valueRequired\":true,\"valueName\":\"search_term_string\"}}],\"inLanguage\":\"en-US\"}]}<\/script>\n<!-- \/ Yoast SEO plugin. -->","yoast_head_json":{"title":"Pantolonlu tak\u0131m - \u015eafak Butik","description":"Pudra pembe ikili tak\u0131m: Ku\u015fak detayl\u0131 \u00fcst ve geni\u015f pa\u00e7a pantolonuyla rahat ve \u015f\u0131k tasar\u0131m. G\u00fcnl\u00fck kombinler ve \u00f6zel g\u00fcnler i\u00e7in ideal.","robots":{"index":"index","follow":"follow","max-snippet":"max-snippet:-1","max-image-preview":"max-image-preview:large","max-video-preview":"max-video-preview:-1"},"canonical":"https:\/\/safakbutik.com\/en\/product\/pantolonlu-takim\/","og_locale":"en_US","og_type":"article","og_title":"Pantolonlu tak\u0131m - \u015eafak Butik","og_description":"Pudra pembe ikili tak\u0131m: Ku\u015fak detayl\u0131 \u00fcst ve geni\u015f pa\u00e7a pantolonuyla rahat ve \u015f\u0131k tasar\u0131m. G\u00fcnl\u00fck kombinler ve \u00f6zel g\u00fcnler i\u00e7in ideal.","og_url":"https:\/\/safakbutik.com\/en\/product\/pantolonlu-takim\/","og_site_name":"\u015eafak Butik","og_image":[{"width":1290,"height":1614,"url":"https:\/\/safakbutik.com\/wp-content\/uploads\/2025\/07\/IMG_0811.jpeg","type":"image\/jpeg"}],"twitter_card":"summary_large_image","twitter_misc":{"Est. reading time":"1 minute"},"schema":{"@context":"https:\/\/schema.org","@graph":[{"@type":"WebPage","@id":"https:\/\/safakbutik.com\/urun\/pantolonlu-takim\/","url":"https:\/\/safakbutik.com\/urun\/pantolonlu-takim\/","name":"Pantolonlu tak\u0131m - \u015eafak Butik","isPartOf":{"@id":"https:\/\/safakbutik.com\/#website"},"primaryImageOfPage":{"@id":"https:\/\/safakbutik.com\/urun\/pantolonlu-takim\/#primaryimage"},"image":{"@id":"https:\/\/safakbutik.com\/urun\/pantolonlu-takim\/#primaryimage"},"thumbnailUrl":"https:\/\/safakbutik.com\/wp-content\/uploads\/2025\/07\/IMG_0811.jpeg","datePublished":"2025-07-30T13:57:14+00:00","description":"Pudra pembe ikili tak\u0131m: Ku\u015fak detayl\u0131 \u00fcst ve geni\u015f pa\u00e7a pantolonuyla rahat ve \u015f\u0131k tasar\u0131m. G\u00fcnl\u00fck kombinler ve \u00f6zel g\u00fcnler i\u00e7in ideal.","breadcrumb":{"@id":"https:\/\/safakbutik.com\/urun\/pantolonlu-takim\/#breadcrumb"},"inLanguage":"en-US","potentialAction":[{"@type":"ReadAction","target":["https:\/\/safakbutik.com\/urun\/pantolonlu-takim\/"]}]},{"@type":"ImageObject","inLanguage":"en-US","@id":"https:\/\/safakbutik.com\/urun\/pantolonlu-takim\/#primaryimage","url":"https:\/\/safakbutik.com\/wp-content\/uploads\/2025\/07\/IMG_0811.jpeg","contentUrl":"https:\/\/safakbutik.com\/wp-content\/uploads\/2025\/07\/IMG_0811.jpeg","width":1290,"height":1614},{"@type":"BreadcrumbList","@id":"https:\/\/safakbutik.com\/urun\/pantolonlu-takim\/#breadcrumb","itemListElement":[{"@type":"ListItem","position":1,"name":"Anasayfa","item":"https:\/\/safakbutik.com\/"},{"@type":"ListItem","position":2,"name":"Magaza","item":"https:\/\/safakbutik.com\/magaza\/"},{"@type":"ListItem","position":3,"name":"Pantolonlu tak\u0131m"}]},{"@type":"WebSite","@id":"https:\/\/safakbutik.com\/#website","url":"https:\/\/safakbutik.com\/","name":"\u015eafak Butik","description":"\u015eafak Butik","potentialAction":[{"@type":"SearchAction","target":{"@type":"EntryPoint","urlTemplate":"https:\/\/safakbutik.com\/?s={search_term_string}"},"query-input":{"@type":"PropertyValueSpecification","valueRequired":true,"valueName":"search_term_string"}}],"inLanguage":"en-US"}]}},"_links":{"self":[{"href":"https:\/\/safakbutik.com\/en\/wp-json\/wp\/v2\/product\/28366","targetHints":{"allow":["GET"]}}],"collection":[{"href":"https:\/\/safakbutik.com\/en\/wp-json\/wp\/v2\/product"}],"about":[{"href":"https:\/\/safakbutik.com\/en\/wp-json\/wp\/v2\/types\/product"}],"replies":[{"embeddable":true,"href":"https:\/\/safakbutik.com\/en\/wp-json\/wp\/v2\/comments?post=28366"}],"version-history":[{"count":1,"href":"https:\/\/safakbutik.com\/en\/wp-json\/wp\/v2\/product\/28366\/revisions"}],"predecessor-version":[{"id":28370,"href":"https:\/\/safakbutik.com\/en\/wp-json\/wp\/v2\/product\/28366\/revisions\/28370"}],"wp:featuredmedia":[{"embeddable":true,"href":"https:\/\/safakbutik.com\/en\/wp-json\/wp\/v2\/media\/28367"}],"wp:attachment":[{"href":"https:\/\/safakbutik.com\/en\/wp-json\/wp\/v2\/media?parent=28366"}],"wp:term":[{"taxonomy":"product_brand","embeddable":true,"href":"https:\/\/safakbutik.com\/en\/wp-json\/wp\/v2\/product_brand?post=28366"},{"taxonomy":"product_cat","embeddable":true,"href":"https:\/\/safakbutik.com\/en\/wp-json\/wp\/v2\/product_cat?post=28366"},{"taxonomy":"product_tag","embeddable":true,"href":"https:\/\/safakbutik.com\/en\/wp-json\/wp\/v2\/product_tag?post=28366"}],"curies":[{"name":"wp","href":"https:\/\/api.w.org\/{rel}","templated":true}]}}