{"id":28330,"date":"2025-07-30T13:26:01","date_gmt":"2025-07-30T10:26:01","guid":{"rendered":"https:\/\/safakbutik.com\/?post_type=product&#038;p=28330"},"modified":"2025-07-30T13:26:02","modified_gmt":"2025-07-30T10:26:02","slug":"etekli-takim","status":"publish","type":"product","link":"https:\/\/safakbutik.com\/en\/product\/etekli-takim\/","title":{"rendered":"skirt suit"},"content":{"rendered":"<ul>\n<li data-start=\"482\" data-end=\"520\">\n<p data-start=\"484\" data-end=\"520\">Consists of a jacket and a high waist skirt<\/p>\n<\/li>\n<li data-start=\"521\" data-end=\"548\">\n<p data-start=\"523\" data-end=\"548\">It is a full mold<\/p>\n<\/li>\n<li data-start=\"599\" data-end=\"625\">\n<p data-start=\"601\" data-end=\"625\">Season: Spring \/ Summer<\/p>\n<\/li>\n<li data-start=\"626\" data-end=\"646\">\n<p data-start=\"628\" data-end=\"646\">Color: Soft pink<\/p>\n<\/li>\n<\/ul>","protected":false},"excerpt":{"rendered":"<p>Ceket ve y\u00fcksek bel etekten olu\u015fur Tam kal\u0131pt\u0131r Mevsim: \u0130lkbahar \/ Yaz Renk: Soft pembe<\/p>","protected":false},"featured_media":28329,"comment_status":"open","ping_status":"closed","template":"","meta":{"_joinchat":[]},"product_brand":[],"product_cat":[96],"product_tag":[140,139,141],"class_list":{"0":"post-28330","1":"product","2":"type-product","3":"status-publish","4":"has-post-thumbnail","6":"product_cat-etekli-takimlar","7":"product_tag-etek","8":"product_tag-etekli-takim","9":"product_tag-gomlek","11":"first","12":"instock","13":"sale","14":"shipping-taxable","15":"purchasable","16":"product-type-variable"},"yoast_head":"<!-- This site is optimized with the Yoast SEO plugin v25.4 - https:\/\/yoast.com\/wordpress\/plugins\/seo\/ -->\n<title>etekli tak\u0131m - \u015eafak Butik<\/title>\n<meta name=\"description\" content=\"Alanya tesett\u00fcr giyim modas\u0131nda zarif etekli tak\u0131m modellerimizle \u015f\u0131kl\u0131\u011f\u0131 ve rahatl\u0131\u011f\u0131 bir arada sunuyoruz. Yeni sezon renkleri ve kaliteli kuma\u015f se\u00e7enekleriyle sizleri bekliyoruz!\" \/>\n<meta name=\"robots\" content=\"index, follow, max-snippet:-1, max-image-preview:large, max-video-preview:-1\" \/>\n<link rel=\"canonical\" href=\"https:\/\/safakbutik.com\/en\/product\/etekli-takim\/\" \/>\n<meta property=\"og:locale\" content=\"en_US\" \/>\n<meta property=\"og:type\" content=\"article\" \/>\n<meta property=\"og:title\" content=\"etekli tak\u0131m - \u015eafak Butik\" \/>\n<meta property=\"og:description\" content=\"Alanya tesett\u00fcr giyim modas\u0131nda zarif etekli tak\u0131m modellerimizle \u015f\u0131kl\u0131\u011f\u0131 ve rahatl\u0131\u011f\u0131 bir arada sunuyoruz. Yeni sezon renkleri ve kaliteli kuma\u015f se\u00e7enekleriyle sizleri bekliyoruz!\" \/>\n<meta property=\"og:url\" content=\"https:\/\/safakbutik.com\/en\/product\/etekli-takim\/\" \/>\n<meta property=\"og:site_name\" content=\"\u015eafak Butik\" \/>\n<meta property=\"article:modified_time\" content=\"2025-07-30T10:26:02+00:00\" \/>\n<meta property=\"og:image\" content=\"https:\/\/safakbutik.com\/wp-content\/uploads\/2025\/07\/83cff84e-db63-4042-9f07-952a037fb6e7.jpg\" \/>\n\t<meta property=\"og:image:width\" content=\"1200\" \/>\n\t<meta property=\"og:image:height\" content=\"1600\" \/>\n\t<meta property=\"og:image:type\" content=\"image\/jpeg\" \/>\n<meta name=\"twitter:card\" content=\"summary_large_image\" \/>\n<meta name=\"twitter:label1\" content=\"Est. reading time\" \/>\n\t<meta name=\"twitter:data1\" content=\"1 minute\" \/>\n<script type=\"application\/ld+json\" class=\"yoast-schema-graph\">{\"@context\":\"https:\/\/schema.org\",\"@graph\":[{\"@type\":\"WebPage\",\"@id\":\"https:\/\/safakbutik.com\/urun\/etekli-takim\/\",\"url\":\"https:\/\/safakbutik.com\/urun\/etekli-takim\/\",\"name\":\"etekli tak\u0131m - \u015eafak Butik\",\"isPartOf\":{\"@id\":\"https:\/\/safakbutik.com\/#website\"},\"primaryImageOfPage\":{\"@id\":\"https:\/\/safakbutik.com\/urun\/etekli-takim\/#primaryimage\"},\"image\":{\"@id\":\"https:\/\/safakbutik.com\/urun\/etekli-takim\/#primaryimage\"},\"thumbnailUrl\":\"https:\/\/safakbutik.com\/wp-content\/uploads\/2025\/07\/83cff84e-db63-4042-9f07-952a037fb6e7.jpg\",\"datePublished\":\"2025-07-30T10:26:01+00:00\",\"dateModified\":\"2025-07-30T10:26:02+00:00\",\"description\":\"Alanya tesett\u00fcr giyim modas\u0131nda zarif etekli tak\u0131m modellerimizle \u015f\u0131kl\u0131\u011f\u0131 ve rahatl\u0131\u011f\u0131 bir arada sunuyoruz. Yeni sezon renkleri ve kaliteli kuma\u015f se\u00e7enekleriyle sizleri bekliyoruz!\",\"breadcrumb\":{\"@id\":\"https:\/\/safakbutik.com\/urun\/etekli-takim\/#breadcrumb\"},\"inLanguage\":\"en-US\",\"potentialAction\":[{\"@type\":\"ReadAction\",\"target\":[\"https:\/\/safakbutik.com\/urun\/etekli-takim\/\"]}]},{\"@type\":\"ImageObject\",\"inLanguage\":\"en-US\",\"@id\":\"https:\/\/safakbutik.com\/urun\/etekli-takim\/#primaryimage\",\"url\":\"https:\/\/safakbutik.com\/wp-content\/uploads\/2025\/07\/83cff84e-db63-4042-9f07-952a037fb6e7.jpg\",\"contentUrl\":\"https:\/\/safakbutik.com\/wp-content\/uploads\/2025\/07\/83cff84e-db63-4042-9f07-952a037fb6e7.jpg\",\"width\":1200,\"height\":1600},{\"@type\":\"BreadcrumbList\",\"@id\":\"https:\/\/safakbutik.com\/urun\/etekli-takim\/#breadcrumb\",\"itemListElement\":[{\"@type\":\"ListItem\",\"position\":1,\"name\":\"Anasayfa\",\"item\":\"https:\/\/safakbutik.com\/\"},{\"@type\":\"ListItem\",\"position\":2,\"name\":\"Magaza\",\"item\":\"https:\/\/safakbutik.com\/magaza\/\"},{\"@type\":\"ListItem\",\"position\":3,\"name\":\"etekli tak\u0131m\"}]},{\"@type\":\"WebSite\",\"@id\":\"https:\/\/safakbutik.com\/#website\",\"url\":\"https:\/\/safakbutik.com\/\",\"name\":\"\u015eafak Butik\",\"description\":\"\u015eafak Butik\",\"potentialAction\":[{\"@type\":\"SearchAction\",\"target\":{\"@type\":\"EntryPoint\",\"urlTemplate\":\"https:\/\/safakbutik.com\/?s={search_term_string}\"},\"query-input\":{\"@type\":\"PropertyValueSpecification\",\"valueRequired\":true,\"valueName\":\"search_term_string\"}}],\"inLanguage\":\"en-US\"}]}<\/script>\n<!-- \/ Yoast SEO plugin. -->","yoast_head_json":{"title":"etekli tak\u0131m - \u015eafak Butik","description":"Alanya tesett\u00fcr giyim modas\u0131nda zarif etekli tak\u0131m modellerimizle \u015f\u0131kl\u0131\u011f\u0131 ve rahatl\u0131\u011f\u0131 bir arada sunuyoruz. Yeni sezon renkleri ve kaliteli kuma\u015f se\u00e7enekleriyle sizleri bekliyoruz!","robots":{"index":"index","follow":"follow","max-snippet":"max-snippet:-1","max-image-preview":"max-image-preview:large","max-video-preview":"max-video-preview:-1"},"canonical":"https:\/\/safakbutik.com\/en\/product\/etekli-takim\/","og_locale":"en_US","og_type":"article","og_title":"etekli tak\u0131m - \u015eafak Butik","og_description":"Alanya tesett\u00fcr giyim modas\u0131nda zarif etekli tak\u0131m modellerimizle \u015f\u0131kl\u0131\u011f\u0131 ve rahatl\u0131\u011f\u0131 bir arada sunuyoruz. Yeni sezon renkleri ve kaliteli kuma\u015f se\u00e7enekleriyle sizleri bekliyoruz!","og_url":"https:\/\/safakbutik.com\/en\/product\/etekli-takim\/","og_site_name":"\u015eafak Butik","article_modified_time":"2025-07-30T10:26:02+00:00","og_image":[{"width":1200,"height":1600,"url":"https:\/\/safakbutik.com\/wp-content\/uploads\/2025\/07\/83cff84e-db63-4042-9f07-952a037fb6e7.jpg","type":"image\/jpeg"}],"twitter_card":"summary_large_image","twitter_misc":{"Est. reading time":"1 minute"},"schema":{"@context":"https:\/\/schema.org","@graph":[{"@type":"WebPage","@id":"https:\/\/safakbutik.com\/urun\/etekli-takim\/","url":"https:\/\/safakbutik.com\/urun\/etekli-takim\/","name":"etekli tak\u0131m - \u015eafak Butik","isPartOf":{"@id":"https:\/\/safakbutik.com\/#website"},"primaryImageOfPage":{"@id":"https:\/\/safakbutik.com\/urun\/etekli-takim\/#primaryimage"},"image":{"@id":"https:\/\/safakbutik.com\/urun\/etekli-takim\/#primaryimage"},"thumbnailUrl":"https:\/\/safakbutik.com\/wp-content\/uploads\/2025\/07\/83cff84e-db63-4042-9f07-952a037fb6e7.jpg","datePublished":"2025-07-30T10:26:01+00:00","dateModified":"2025-07-30T10:26:02+00:00","description":"Alanya tesett\u00fcr giyim modas\u0131nda zarif etekli tak\u0131m modellerimizle \u015f\u0131kl\u0131\u011f\u0131 ve rahatl\u0131\u011f\u0131 bir arada sunuyoruz. Yeni sezon renkleri ve kaliteli kuma\u015f se\u00e7enekleriyle sizleri bekliyoruz!","breadcrumb":{"@id":"https:\/\/safakbutik.com\/urun\/etekli-takim\/#breadcrumb"},"inLanguage":"en-US","potentialAction":[{"@type":"ReadAction","target":["https:\/\/safakbutik.com\/urun\/etekli-takim\/"]}]},{"@type":"ImageObject","inLanguage":"en-US","@id":"https:\/\/safakbutik.com\/urun\/etekli-takim\/#primaryimage","url":"https:\/\/safakbutik.com\/wp-content\/uploads\/2025\/07\/83cff84e-db63-4042-9f07-952a037fb6e7.jpg","contentUrl":"https:\/\/safakbutik.com\/wp-content\/uploads\/2025\/07\/83cff84e-db63-4042-9f07-952a037fb6e7.jpg","width":1200,"height":1600},{"@type":"BreadcrumbList","@id":"https:\/\/safakbutik.com\/urun\/etekli-takim\/#breadcrumb","itemListElement":[{"@type":"ListItem","position":1,"name":"Anasayfa","item":"https:\/\/safakbutik.com\/"},{"@type":"ListItem","position":2,"name":"Magaza","item":"https:\/\/safakbutik.com\/magaza\/"},{"@type":"ListItem","position":3,"name":"etekli tak\u0131m"}]},{"@type":"WebSite","@id":"https:\/\/safakbutik.com\/#website","url":"https:\/\/safakbutik.com\/","name":"\u015eafak Butik","description":"\u015eafak Butik","potentialAction":[{"@type":"SearchAction","target":{"@type":"EntryPoint","urlTemplate":"https:\/\/safakbutik.com\/?s={search_term_string}"},"query-input":{"@type":"PropertyValueSpecification","valueRequired":true,"valueName":"search_term_string"}}],"inLanguage":"en-US"}]}},"_links":{"self":[{"href":"https:\/\/safakbutik.com\/en\/wp-json\/wp\/v2\/product\/28330","targetHints":{"allow":["GET"]}}],"collection":[{"href":"https:\/\/safakbutik.com\/en\/wp-json\/wp\/v2\/product"}],"about":[{"href":"https:\/\/safakbutik.com\/en\/wp-json\/wp\/v2\/types\/product"}],"replies":[{"embeddable":true,"href":"https:\/\/safakbutik.com\/en\/wp-json\/wp\/v2\/comments?post=28330"}],"version-history":[{"count":1,"href":"https:\/\/safakbutik.com\/en\/wp-json\/wp\/v2\/product\/28330\/revisions"}],"predecessor-version":[{"id":28336,"href":"https:\/\/safakbutik.com\/en\/wp-json\/wp\/v2\/product\/28330\/revisions\/28336"}],"wp:featuredmedia":[{"embeddable":true,"href":"https:\/\/safakbutik.com\/en\/wp-json\/wp\/v2\/media\/28329"}],"wp:attachment":[{"href":"https:\/\/safakbutik.com\/en\/wp-json\/wp\/v2\/media?parent=28330"}],"wp:term":[{"taxonomy":"product_brand","embeddable":true,"href":"https:\/\/safakbutik.com\/en\/wp-json\/wp\/v2\/product_brand?post=28330"},{"taxonomy":"product_cat","embeddable":true,"href":"https:\/\/safakbutik.com\/en\/wp-json\/wp\/v2\/product_cat?post=28330"},{"taxonomy":"product_tag","embeddable":true,"href":"https:\/\/safakbutik.com\/en\/wp-json\/wp\/v2\/product_tag?post=28330"}],"curies":[{"name":"wp","href":"https:\/\/api.w.org\/{rel}","templated":true}]}}