{"id":27830,"date":"2025-07-14T23:05:40","date_gmt":"2025-07-14T20:05:40","guid":{"rendered":"https:\/\/safakbutik.com\/?page_id=27830"},"modified":"2025-07-15T03:08:45","modified_gmt":"2025-07-15T00:08:45","slug":"cerez-politikamiz","status":"publish","type":"page","link":"https:\/\/safakbutik.com\/en\/cerez-politikamiz\/","title":{"rendered":"Our Cookie Policy"},"content":{"rendered":"<div data-elementor-type=\"wp-page\" data-elementor-id=\"27830\" class=\"elementor elementor-27830\">\n\t\t\t\t<div class=\"wd-negative-gap elementor-element elementor-element-ba191bf wd-section-stretch e-flex e-con-boxed elementor-invisible e-con e-parent\" data-id=\"ba191bf\" data-element_type=\"container\" data-settings=\"{&quot;background_background&quot;:&quot;classic&quot;,&quot;animation&quot;:&quot;fadeInUp&quot;}\">\n\t\t\t\t\t<div class=\"e-con-inner\">\n\t\t\t\t<div class=\"elementor-element elementor-element-9971789 wd-width-100 elementor-widget elementor-widget-wd_title\" data-id=\"9971789\" data-element_type=\"widget\" data-widget_type=\"wd_title.default\">\n\t\t\t\t<div class=\"elementor-widget-container\">\n\t\t\t\t\t\t\t<div class=\"title-wrapper wd-set-mb reset-last-child wd-title-color-default wd-title-style-default wd-title-size-medium text-center\">\n\n\t\t\t\n\t\t\t<div class=\"liner-continer\">\n\t\t\t\t<h4 class=\"woodmart-title-container title wd-fontsize-xl\">Cookie Policy<br \/>\n<\/h4> \n\t\t\t\t\t\t\t<\/div>\n\n\t\t\t\t\t<\/div>\n\t\t\t\t\t\t<\/div>\n\t\t\t\t<\/div>\n\t\t\t\t\t<\/div>\n\t\t\t\t<\/div>\n\t\t<div class=\"wd-negative-gap elementor-element elementor-element-5dd66ce e-flex e-con-boxed elementor-invisible e-con e-parent\" data-id=\"5dd66ce\" data-element_type=\"container\" data-settings=\"{&quot;animation&quot;:&quot;fadeInUp&quot;}\">\n\t\t\t\t\t<div class=\"e-con-inner\">\n\t\t<div class=\"elementor-element elementor-element-35dccbb e-con-full e-flex e-con e-child\" data-id=\"35dccbb\" data-element_type=\"container\">\n\t\t\t\t<div class=\"elementor-element elementor-element-f1574f3 elementor-widget elementor-widget-wd_text_block\" data-id=\"f1574f3\" data-element_type=\"widget\" data-widget_type=\"wd_text_block.default\">\n\t\t\t\t<div class=\"elementor-widget-container\">\n\t\t\t\t\t\t\t<div class=\"wd-text-block reset-last-child text-left\">\n\t\t\t\n\t\t\t<p data-start=\"267\" data-end=\"509\">This Cookie Policy, <a class=\"\" href=\"https:\/\/safakbutik.com\/en\/\" target=\"_new\" rel=\"noopener\" data-start=\"288\" data-end=\"335\">www.safakbutik.com<\/a> It aims to inform website visitors about the cookies used to improve and personalize their site experience.<\/p><p data-start=\"511\" data-end=\"718\"><strong data-start=\"511\" data-end=\"526\">Dawn Boutique<\/strong> As a company, we attach importance to the privacy of our visitors and the protection of their personal data, in accordance with the law no. 6698. <strong data-start=\"619\" data-end=\"664\">Personal Data Protection Law (KVKK)<\/strong> and we act in accordance with relevant legal regulations.<\/p><hr data-start=\"720\" data-end=\"723\" \/><h3 data-start=\"725\" data-end=\"754\"><strong data-start=\"729\" data-end=\"754\">What is a Cookie?<\/strong><\/h3><p data-start=\"756\" data-end=\"1028\">Cookies are small text files that websites store in your browser to identify users and improve their experience. Cookies help remember your preferences, personalize your user experience, and improve site performance.<\/p><hr data-start=\"1030\" data-end=\"1033\" \/><h3 data-start=\"1035\" data-end=\"1076\"><strong data-start=\"1039\" data-end=\"1076\">What Types of Cookies Do We Use?<\/strong><\/h3><p data-start=\"1078\" data-end=\"1175\"><a class=\"\" href=\"https:\/\/safakbutik.com\/en\/\" target=\"_new\" rel=\"noopener\" data-start=\"1078\" data-end=\"1125\">www.safakbutik.com<\/a> The following types of cookies may be used:<\/p><ul data-start=\"1177\" data-end=\"1898\"><li data-start=\"1177\" data-end=\"1340\"><p data-start=\"1179\" data-end=\"1340\"><strong data-start=\"1179\" data-end=\"1200\">Mandatory Cookies:<\/strong> Cookies are essential for the secure and proper operation of our website. These cookies enable basic functions such as membership, login, and shopping cart tracking.<\/p><\/li><li data-start=\"1341\" data-end=\"1548\"><p data-start=\"1343\" data-end=\"1548\"><strong data-start=\"1343\" data-end=\"1378\">Performance and Analysis Cookies:<\/strong> It allows us to analyse the use of our site. It helps us understand which pages are visited most and which areas need improvement.<\/p><\/li><li data-start=\"1549\" data-end=\"1691\"><p data-start=\"1551\" data-end=\"1691\"><strong data-start=\"1551\" data-end=\"1576\">Functional Cookies:<\/strong> It provides a more personalized experience by remembering user preferences (language, region, product filters, etc.).<\/p><\/li><li data-start=\"1692\" data-end=\"1898\"><p data-start=\"1694\" data-end=\"1898\"><strong data-start=\"1694\" data-end=\"1728\">Advertising and Marketing Cookies:<\/strong> They help us deliver content and campaigns tailored to your interests. Data collected through these cookies may be shared with third-party advertising providers.<\/p><\/li><\/ul><hr data-start=\"1900\" data-end=\"1903\" \/><h3 data-start=\"1905\" data-end=\"1943\"><strong data-start=\"1909\" data-end=\"1943\">For What Purposes Are Cookies Used?<\/strong><\/h3><ul data-start=\"1945\" data-end=\"2225\"><li data-start=\"1945\" data-end=\"1992\"><p data-start=\"1947\" data-end=\"1992\">Ensuring the smooth operation of the website<\/p><\/li><li data-start=\"1993\" data-end=\"2024\"><p data-start=\"1995\" data-end=\"2024\">Improving site performance<\/p><\/li><li data-start=\"2025\" data-end=\"2066\"><p data-start=\"2027\" data-end=\"2066\">Simplifying your shopping experience<\/p><\/li><li data-start=\"2067\" data-end=\"2116\"><p data-start=\"2069\" data-end=\"2116\">Providing content tailored to visitor preferences<\/p><\/li><li data-start=\"2117\" data-end=\"2162\"><p data-start=\"2119\" data-end=\"2162\">Improving advertising and campaign management<\/p><\/li><li data-start=\"2163\" data-end=\"2225\"><p data-start=\"2165\" data-end=\"2225\">Improving service quality by analyzing visitor traffic<\/p><\/li><\/ul><hr data-start=\"2227\" data-end=\"2230\" \/><h3 data-start=\"2232\" data-end=\"2283\"><strong data-start=\"2236\" data-end=\"2283\">How Can I Control Cookie Use?<\/strong><\/h3><p data-start=\"2285\" data-end=\"2524\">You can control, limit, or block cookies at any time by changing your browser settings. However, disabling some cookies may cause some features of our website to stop working.<\/p><p data-start=\"2526\" data-end=\"2607\">You can manage cookie settings via your browser using the links below:<\/p><ul data-start=\"2609\" data-end=\"2804\"><li data-start=\"2609\" data-end=\"2653\"><p data-start=\"2611\" data-end=\"2653\">Google Chrome: chrome:\/\/settings\/cookies<\/p><\/li><li data-start=\"2654\" data-end=\"2700\"><p data-start=\"2656\" data-end=\"2700\">Mozilla Firefox: about:preferences#privacy<\/p><\/li><li data-start=\"2701\" data-end=\"2734\"><p data-start=\"2703\" data-end=\"2734\">Safari: Preferences &gt; Privacy<\/p><\/li><li data-start=\"2735\" data-end=\"2804\"><p data-start=\"2737\" data-end=\"2804\">Microsoft Edge: Settings &gt; Site permissions &gt; Cookies and site data<\/p><\/li><\/ul><hr data-start=\"2806\" data-end=\"2809\" \/><h3 data-start=\"2811\" data-end=\"2847\"><strong data-start=\"2815\" data-end=\"2847\">Your Rights Regarding Cookies<\/strong><\/h3><p data-start=\"2849\" data-end=\"3046\">Within the scope of Article 11 of the KVKK regarding the processing of personal data, you can contact us for any requests, suggestions and complaints regarding your data collected through cookies:<\/p><p data-start=\"3048\" data-end=\"3215\">\ud83d\udce9 <strong data-start=\"3051\" data-end=\"3063\">Email:<\/strong> <a class=\"cursor-pointer\" rel=\"noopener\" data-start=\"3064\" data-end=\"3083\">info@safakbutik.com<\/a><br data-start=\"3083\" data-end=\"3086\" \/>\ud83d\udcde <strong data-start=\"3089\" data-end=\"3101\">Telephone:<\/strong> +90 (535) 968 31 13<br data-start=\"3121\" data-end=\"3124\" \/>\ud83d\udccd <strong data-start=\"3127\" data-end=\"3137\">Address:<\/strong> Kad\u0131pa\u015fa Neighborhood Kemal Reiso\u011flu Street \u00d6zhan Apartment No:1 Alanya \/ Antalya<\/p><hr data-start=\"3217\" data-end=\"3220\" \/><h3 data-start=\"3222\" data-end=\"3243\"><strong data-start=\"3226\" data-end=\"3243\">Updates<\/strong><\/h3><p data-start=\"3245\" data-end=\"3443\">This Cookie Policy may be updated from time to time. The current version is always <a class=\"\" href=\"https:\/\/safakbutik.com\/en\/\" target=\"_new\" rel=\"noopener\" data-start=\"3317\" data-end=\"3364\">www.safakbutik.com<\/a> published on the website. We recommend that you check this page regularly.<\/p>\n\t\t\t\t\t<\/div>\n\t\t\t\t\t\t<\/div>\n\t\t\t\t<\/div>\n\t\t\t\t<\/div>\n\t\t\t\t\t<\/div>\n\t\t\t\t<\/div>\n\t\t\t\t<\/div>","protected":false},"excerpt":{"rendered":"<p>\u00c7erez (Cookie) Politikas\u0131 Bu \u00c7erez Politikas\u0131, www.safakbutik.com web sitesini ziyaret eden kullan\u0131c\u0131lar\u0131n, site deneyimlerinin geli\u015ftirilmesi ve ki\u015fiselle\u015ftirilmesi amac\u0131yla kullan\u0131lan \u00e7erezler<\/p>","protected":false},"author":1,"featured_media":0,"parent":0,"menu_order":0,"comment_status":"closed","ping_status":"closed","template":"elementor_header_footer","meta":{"_joinchat":[],"footnotes":""},"class_list":["post-27830","page","type-page","status-publish","hentry"],"yoast_head":"<!-- This site is optimized with the Yoast SEO plugin v25.4 - https:\/\/yoast.com\/wordpress\/plugins\/seo\/ -->\n<title>\u00c7erez Politikam\u0131z - \u015eafak Butik<\/title>\n<meta name=\"robots\" content=\"index, follow, max-snippet:-1, max-image-preview:large, max-video-preview:-1\" \/>\n<link rel=\"canonical\" href=\"https:\/\/safakbutik.com\/en\/cerez-politikamiz\/\" \/>\n<meta property=\"og:locale\" content=\"en_US\" \/>\n<meta property=\"og:type\" content=\"article\" \/>\n<meta property=\"og:title\" content=\"\u00c7erez Politikam\u0131z - \u015eafak Butik\" \/>\n<meta property=\"og:description\" content=\"\u00c7erez (Cookie) Politikas\u0131 Bu \u00c7erez Politikas\u0131, www.safakbutik.com web sitesini ziyaret eden kullan\u0131c\u0131lar\u0131n, site deneyimlerinin geli\u015ftirilmesi ve ki\u015fiselle\u015ftirilmesi amac\u0131yla kullan\u0131lan \u00e7erezler\" \/>\n<meta property=\"og:url\" content=\"https:\/\/safakbutik.com\/en\/cerez-politikamiz\/\" \/>\n<meta property=\"og:site_name\" content=\"\u015eafak Butik\" \/>\n<meta property=\"article:modified_time\" content=\"2025-07-15T00:08:45+00:00\" \/>\n<meta name=\"twitter:card\" content=\"summary_large_image\" \/>\n<meta name=\"twitter:label1\" content=\"Est. reading time\" \/>\n\t<meta name=\"twitter:data1\" content=\"2 minutes\" \/>\n<script type=\"application\/ld+json\" class=\"yoast-schema-graph\">{\"@context\":\"https:\/\/schema.org\",\"@graph\":[{\"@type\":\"WebPage\",\"@id\":\"https:\/\/safakbutik.com\/cerez-politikamiz\/\",\"url\":\"https:\/\/safakbutik.com\/cerez-politikamiz\/\",\"name\":\"\u00c7erez Politikam\u0131z - \u015eafak Butik\",\"isPartOf\":{\"@id\":\"https:\/\/safakbutik.com\/#website\"},\"datePublished\":\"2025-07-14T20:05:40+00:00\",\"dateModified\":\"2025-07-15T00:08:45+00:00\",\"breadcrumb\":{\"@id\":\"https:\/\/safakbutik.com\/cerez-politikamiz\/#breadcrumb\"},\"inLanguage\":\"en-US\",\"potentialAction\":[{\"@type\":\"ReadAction\",\"target\":[\"https:\/\/safakbutik.com\/cerez-politikamiz\/\"]}]},{\"@type\":\"BreadcrumbList\",\"@id\":\"https:\/\/safakbutik.com\/cerez-politikamiz\/#breadcrumb\",\"itemListElement\":[{\"@type\":\"ListItem\",\"position\":1,\"name\":\"Anasayfa\",\"item\":\"https:\/\/safakbutik.com\/\"},{\"@type\":\"ListItem\",\"position\":2,\"name\":\"\u00c7erez Politikam\u0131z\"}]},{\"@type\":\"WebSite\",\"@id\":\"https:\/\/safakbutik.com\/#website\",\"url\":\"https:\/\/safakbutik.com\/\",\"name\":\"\u015eafak Butik\",\"description\":\"\u015eafak Butik\",\"potentialAction\":[{\"@type\":\"SearchAction\",\"target\":{\"@type\":\"EntryPoint\",\"urlTemplate\":\"https:\/\/safakbutik.com\/?s={search_term_string}\"},\"query-input\":{\"@type\":\"PropertyValueSpecification\",\"valueRequired\":true,\"valueName\":\"search_term_string\"}}],\"inLanguage\":\"en-US\"}]}<\/script>\n<!-- \/ Yoast SEO plugin. -->","yoast_head_json":{"title":"\u00c7erez Politikam\u0131z - \u015eafak Butik","robots":{"index":"index","follow":"follow","max-snippet":"max-snippet:-1","max-image-preview":"max-image-preview:large","max-video-preview":"max-video-preview:-1"},"canonical":"https:\/\/safakbutik.com\/en\/cerez-politikamiz\/","og_locale":"en_US","og_type":"article","og_title":"\u00c7erez Politikam\u0131z - \u015eafak Butik","og_description":"\u00c7erez (Cookie) Politikas\u0131 Bu \u00c7erez Politikas\u0131, www.safakbutik.com web sitesini ziyaret eden kullan\u0131c\u0131lar\u0131n, site deneyimlerinin geli\u015ftirilmesi ve ki\u015fiselle\u015ftirilmesi amac\u0131yla kullan\u0131lan \u00e7erezler","og_url":"https:\/\/safakbutik.com\/en\/cerez-politikamiz\/","og_site_name":"\u015eafak Butik","article_modified_time":"2025-07-15T00:08:45+00:00","twitter_card":"summary_large_image","twitter_misc":{"Est. reading time":"2 minutes"},"schema":{"@context":"https:\/\/schema.org","@graph":[{"@type":"WebPage","@id":"https:\/\/safakbutik.com\/cerez-politikamiz\/","url":"https:\/\/safakbutik.com\/cerez-politikamiz\/","name":"\u00c7erez Politikam\u0131z - \u015eafak Butik","isPartOf":{"@id":"https:\/\/safakbutik.com\/#website"},"datePublished":"2025-07-14T20:05:40+00:00","dateModified":"2025-07-15T00:08:45+00:00","breadcrumb":{"@id":"https:\/\/safakbutik.com\/cerez-politikamiz\/#breadcrumb"},"inLanguage":"en-US","potentialAction":[{"@type":"ReadAction","target":["https:\/\/safakbutik.com\/cerez-politikamiz\/"]}]},{"@type":"BreadcrumbList","@id":"https:\/\/safakbutik.com\/cerez-politikamiz\/#breadcrumb","itemListElement":[{"@type":"ListItem","position":1,"name":"Anasayfa","item":"https:\/\/safakbutik.com\/"},{"@type":"ListItem","position":2,"name":"\u00c7erez Politikam\u0131z"}]},{"@type":"WebSite","@id":"https:\/\/safakbutik.com\/#website","url":"https:\/\/safakbutik.com\/","name":"\u015eafak Butik","description":"\u015eafak Butik","potentialAction":[{"@type":"SearchAction","target":{"@type":"EntryPoint","urlTemplate":"https:\/\/safakbutik.com\/?s={search_term_string}"},"query-input":{"@type":"PropertyValueSpecification","valueRequired":true,"valueName":"search_term_string"}}],"inLanguage":"en-US"}]}},"_links":{"self":[{"href":"https:\/\/safakbutik.com\/en\/wp-json\/wp\/v2\/pages\/27830","targetHints":{"allow":["GET"]}}],"collection":[{"href":"https:\/\/safakbutik.com\/en\/wp-json\/wp\/v2\/pages"}],"about":[{"href":"https:\/\/safakbutik.com\/en\/wp-json\/wp\/v2\/types\/page"}],"author":[{"embeddable":true,"href":"https:\/\/safakbutik.com\/en\/wp-json\/wp\/v2\/users\/1"}],"replies":[{"embeddable":true,"href":"https:\/\/safakbutik.com\/en\/wp-json\/wp\/v2\/comments?post=27830"}],"version-history":[{"count":4,"href":"https:\/\/safakbutik.com\/en\/wp-json\/wp\/v2\/pages\/27830\/revisions"}],"predecessor-version":[{"id":28252,"href":"https:\/\/safakbutik.com\/en\/wp-json\/wp\/v2\/pages\/27830\/revisions\/28252"}],"wp:attachment":[{"href":"https:\/\/safakbutik.com\/en\/wp-json\/wp\/v2\/media?parent=27830"}],"curies":[{"name":"wp","href":"https:\/\/api.w.org\/{rel}","templated":true}]}}