{"id":28774,"date":"2025-11-16T13:58:04","date_gmt":"2025-11-16T10:58:04","guid":{"rendered":"https:\/\/safakbutik.com\/?post_type=product&#038;p=28774"},"modified":"2025-11-16T13:58:05","modified_gmt":"2025-11-16T10:58:05","slug":"angora-hirka","status":"publish","type":"product","link":"https:\/\/safakbutik.com\/de\/produkt\/angora-hirka\/","title":{"rendered":"Angora-Strickjacke"},"content":{"rendered":"<p>Normale Passform. Der Agora Cardigan vereint Eleganz und Komfort und verleiht Ihrem Alltagslook eine moderne Note. Dank des weichen, flie\u00dfenden Materials h\u00e4lt er Sie warm und bietet Ihnen den ganzen Tag \u00fcber optimale Bewegungsfreiheit.<\/p>\n<p>Wichtigste Details:<br \/>\n\t\u2022 Durchgehende Knopfleiste: Angenehm zu tragen und ein zeitloser Look.<br \/>\n\t\u2022 Gro\u00dfz\u00fcgige Taschendetails: Stilvoll und funktional zugleich.<br \/>\n\t\u2022 Lockere Passform: Ein moderner, bequemer Stil, der gut zu dezenten Kleidungskombinationen passt.<br \/>\n\t\u2022 Kapuzendesign: Sorgt f\u00fcr einen sportlich-eleganten Stil.<br \/>\n\t\u2022 Saisonale Textur: Der Star der Herbst-Winter-Outfits.<\/p>\n<p>Diese Strickjacke in edlen Kaffeet\u00f6nen l\u00e4sst sich sowohl im Alltag als auch in eleganten City-Looks vielseitig kombinieren. Sie passt perfekt zu wei\u00dfen Hosen, Sneakers oder Stiefeln.<\/p>\n<p>F\u00fcr einen stilvollen, bequemen und modernen Look ist der Agora Cardigan genau das Richtige f\u00fcr Sie!<\/p>","protected":false},"excerpt":{"rendered":"<p>Normale Passform. Der Agora Cardigan vereint Eleganz und Komfort und verleiht Ihrem Alltagslook eine moderne Note. Weiches, strukturiertes Material.<\/p>","protected":false},"featured_media":28775,"comment_status":"open","ping_status":"closed","template":"","meta":{"_joinchat":[]},"product_brand":[146],"product_cat":[175],"product_tag":[201,200],"class_list":{"0":"post-28774","1":"product","2":"type-product","3":"status-publish","4":"has-post-thumbnail","6":"product_brand-safak-alanya","7":"product_cat-ceket","8":"product_tag-agora","9":"product_tag-hirka","11":"first","12":"instock","13":"shipping-taxable","14":"purchasable","15":"product-type-variable"},"yoast_head":"<!-- This site is optimized with the Yoast SEO plugin v25.4 - https:\/\/yoast.com\/wordpress\/plugins\/seo\/ -->\n<title>Angora h\u0131rka - \u015eafak Butik<\/title>\n<meta name=\"robots\" content=\"index, follow, max-snippet:-1, max-image-preview:large, max-video-preview:-1\" \/>\n<link rel=\"canonical\" href=\"https:\/\/safakbutik.com\/de\/produkt\/angora-hirka\/\" \/>\n<meta property=\"og:locale\" content=\"de_DE\" \/>\n<meta property=\"og:type\" content=\"article\" \/>\n<meta property=\"og:title\" content=\"Angora h\u0131rka - \u015eafak Butik\" \/>\n<meta property=\"og:description\" content=\"!!Standart kal\u0131pt\u0131r. Zarafet ve konforu bir arada sunan Agora H\u0131rka, g\u00fcnl\u00fck \u015f\u0131kl\u0131\u011f\u0131n\u0131za modern bir dokunu\u015f katmak i\u00e7in tasarland\u0131. Yumu\u015fak dokulu,\" \/>\n<meta property=\"og:url\" content=\"https:\/\/safakbutik.com\/de\/produkt\/angora-hirka\/\" \/>\n<meta property=\"og:site_name\" content=\"\u015eafak Butik\" \/>\n<meta property=\"article:modified_time\" content=\"2025-11-16T10:58:05+00:00\" \/>\n<meta property=\"og:image\" content=\"https:\/\/safakbutik.com\/wp-content\/uploads\/2025\/11\/3af0c8a6-6aea-43fe-ad19-de9152c2233c.jpeg\" \/>\n\t<meta property=\"og:image:width\" content=\"1284\" \/>\n\t<meta property=\"og:image:height\" content=\"1529\" \/>\n\t<meta property=\"og:image:type\" content=\"image\/jpeg\" \/>\n<meta name=\"twitter:card\" content=\"summary_large_image\" \/>\n<meta name=\"twitter:label1\" content=\"Gesch\u00e4tzte Lesezeit\" \/>\n\t<meta name=\"twitter:data1\" content=\"1\u00a0Minute\" \/>\n<script type=\"application\/ld+json\" class=\"yoast-schema-graph\">{\"@context\":\"https:\/\/schema.org\",\"@graph\":[{\"@type\":\"WebPage\",\"@id\":\"https:\/\/safakbutik.com\/urun\/angora-hirka\/\",\"url\":\"https:\/\/safakbutik.com\/urun\/angora-hirka\/\",\"name\":\"Angora h\u0131rka - \u015eafak Butik\",\"isPartOf\":{\"@id\":\"https:\/\/safakbutik.com\/#website\"},\"primaryImageOfPage\":{\"@id\":\"https:\/\/safakbutik.com\/urun\/angora-hirka\/#primaryimage\"},\"image\":{\"@id\":\"https:\/\/safakbutik.com\/urun\/angora-hirka\/#primaryimage\"},\"thumbnailUrl\":\"https:\/\/safakbutik.com\/wp-content\/uploads\/2025\/11\/3af0c8a6-6aea-43fe-ad19-de9152c2233c.jpeg\",\"datePublished\":\"2025-11-16T10:58:04+00:00\",\"dateModified\":\"2025-11-16T10:58:05+00:00\",\"breadcrumb\":{\"@id\":\"https:\/\/safakbutik.com\/urun\/angora-hirka\/#breadcrumb\"},\"inLanguage\":\"de\",\"potentialAction\":[{\"@type\":\"ReadAction\",\"target\":[\"https:\/\/safakbutik.com\/urun\/angora-hirka\/\"]}]},{\"@type\":\"ImageObject\",\"inLanguage\":\"de\",\"@id\":\"https:\/\/safakbutik.com\/urun\/angora-hirka\/#primaryimage\",\"url\":\"https:\/\/safakbutik.com\/wp-content\/uploads\/2025\/11\/3af0c8a6-6aea-43fe-ad19-de9152c2233c.jpeg\",\"contentUrl\":\"https:\/\/safakbutik.com\/wp-content\/uploads\/2025\/11\/3af0c8a6-6aea-43fe-ad19-de9152c2233c.jpeg\",\"width\":1284,\"height\":1529},{\"@type\":\"BreadcrumbList\",\"@id\":\"https:\/\/safakbutik.com\/urun\/angora-hirka\/#breadcrumb\",\"itemListElement\":[{\"@type\":\"ListItem\",\"position\":1,\"name\":\"Anasayfa\",\"item\":\"https:\/\/safakbutik.com\/\"},{\"@type\":\"ListItem\",\"position\":2,\"name\":\"Magaza\",\"item\":\"https:\/\/safakbutik.com\/magaza\/\"},{\"@type\":\"ListItem\",\"position\":3,\"name\":\"Angora h\u0131rka\"}]},{\"@type\":\"WebSite\",\"@id\":\"https:\/\/safakbutik.com\/#website\",\"url\":\"https:\/\/safakbutik.com\/\",\"name\":\"\u015eafak Butik\",\"description\":\"\u015eafak Butik\",\"potentialAction\":[{\"@type\":\"SearchAction\",\"target\":{\"@type\":\"EntryPoint\",\"urlTemplate\":\"https:\/\/safakbutik.com\/?s={search_term_string}\"},\"query-input\":{\"@type\":\"PropertyValueSpecification\",\"valueRequired\":true,\"valueName\":\"search_term_string\"}}],\"inLanguage\":\"de\"}]}<\/script>\n<!-- \/ Yoast SEO plugin. -->","yoast_head_json":{"title":"Angora h\u0131rka - \u015eafak Butik","robots":{"index":"index","follow":"follow","max-snippet":"max-snippet:-1","max-image-preview":"max-image-preview:large","max-video-preview":"max-video-preview:-1"},"canonical":"https:\/\/safakbutik.com\/de\/produkt\/angora-hirka\/","og_locale":"de_DE","og_type":"article","og_title":"Angora h\u0131rka - \u015eafak Butik","og_description":"!!Standart kal\u0131pt\u0131r. Zarafet ve konforu bir arada sunan Agora H\u0131rka, g\u00fcnl\u00fck \u015f\u0131kl\u0131\u011f\u0131n\u0131za modern bir dokunu\u015f katmak i\u00e7in tasarland\u0131. Yumu\u015fak dokulu,","og_url":"https:\/\/safakbutik.com\/de\/produkt\/angora-hirka\/","og_site_name":"\u015eafak Butik","article_modified_time":"2025-11-16T10:58:05+00:00","og_image":[{"width":1284,"height":1529,"url":"https:\/\/safakbutik.com\/wp-content\/uploads\/2025\/11\/3af0c8a6-6aea-43fe-ad19-de9152c2233c.jpeg","type":"image\/jpeg"}],"twitter_card":"summary_large_image","twitter_misc":{"Gesch\u00e4tzte Lesezeit":"1\u00a0Minute"},"schema":{"@context":"https:\/\/schema.org","@graph":[{"@type":"WebPage","@id":"https:\/\/safakbutik.com\/urun\/angora-hirka\/","url":"https:\/\/safakbutik.com\/urun\/angora-hirka\/","name":"Angora h\u0131rka - \u015eafak Butik","isPartOf":{"@id":"https:\/\/safakbutik.com\/#website"},"primaryImageOfPage":{"@id":"https:\/\/safakbutik.com\/urun\/angora-hirka\/#primaryimage"},"image":{"@id":"https:\/\/safakbutik.com\/urun\/angora-hirka\/#primaryimage"},"thumbnailUrl":"https:\/\/safakbutik.com\/wp-content\/uploads\/2025\/11\/3af0c8a6-6aea-43fe-ad19-de9152c2233c.jpeg","datePublished":"2025-11-16T10:58:04+00:00","dateModified":"2025-11-16T10:58:05+00:00","breadcrumb":{"@id":"https:\/\/safakbutik.com\/urun\/angora-hirka\/#breadcrumb"},"inLanguage":"de","potentialAction":[{"@type":"ReadAction","target":["https:\/\/safakbutik.com\/urun\/angora-hirka\/"]}]},{"@type":"ImageObject","inLanguage":"de","@id":"https:\/\/safakbutik.com\/urun\/angora-hirka\/#primaryimage","url":"https:\/\/safakbutik.com\/wp-content\/uploads\/2025\/11\/3af0c8a6-6aea-43fe-ad19-de9152c2233c.jpeg","contentUrl":"https:\/\/safakbutik.com\/wp-content\/uploads\/2025\/11\/3af0c8a6-6aea-43fe-ad19-de9152c2233c.jpeg","width":1284,"height":1529},{"@type":"BreadcrumbList","@id":"https:\/\/safakbutik.com\/urun\/angora-hirka\/#breadcrumb","itemListElement":[{"@type":"ListItem","position":1,"name":"Anasayfa","item":"https:\/\/safakbutik.com\/"},{"@type":"ListItem","position":2,"name":"Magaza","item":"https:\/\/safakbutik.com\/magaza\/"},{"@type":"ListItem","position":3,"name":"Angora h\u0131rka"}]},{"@type":"WebSite","@id":"https:\/\/safakbutik.com\/#website","url":"https:\/\/safakbutik.com\/","name":"\u015eafak Butik","description":"\u015eafak Butik","potentialAction":[{"@type":"SearchAction","target":{"@type":"EntryPoint","urlTemplate":"https:\/\/safakbutik.com\/?s={search_term_string}"},"query-input":{"@type":"PropertyValueSpecification","valueRequired":true,"valueName":"search_term_string"}}],"inLanguage":"de"}]}},"_links":{"self":[{"href":"https:\/\/safakbutik.com\/de\/wp-json\/wp\/v2\/product\/28774","targetHints":{"allow":["GET"]}}],"collection":[{"href":"https:\/\/safakbutik.com\/de\/wp-json\/wp\/v2\/product"}],"about":[{"href":"https:\/\/safakbutik.com\/de\/wp-json\/wp\/v2\/types\/product"}],"replies":[{"embeddable":true,"href":"https:\/\/safakbutik.com\/de\/wp-json\/wp\/v2\/comments?post=28774"}],"version-history":[{"count":1,"href":"https:\/\/safakbutik.com\/de\/wp-json\/wp\/v2\/product\/28774\/revisions"}],"predecessor-version":[{"id":28781,"href":"https:\/\/safakbutik.com\/de\/wp-json\/wp\/v2\/product\/28774\/revisions\/28781"}],"wp:featuredmedia":[{"embeddable":true,"href":"https:\/\/safakbutik.com\/de\/wp-json\/wp\/v2\/media\/28775"}],"wp:attachment":[{"href":"https:\/\/safakbutik.com\/de\/wp-json\/wp\/v2\/media?parent=28774"}],"wp:term":[{"taxonomy":"product_brand","embeddable":true,"href":"https:\/\/safakbutik.com\/de\/wp-json\/wp\/v2\/product_brand?post=28774"},{"taxonomy":"product_cat","embeddable":true,"href":"https:\/\/safakbutik.com\/de\/wp-json\/wp\/v2\/product_cat?post=28774"},{"taxonomy":"product_tag","embeddable":true,"href":"https:\/\/safakbutik.com\/de\/wp-json\/wp\/v2\/product_tag?post=28774"}],"curies":[{"name":"wp","href":"https:\/\/api.w.org\/{rel}","templated":true}]}}