{"id":28673,"date":"2025-09-01T16:19:04","date_gmt":"2025-09-01T13:19:04","guid":{"rendered":"https:\/\/safakbutik.com\/?post_type=product&#038;p=28673"},"modified":"2025-09-29T14:14:14","modified_gmt":"2025-09-29T11:14:14","slug":"baglamli-kap-elbise","status":"publish","type":"product","link":"https:\/\/safakbutik.com\/de\/produkt\/baglamli-kap-elbise\/","title":{"rendered":"Cape-Kleid mit Batikmuster"},"content":{"rendered":"<p>Dieses elegante, schlichte, bordeauxrote Kleid mit seinem modernen Design wird schnell zu einem unverzichtbaren Bestandteil Ihrer Garderobe. Die Knopfleiste und der G\u00fcrtel sorgen f\u00fcr hohen Tragekomfort und eine elegante Silhouette. Die Raffung an den \u00c4rmeln verleiht dem Kleid eine feminine Note, w\u00e4hrend der leicht flie\u00dfende Stoff es ideal f\u00fcr Alltag und besondere Anl\u00e4sse macht.<br \/>\n\t\u2022 Farbe: Burgunderrot<br \/>\n\t\u2022 Kragen: Klassischer Kragen<br \/>\n\t\u2022 Details: Gekn\u00f6pft, Tailleng\u00fcrtel<br \/>\n\t\u2022 \u00c4rmel: Elastische und geraffte Details<br \/>\n\t\u2022 Einsatzbereich: Geeignet f\u00fcr stilvolle Outfits f\u00fcr den Alltag, Partys und besondere Anl\u00e4sse.<\/p>","protected":false},"excerpt":{"rendered":"<p>Dieses burgunderfarbene Hijab-Kleid bietet Eleganz und Schlichtheit und wird mit seinem modernen Design zu einem unverzichtbaren Teil Ihrer Garderobe. Mit Knopfdetails und<\/p>","protected":false},"featured_media":28674,"comment_status":"open","ping_status":"closed","template":"","meta":{"_joinchat":[]},"product_brand":[146],"product_cat":[154],"product_tag":[197],"class_list":{"0":"post-28673","1":"product","2":"type-product","3":"status-publish","4":"has-post-thumbnail","6":"product_brand-safak-alanya","7":"product_cat-kap","8":"product_tag-baglamali-kap","10":"first","11":"instock","12":"shipping-taxable","13":"purchasable","14":"product-type-variable"},"yoast_head":"<!-- This site is optimized with the Yoast SEO plugin v25.4 - https:\/\/yoast.com\/wordpress\/plugins\/seo\/ -->\n<title>ba\u011flaml\u0131 kap elbise - \u015eafak Butik<\/title>\n<meta name=\"robots\" content=\"index, follow, max-snippet:-1, max-image-preview:large, max-video-preview:-1\" \/>\n<link rel=\"canonical\" href=\"https:\/\/safakbutik.com\/de\/produkt\/baglamli-kap-elbise\/\" \/>\n<meta property=\"og:locale\" content=\"de_DE\" \/>\n<meta property=\"og:type\" content=\"article\" \/>\n<meta property=\"og:title\" content=\"ba\u011flaml\u0131 kap elbise - \u015eafak Butik\" \/>\n<meta property=\"og:description\" content=\"\u015e\u0131kl\u0131\u011f\u0131 ve sadeli\u011fi bir arada sunan bu bordo tesett\u00fcr elbise, modern tasar\u0131m\u0131yla dolab\u0131n\u0131z\u0131n vazge\u00e7ilmez par\u00e7alar\u0131ndan biri olacak. D\u00fc\u011fme detayl\u0131 ve\" \/>\n<meta property=\"og:url\" content=\"https:\/\/safakbutik.com\/de\/produkt\/baglamli-kap-elbise\/\" \/>\n<meta property=\"og:site_name\" content=\"\u015eafak Butik\" \/>\n<meta property=\"article:modified_time\" content=\"2025-09-29T11:14:14+00:00\" \/>\n<meta property=\"og:image\" content=\"https:\/\/safakbutik.com\/wp-content\/uploads\/2025\/09\/IMG_1142-scaled.jpeg\" \/>\n\t<meta property=\"og:image:width\" content=\"1920\" \/>\n\t<meta property=\"og:image:height\" content=\"2560\" \/>\n\t<meta property=\"og:image:type\" content=\"image\/jpeg\" \/>\n<meta name=\"twitter:card\" content=\"summary_large_image\" \/>\n<meta name=\"twitter:label1\" content=\"Gesch\u00e4tzte Lesezeit\" \/>\n\t<meta name=\"twitter:data1\" content=\"1\u00a0Minute\" \/>\n<script type=\"application\/ld+json\" class=\"yoast-schema-graph\">{\"@context\":\"https:\/\/schema.org\",\"@graph\":[{\"@type\":\"WebPage\",\"@id\":\"https:\/\/safakbutik.com\/urun\/baglamli-kap-elbise\/\",\"url\":\"https:\/\/safakbutik.com\/urun\/baglamli-kap-elbise\/\",\"name\":\"ba\u011flaml\u0131 kap elbise - \u015eafak Butik\",\"isPartOf\":{\"@id\":\"https:\/\/safakbutik.com\/#website\"},\"primaryImageOfPage\":{\"@id\":\"https:\/\/safakbutik.com\/urun\/baglamli-kap-elbise\/#primaryimage\"},\"image\":{\"@id\":\"https:\/\/safakbutik.com\/urun\/baglamli-kap-elbise\/#primaryimage\"},\"thumbnailUrl\":\"https:\/\/safakbutik.com\/wp-content\/uploads\/2025\/09\/IMG_1142-scaled.jpeg\",\"datePublished\":\"2025-09-01T13:19:04+00:00\",\"dateModified\":\"2025-09-29T11:14:14+00:00\",\"breadcrumb\":{\"@id\":\"https:\/\/safakbutik.com\/urun\/baglamli-kap-elbise\/#breadcrumb\"},\"inLanguage\":\"de\",\"potentialAction\":[{\"@type\":\"ReadAction\",\"target\":[\"https:\/\/safakbutik.com\/urun\/baglamli-kap-elbise\/\"]}]},{\"@type\":\"ImageObject\",\"inLanguage\":\"de\",\"@id\":\"https:\/\/safakbutik.com\/urun\/baglamli-kap-elbise\/#primaryimage\",\"url\":\"https:\/\/safakbutik.com\/wp-content\/uploads\/2025\/09\/IMG_1142-scaled.jpeg\",\"contentUrl\":\"https:\/\/safakbutik.com\/wp-content\/uploads\/2025\/09\/IMG_1142-scaled.jpeg\",\"width\":1920,\"height\":2560},{\"@type\":\"BreadcrumbList\",\"@id\":\"https:\/\/safakbutik.com\/urun\/baglamli-kap-elbise\/#breadcrumb\",\"itemListElement\":[{\"@type\":\"ListItem\",\"position\":1,\"name\":\"Anasayfa\",\"item\":\"https:\/\/safakbutik.com\/\"},{\"@type\":\"ListItem\",\"position\":2,\"name\":\"Magaza\",\"item\":\"https:\/\/safakbutik.com\/magaza\/\"},{\"@type\":\"ListItem\",\"position\":3,\"name\":\"ba\u011flaml\u0131 kap elbise\"}]},{\"@type\":\"WebSite\",\"@id\":\"https:\/\/safakbutik.com\/#website\",\"url\":\"https:\/\/safakbutik.com\/\",\"name\":\"\u015eafak Butik\",\"description\":\"\u015eafak Butik\",\"potentialAction\":[{\"@type\":\"SearchAction\",\"target\":{\"@type\":\"EntryPoint\",\"urlTemplate\":\"https:\/\/safakbutik.com\/?s={search_term_string}\"},\"query-input\":{\"@type\":\"PropertyValueSpecification\",\"valueRequired\":true,\"valueName\":\"search_term_string\"}}],\"inLanguage\":\"de\"}]}<\/script>\n<!-- \/ Yoast SEO plugin. -->","yoast_head_json":{"title":"ba\u011flaml\u0131 kap elbise - \u015eafak Butik","robots":{"index":"index","follow":"follow","max-snippet":"max-snippet:-1","max-image-preview":"max-image-preview:large","max-video-preview":"max-video-preview:-1"},"canonical":"https:\/\/safakbutik.com\/de\/produkt\/baglamli-kap-elbise\/","og_locale":"de_DE","og_type":"article","og_title":"ba\u011flaml\u0131 kap elbise - \u015eafak Butik","og_description":"\u015e\u0131kl\u0131\u011f\u0131 ve sadeli\u011fi bir arada sunan bu bordo tesett\u00fcr elbise, modern tasar\u0131m\u0131yla dolab\u0131n\u0131z\u0131n vazge\u00e7ilmez par\u00e7alar\u0131ndan biri olacak. D\u00fc\u011fme detayl\u0131 ve","og_url":"https:\/\/safakbutik.com\/de\/produkt\/baglamli-kap-elbise\/","og_site_name":"\u015eafak Butik","article_modified_time":"2025-09-29T11:14:14+00:00","og_image":[{"width":1920,"height":2560,"url":"https:\/\/safakbutik.com\/wp-content\/uploads\/2025\/09\/IMG_1142-scaled.jpeg","type":"image\/jpeg"}],"twitter_card":"summary_large_image","twitter_misc":{"Gesch\u00e4tzte Lesezeit":"1\u00a0Minute"},"schema":{"@context":"https:\/\/schema.org","@graph":[{"@type":"WebPage","@id":"https:\/\/safakbutik.com\/urun\/baglamli-kap-elbise\/","url":"https:\/\/safakbutik.com\/urun\/baglamli-kap-elbise\/","name":"ba\u011flaml\u0131 kap elbise - \u015eafak Butik","isPartOf":{"@id":"https:\/\/safakbutik.com\/#website"},"primaryImageOfPage":{"@id":"https:\/\/safakbutik.com\/urun\/baglamli-kap-elbise\/#primaryimage"},"image":{"@id":"https:\/\/safakbutik.com\/urun\/baglamli-kap-elbise\/#primaryimage"},"thumbnailUrl":"https:\/\/safakbutik.com\/wp-content\/uploads\/2025\/09\/IMG_1142-scaled.jpeg","datePublished":"2025-09-01T13:19:04+00:00","dateModified":"2025-09-29T11:14:14+00:00","breadcrumb":{"@id":"https:\/\/safakbutik.com\/urun\/baglamli-kap-elbise\/#breadcrumb"},"inLanguage":"de","potentialAction":[{"@type":"ReadAction","target":["https:\/\/safakbutik.com\/urun\/baglamli-kap-elbise\/"]}]},{"@type":"ImageObject","inLanguage":"de","@id":"https:\/\/safakbutik.com\/urun\/baglamli-kap-elbise\/#primaryimage","url":"https:\/\/safakbutik.com\/wp-content\/uploads\/2025\/09\/IMG_1142-scaled.jpeg","contentUrl":"https:\/\/safakbutik.com\/wp-content\/uploads\/2025\/09\/IMG_1142-scaled.jpeg","width":1920,"height":2560},{"@type":"BreadcrumbList","@id":"https:\/\/safakbutik.com\/urun\/baglamli-kap-elbise\/#breadcrumb","itemListElement":[{"@type":"ListItem","position":1,"name":"Anasayfa","item":"https:\/\/safakbutik.com\/"},{"@type":"ListItem","position":2,"name":"Magaza","item":"https:\/\/safakbutik.com\/magaza\/"},{"@type":"ListItem","position":3,"name":"ba\u011flaml\u0131 kap elbise"}]},{"@type":"WebSite","@id":"https:\/\/safakbutik.com\/#website","url":"https:\/\/safakbutik.com\/","name":"\u015eafak Butik","description":"\u015eafak Butik","potentialAction":[{"@type":"SearchAction","target":{"@type":"EntryPoint","urlTemplate":"https:\/\/safakbutik.com\/?s={search_term_string}"},"query-input":{"@type":"PropertyValueSpecification","valueRequired":true,"valueName":"search_term_string"}}],"inLanguage":"de"}]}},"_links":{"self":[{"href":"https:\/\/safakbutik.com\/de\/wp-json\/wp\/v2\/product\/28673","targetHints":{"allow":["GET"]}}],"collection":[{"href":"https:\/\/safakbutik.com\/de\/wp-json\/wp\/v2\/product"}],"about":[{"href":"https:\/\/safakbutik.com\/de\/wp-json\/wp\/v2\/types\/product"}],"replies":[{"embeddable":true,"href":"https:\/\/safakbutik.com\/de\/wp-json\/wp\/v2\/comments?post=28673"}],"version-history":[{"count":1,"href":"https:\/\/safakbutik.com\/de\/wp-json\/wp\/v2\/product\/28673\/revisions"}],"predecessor-version":[{"id":28686,"href":"https:\/\/safakbutik.com\/de\/wp-json\/wp\/v2\/product\/28673\/revisions\/28686"}],"wp:featuredmedia":[{"embeddable":true,"href":"https:\/\/safakbutik.com\/de\/wp-json\/wp\/v2\/media\/28674"}],"wp:attachment":[{"href":"https:\/\/safakbutik.com\/de\/wp-json\/wp\/v2\/media?parent=28673"}],"wp:term":[{"taxonomy":"product_brand","embeddable":true,"href":"https:\/\/safakbutik.com\/de\/wp-json\/wp\/v2\/product_brand?post=28673"},{"taxonomy":"product_cat","embeddable":true,"href":"https:\/\/safakbutik.com\/de\/wp-json\/wp\/v2\/product_cat?post=28673"},{"taxonomy":"product_tag","embeddable":true,"href":"https:\/\/safakbutik.com\/de\/wp-json\/wp\/v2\/product_tag?post=28673"}],"curies":[{"name":"wp","href":"https:\/\/api.w.org\/{rel}","templated":true}]}}