{"id":28588,"date":"2025-08-19T16:36:07","date_gmt":"2025-08-19T13:36:07","guid":{"rendered":"https:\/\/safakbutik.com\/?post_type=product&#038;p=28588"},"modified":"2025-08-19T16:36:08","modified_gmt":"2025-08-19T13:36:08","slug":"muslin-takim","status":"publish","type":"product","link":"https:\/\/safakbutik.com\/de\/produkt\/muslin-takim\/","title":{"rendered":"Musselinanzug"},"content":{"rendered":"<p>Dieser Musselinanzug vereint Eleganz und Komfort und bietet dank seiner leichten, atmungsaktiven Textur ganzt\u00e4gigen Tragekomfort. Nat\u00fcrlich hautfreundlich, h\u00e4lt Musselin Sie im Sommer und Fr\u00fchling k\u00fchl, w\u00e4hrend sein elegantes Aussehen jede Umgebung erg\u00e4nzt.<\/p>\n<p>Der Anzug besteht aus einer kurzen Jacke mit Knopfleiste und einem langen Rock. Seine lockere Passform sorgt f\u00fcr Komfort im Alltag, w\u00e4hrend sein stilvolles Design ihn perfekt f\u00fcr besondere Anl\u00e4sse macht.<br \/>\n\t\u2022\tKuma\u015f T\u00fcr\u00fc: %100 M\u00fcslin<br \/>\n\t\u2022 Eigenschaft: Atmungsaktiv, nicht schwitzend, leichte Textur<br \/>\n\t\u2022 Muster: Lockere \/ Oversize-Passform<br \/>\n\t\u2022 Kombination: Kann problemlos im Alltag, f\u00fcr Einladungen, f\u00fcr gesch\u00e4ftliche und besondere Anl\u00e4sse verwendet werden.<\/p>","protected":false},"excerpt":{"rendered":"<p>Der Musselin-Anzug bietet Eleganz und Komfort und sorgt mit seiner leichten und atmungsaktiven Textur f\u00fcr ganzt\u00e4gigen Tragekomfort. Mit seiner nat\u00fcrlichen Struktur<\/p>","protected":false},"featured_media":28583,"comment_status":"open","ping_status":"closed","template":"","meta":{"_joinchat":[]},"product_brand":[146],"product_cat":[96],"product_tag":[139,192],"class_list":{"0":"post-28588","1":"product","2":"type-product","3":"status-publish","4":"has-post-thumbnail","6":"product_brand-safak-alanya","7":"product_cat-etekli-takimlar","8":"product_tag-etekli-takim","9":"product_tag-muslin-takim","11":"first","12":"instock","13":"shipping-taxable","14":"purchasable","15":"product-type-variable"},"yoast_head":"<!-- This site is optimized with the Yoast SEO plugin v25.4 - https:\/\/yoast.com\/wordpress\/plugins\/seo\/ -->\n<title>M\u00fcslin tak\u0131m - \u015eafak Butik<\/title>\n<meta name=\"robots\" content=\"index, follow, max-snippet:-1, max-image-preview:large, max-video-preview:-1\" \/>\n<link rel=\"canonical\" href=\"https:\/\/safakbutik.com\/de\/produkt\/muslin-takim\/\" \/>\n<meta property=\"og:locale\" content=\"de_DE\" \/>\n<meta property=\"og:type\" content=\"article\" \/>\n<meta property=\"og:title\" content=\"M\u00fcslin tak\u0131m - \u015eafak Butik\" \/>\n<meta property=\"og:description\" content=\"\u015e\u0131kl\u0131\u011f\u0131 ve rahatl\u0131\u011f\u0131 bir arada sunan m\u00fcslin kuma\u015f tak\u0131m, hafif ve nefes alan dokusuyla g\u00fcn boyu konfor sa\u011flar. Do\u011fal yap\u0131s\u0131yla\" \/>\n<meta property=\"og:url\" content=\"https:\/\/safakbutik.com\/de\/produkt\/muslin-takim\/\" \/>\n<meta property=\"og:site_name\" content=\"\u015eafak Butik\" \/>\n<meta property=\"article:modified_time\" content=\"2025-08-19T13:36:08+00:00\" \/>\n<meta property=\"og:image\" content=\"https:\/\/safakbutik.com\/wp-content\/uploads\/2025\/08\/IMG_2037-scaled.jpeg\" \/>\n\t<meta property=\"og:image:width\" content=\"1920\" \/>\n\t<meta property=\"og:image:height\" content=\"2560\" \/>\n\t<meta property=\"og:image:type\" content=\"image\/jpeg\" \/>\n<meta name=\"twitter:card\" content=\"summary_large_image\" \/>\n<meta name=\"twitter:label1\" content=\"Gesch\u00e4tzte Lesezeit\" \/>\n\t<meta name=\"twitter:data1\" content=\"1\u00a0Minute\" \/>\n<script type=\"application\/ld+json\" class=\"yoast-schema-graph\">{\"@context\":\"https:\/\/schema.org\",\"@graph\":[{\"@type\":\"WebPage\",\"@id\":\"https:\/\/safakbutik.com\/urun\/muslin-takim\/\",\"url\":\"https:\/\/safakbutik.com\/urun\/muslin-takim\/\",\"name\":\"M\u00fcslin tak\u0131m - \u015eafak Butik\",\"isPartOf\":{\"@id\":\"https:\/\/safakbutik.com\/#website\"},\"primaryImageOfPage\":{\"@id\":\"https:\/\/safakbutik.com\/urun\/muslin-takim\/#primaryimage\"},\"image\":{\"@id\":\"https:\/\/safakbutik.com\/urun\/muslin-takim\/#primaryimage\"},\"thumbnailUrl\":\"https:\/\/safakbutik.com\/wp-content\/uploads\/2025\/08\/IMG_2037-scaled.jpeg\",\"datePublished\":\"2025-08-19T13:36:07+00:00\",\"dateModified\":\"2025-08-19T13:36:08+00:00\",\"breadcrumb\":{\"@id\":\"https:\/\/safakbutik.com\/urun\/muslin-takim\/#breadcrumb\"},\"inLanguage\":\"de\",\"potentialAction\":[{\"@type\":\"ReadAction\",\"target\":[\"https:\/\/safakbutik.com\/urun\/muslin-takim\/\"]}]},{\"@type\":\"ImageObject\",\"inLanguage\":\"de\",\"@id\":\"https:\/\/safakbutik.com\/urun\/muslin-takim\/#primaryimage\",\"url\":\"https:\/\/safakbutik.com\/wp-content\/uploads\/2025\/08\/IMG_2037-scaled.jpeg\",\"contentUrl\":\"https:\/\/safakbutik.com\/wp-content\/uploads\/2025\/08\/IMG_2037-scaled.jpeg\",\"width\":1920,\"height\":2560},{\"@type\":\"BreadcrumbList\",\"@id\":\"https:\/\/safakbutik.com\/urun\/muslin-takim\/#breadcrumb\",\"itemListElement\":[{\"@type\":\"ListItem\",\"position\":1,\"name\":\"Anasayfa\",\"item\":\"https:\/\/safakbutik.com\/\"},{\"@type\":\"ListItem\",\"position\":2,\"name\":\"Magaza\",\"item\":\"https:\/\/safakbutik.com\/magaza\/\"},{\"@type\":\"ListItem\",\"position\":3,\"name\":\"M\u00fcslin tak\u0131m\"}]},{\"@type\":\"WebSite\",\"@id\":\"https:\/\/safakbutik.com\/#website\",\"url\":\"https:\/\/safakbutik.com\/\",\"name\":\"\u015eafak Butik\",\"description\":\"\u015eafak Butik\",\"potentialAction\":[{\"@type\":\"SearchAction\",\"target\":{\"@type\":\"EntryPoint\",\"urlTemplate\":\"https:\/\/safakbutik.com\/?s={search_term_string}\"},\"query-input\":{\"@type\":\"PropertyValueSpecification\",\"valueRequired\":true,\"valueName\":\"search_term_string\"}}],\"inLanguage\":\"de\"}]}<\/script>\n<!-- \/ Yoast SEO plugin. -->","yoast_head_json":{"title":"M\u00fcslin tak\u0131m - \u015eafak Butik","robots":{"index":"index","follow":"follow","max-snippet":"max-snippet:-1","max-image-preview":"max-image-preview:large","max-video-preview":"max-video-preview:-1"},"canonical":"https:\/\/safakbutik.com\/de\/produkt\/muslin-takim\/","og_locale":"de_DE","og_type":"article","og_title":"M\u00fcslin tak\u0131m - \u015eafak Butik","og_description":"\u015e\u0131kl\u0131\u011f\u0131 ve rahatl\u0131\u011f\u0131 bir arada sunan m\u00fcslin kuma\u015f tak\u0131m, hafif ve nefes alan dokusuyla g\u00fcn boyu konfor sa\u011flar. Do\u011fal yap\u0131s\u0131yla","og_url":"https:\/\/safakbutik.com\/de\/produkt\/muslin-takim\/","og_site_name":"\u015eafak Butik","article_modified_time":"2025-08-19T13:36:08+00:00","og_image":[{"width":1920,"height":2560,"url":"https:\/\/safakbutik.com\/wp-content\/uploads\/2025\/08\/IMG_2037-scaled.jpeg","type":"image\/jpeg"}],"twitter_card":"summary_large_image","twitter_misc":{"Gesch\u00e4tzte Lesezeit":"1\u00a0Minute"},"schema":{"@context":"https:\/\/schema.org","@graph":[{"@type":"WebPage","@id":"https:\/\/safakbutik.com\/urun\/muslin-takim\/","url":"https:\/\/safakbutik.com\/urun\/muslin-takim\/","name":"M\u00fcslin tak\u0131m - \u015eafak Butik","isPartOf":{"@id":"https:\/\/safakbutik.com\/#website"},"primaryImageOfPage":{"@id":"https:\/\/safakbutik.com\/urun\/muslin-takim\/#primaryimage"},"image":{"@id":"https:\/\/safakbutik.com\/urun\/muslin-takim\/#primaryimage"},"thumbnailUrl":"https:\/\/safakbutik.com\/wp-content\/uploads\/2025\/08\/IMG_2037-scaled.jpeg","datePublished":"2025-08-19T13:36:07+00:00","dateModified":"2025-08-19T13:36:08+00:00","breadcrumb":{"@id":"https:\/\/safakbutik.com\/urun\/muslin-takim\/#breadcrumb"},"inLanguage":"de","potentialAction":[{"@type":"ReadAction","target":["https:\/\/safakbutik.com\/urun\/muslin-takim\/"]}]},{"@type":"ImageObject","inLanguage":"de","@id":"https:\/\/safakbutik.com\/urun\/muslin-takim\/#primaryimage","url":"https:\/\/safakbutik.com\/wp-content\/uploads\/2025\/08\/IMG_2037-scaled.jpeg","contentUrl":"https:\/\/safakbutik.com\/wp-content\/uploads\/2025\/08\/IMG_2037-scaled.jpeg","width":1920,"height":2560},{"@type":"BreadcrumbList","@id":"https:\/\/safakbutik.com\/urun\/muslin-takim\/#breadcrumb","itemListElement":[{"@type":"ListItem","position":1,"name":"Anasayfa","item":"https:\/\/safakbutik.com\/"},{"@type":"ListItem","position":2,"name":"Magaza","item":"https:\/\/safakbutik.com\/magaza\/"},{"@type":"ListItem","position":3,"name":"M\u00fcslin tak\u0131m"}]},{"@type":"WebSite","@id":"https:\/\/safakbutik.com\/#website","url":"https:\/\/safakbutik.com\/","name":"\u015eafak Butik","description":"\u015eafak Butik","potentialAction":[{"@type":"SearchAction","target":{"@type":"EntryPoint","urlTemplate":"https:\/\/safakbutik.com\/?s={search_term_string}"},"query-input":{"@type":"PropertyValueSpecification","valueRequired":true,"valueName":"search_term_string"}}],"inLanguage":"de"}]}},"_links":{"self":[{"href":"https:\/\/safakbutik.com\/de\/wp-json\/wp\/v2\/product\/28588","targetHints":{"allow":["GET"]}}],"collection":[{"href":"https:\/\/safakbutik.com\/de\/wp-json\/wp\/v2\/product"}],"about":[{"href":"https:\/\/safakbutik.com\/de\/wp-json\/wp\/v2\/types\/product"}],"replies":[{"embeddable":true,"href":"https:\/\/safakbutik.com\/de\/wp-json\/wp\/v2\/comments?post=28588"}],"version-history":[{"count":1,"href":"https:\/\/safakbutik.com\/de\/wp-json\/wp\/v2\/product\/28588\/revisions"}],"predecessor-version":[{"id":28592,"href":"https:\/\/safakbutik.com\/de\/wp-json\/wp\/v2\/product\/28588\/revisions\/28592"}],"wp:featuredmedia":[{"embeddable":true,"href":"https:\/\/safakbutik.com\/de\/wp-json\/wp\/v2\/media\/28583"}],"wp:attachment":[{"href":"https:\/\/safakbutik.com\/de\/wp-json\/wp\/v2\/media?parent=28588"}],"wp:term":[{"taxonomy":"product_brand","embeddable":true,"href":"https:\/\/safakbutik.com\/de\/wp-json\/wp\/v2\/product_brand?post=28588"},{"taxonomy":"product_cat","embeddable":true,"href":"https:\/\/safakbutik.com\/de\/wp-json\/wp\/v2\/product_cat?post=28588"},{"taxonomy":"product_tag","embeddable":true,"href":"https:\/\/safakbutik.com\/de\/wp-json\/wp\/v2\/product_tag?post=28588"}],"curies":[{"name":"wp","href":"https:\/\/api.w.org\/{rel}","templated":true}]}}