{"id":28569,"date":"2025-08-18T13:19:31","date_gmt":"2025-08-18T10:19:31","guid":{"rendered":"https:\/\/safakbutik.com\/?post_type=product&#038;p=28569"},"modified":"2025-08-18T13:19:31","modified_gmt":"2025-08-18T10:19:31","slug":"abaya-inci-detayli","status":"publish","type":"product","link":"https:\/\/safakbutik.com\/de\/produkt\/abaya-inci-detayli\/","title":{"rendered":"Abaya mit Perlendetail"},"content":{"rendered":"<p>Diese Abaya mit ihrem eleganten und modernen Design unterstreicht Ihre Eleganz bei besonderen Anl\u00e4ssen. Der T\u00fcllstoff und die Perlenstickerei sorgen f\u00fcr einen umwerfenden Look. Das Sch\u00e4rpendetail an der Taille verleiht eine \u00e4sthetisch ansprechende Form, w\u00e4hrend der flie\u00dfende Rock Bewegungsfreiheit erm\u00f6glicht.<br \/>\n\t\u2022 Farbe: Schwarz<br \/>\n\t\u2022 Detail: Perlenstickerei, G\u00fcrtel<br \/>\n\t\u2022 Stoff: T\u00fcll und gef\u00fctterte Innenstruktur<br \/>\n\t\u2022 Einsatzbereich: Einladungen, besondere Anl\u00e4sse, abendliche Treffen<br \/>\n\t\u2022 Stilvorschlag: Kann mit Schuhen mit d\u00fcnnen Abs\u00e4tzen und einer eleganten Clutch erg\u00e4nzt werden.<\/p>","protected":false},"excerpt":{"rendered":"<p>Diese Abaya, die mit ihrem eleganten und modernen Design Ihre Eleganz bei besonderen Anl\u00e4ssen unterstreicht, ist mit ihrem T\u00fcllstoff und der Perlenstickerei ein Blickfang.<\/p>","protected":false},"featured_media":28570,"comment_status":"open","ping_status":"closed","template":"","meta":{"_joinchat":[]},"product_brand":[146],"product_cat":[188],"product_tag":[187,191],"class_list":{"0":"post-28569","1":"product","2":"type-product","3":"status-publish","4":"has-post-thumbnail","6":"product_brand-safak-alanya","7":"product_cat-abaya","8":"product_tag-iclik-elbise","9":"product_tag-inci-detayli-abaya","11":"first","12":"instock","13":"shipping-taxable","14":"purchasable","15":"product-type-variable"},"yoast_head":"<!-- This site is optimized with the Yoast SEO plugin v25.4 - https:\/\/yoast.com\/wordpress\/plugins\/seo\/ -->\n<title>Abaya inci detayl\u0131 - \u015eafak Butik<\/title>\n<meta name=\"description\" content=\"\u0130nci detayl\u0131 abaya\" \/>\n<meta name=\"robots\" content=\"index, follow, max-snippet:-1, max-image-preview:large, max-video-preview:-1\" \/>\n<link rel=\"canonical\" href=\"https:\/\/safakbutik.com\/de\/produkt\/abaya-inci-detayli\/\" \/>\n<meta property=\"og:locale\" content=\"de_DE\" \/>\n<meta property=\"og:type\" content=\"article\" \/>\n<meta property=\"og:title\" content=\"Abaya inci detayl\u0131 - \u015eafak Butik\" \/>\n<meta property=\"og:description\" content=\"\u0130nci detayl\u0131 abaya\" \/>\n<meta property=\"og:url\" content=\"https:\/\/safakbutik.com\/de\/produkt\/abaya-inci-detayli\/\" \/>\n<meta property=\"og:site_name\" content=\"\u015eafak Butik\" \/>\n<meta property=\"og:image\" content=\"https:\/\/safakbutik.com\/wp-content\/uploads\/2025\/08\/IMG_0700-scaled.jpeg\" \/>\n\t<meta property=\"og:image:width\" content=\"1920\" \/>\n\t<meta property=\"og:image:height\" content=\"2560\" \/>\n\t<meta property=\"og:image:type\" content=\"image\/jpeg\" \/>\n<meta name=\"twitter:card\" content=\"summary_large_image\" \/>\n<meta name=\"twitter:label1\" content=\"Gesch\u00e4tzte Lesezeit\" \/>\n\t<meta name=\"twitter:data1\" content=\"1\u00a0Minute\" \/>\n<script type=\"application\/ld+json\" class=\"yoast-schema-graph\">{\"@context\":\"https:\/\/schema.org\",\"@graph\":[{\"@type\":\"WebPage\",\"@id\":\"https:\/\/safakbutik.com\/urun\/abaya-inci-detayli\/\",\"url\":\"https:\/\/safakbutik.com\/urun\/abaya-inci-detayli\/\",\"name\":\"Abaya inci detayl\u0131 - \u015eafak Butik\",\"isPartOf\":{\"@id\":\"https:\/\/safakbutik.com\/#website\"},\"primaryImageOfPage\":{\"@id\":\"https:\/\/safakbutik.com\/urun\/abaya-inci-detayli\/#primaryimage\"},\"image\":{\"@id\":\"https:\/\/safakbutik.com\/urun\/abaya-inci-detayli\/#primaryimage\"},\"thumbnailUrl\":\"https:\/\/safakbutik.com\/wp-content\/uploads\/2025\/08\/IMG_0700-scaled.jpeg\",\"datePublished\":\"2025-08-18T10:19:31+00:00\",\"description\":\"\u0130nci detayl\u0131 abaya\",\"breadcrumb\":{\"@id\":\"https:\/\/safakbutik.com\/urun\/abaya-inci-detayli\/#breadcrumb\"},\"inLanguage\":\"de\",\"potentialAction\":[{\"@type\":\"ReadAction\",\"target\":[\"https:\/\/safakbutik.com\/urun\/abaya-inci-detayli\/\"]}]},{\"@type\":\"ImageObject\",\"inLanguage\":\"de\",\"@id\":\"https:\/\/safakbutik.com\/urun\/abaya-inci-detayli\/#primaryimage\",\"url\":\"https:\/\/safakbutik.com\/wp-content\/uploads\/2025\/08\/IMG_0700-scaled.jpeg\",\"contentUrl\":\"https:\/\/safakbutik.com\/wp-content\/uploads\/2025\/08\/IMG_0700-scaled.jpeg\",\"width\":1920,\"height\":2560},{\"@type\":\"BreadcrumbList\",\"@id\":\"https:\/\/safakbutik.com\/urun\/abaya-inci-detayli\/#breadcrumb\",\"itemListElement\":[{\"@type\":\"ListItem\",\"position\":1,\"name\":\"Anasayfa\",\"item\":\"https:\/\/safakbutik.com\/\"},{\"@type\":\"ListItem\",\"position\":2,\"name\":\"Magaza\",\"item\":\"https:\/\/safakbutik.com\/magaza\/\"},{\"@type\":\"ListItem\",\"position\":3,\"name\":\"Abaya inci detayl\u0131\"}]},{\"@type\":\"WebSite\",\"@id\":\"https:\/\/safakbutik.com\/#website\",\"url\":\"https:\/\/safakbutik.com\/\",\"name\":\"\u015eafak Butik\",\"description\":\"\u015eafak Butik\",\"potentialAction\":[{\"@type\":\"SearchAction\",\"target\":{\"@type\":\"EntryPoint\",\"urlTemplate\":\"https:\/\/safakbutik.com\/?s={search_term_string}\"},\"query-input\":{\"@type\":\"PropertyValueSpecification\",\"valueRequired\":true,\"valueName\":\"search_term_string\"}}],\"inLanguage\":\"de\"}]}<\/script>\n<!-- \/ Yoast SEO plugin. -->","yoast_head_json":{"title":"Abaya inci detayl\u0131 - \u015eafak Butik","description":"\u0130nci detayl\u0131 abaya","robots":{"index":"index","follow":"follow","max-snippet":"max-snippet:-1","max-image-preview":"max-image-preview:large","max-video-preview":"max-video-preview:-1"},"canonical":"https:\/\/safakbutik.com\/de\/produkt\/abaya-inci-detayli\/","og_locale":"de_DE","og_type":"article","og_title":"Abaya inci detayl\u0131 - \u015eafak Butik","og_description":"\u0130nci detayl\u0131 abaya","og_url":"https:\/\/safakbutik.com\/de\/produkt\/abaya-inci-detayli\/","og_site_name":"\u015eafak Butik","og_image":[{"width":1920,"height":2560,"url":"https:\/\/safakbutik.com\/wp-content\/uploads\/2025\/08\/IMG_0700-scaled.jpeg","type":"image\/jpeg"}],"twitter_card":"summary_large_image","twitter_misc":{"Gesch\u00e4tzte Lesezeit":"1\u00a0Minute"},"schema":{"@context":"https:\/\/schema.org","@graph":[{"@type":"WebPage","@id":"https:\/\/safakbutik.com\/urun\/abaya-inci-detayli\/","url":"https:\/\/safakbutik.com\/urun\/abaya-inci-detayli\/","name":"Abaya inci detayl\u0131 - \u015eafak Butik","isPartOf":{"@id":"https:\/\/safakbutik.com\/#website"},"primaryImageOfPage":{"@id":"https:\/\/safakbutik.com\/urun\/abaya-inci-detayli\/#primaryimage"},"image":{"@id":"https:\/\/safakbutik.com\/urun\/abaya-inci-detayli\/#primaryimage"},"thumbnailUrl":"https:\/\/safakbutik.com\/wp-content\/uploads\/2025\/08\/IMG_0700-scaled.jpeg","datePublished":"2025-08-18T10:19:31+00:00","description":"\u0130nci detayl\u0131 abaya","breadcrumb":{"@id":"https:\/\/safakbutik.com\/urun\/abaya-inci-detayli\/#breadcrumb"},"inLanguage":"de","potentialAction":[{"@type":"ReadAction","target":["https:\/\/safakbutik.com\/urun\/abaya-inci-detayli\/"]}]},{"@type":"ImageObject","inLanguage":"de","@id":"https:\/\/safakbutik.com\/urun\/abaya-inci-detayli\/#primaryimage","url":"https:\/\/safakbutik.com\/wp-content\/uploads\/2025\/08\/IMG_0700-scaled.jpeg","contentUrl":"https:\/\/safakbutik.com\/wp-content\/uploads\/2025\/08\/IMG_0700-scaled.jpeg","width":1920,"height":2560},{"@type":"BreadcrumbList","@id":"https:\/\/safakbutik.com\/urun\/abaya-inci-detayli\/#breadcrumb","itemListElement":[{"@type":"ListItem","position":1,"name":"Anasayfa","item":"https:\/\/safakbutik.com\/"},{"@type":"ListItem","position":2,"name":"Magaza","item":"https:\/\/safakbutik.com\/magaza\/"},{"@type":"ListItem","position":3,"name":"Abaya inci detayl\u0131"}]},{"@type":"WebSite","@id":"https:\/\/safakbutik.com\/#website","url":"https:\/\/safakbutik.com\/","name":"\u015eafak Butik","description":"\u015eafak Butik","potentialAction":[{"@type":"SearchAction","target":{"@type":"EntryPoint","urlTemplate":"https:\/\/safakbutik.com\/?s={search_term_string}"},"query-input":{"@type":"PropertyValueSpecification","valueRequired":true,"valueName":"search_term_string"}}],"inLanguage":"de"}]}},"_links":{"self":[{"href":"https:\/\/safakbutik.com\/de\/wp-json\/wp\/v2\/product\/28569","targetHints":{"allow":["GET"]}}],"collection":[{"href":"https:\/\/safakbutik.com\/de\/wp-json\/wp\/v2\/product"}],"about":[{"href":"https:\/\/safakbutik.com\/de\/wp-json\/wp\/v2\/types\/product"}],"replies":[{"embeddable":true,"href":"https:\/\/safakbutik.com\/de\/wp-json\/wp\/v2\/comments?post=28569"}],"version-history":[{"count":1,"href":"https:\/\/safakbutik.com\/de\/wp-json\/wp\/v2\/product\/28569\/revisions"}],"predecessor-version":[{"id":28576,"href":"https:\/\/safakbutik.com\/de\/wp-json\/wp\/v2\/product\/28569\/revisions\/28576"}],"wp:featuredmedia":[{"embeddable":true,"href":"https:\/\/safakbutik.com\/de\/wp-json\/wp\/v2\/media\/28570"}],"wp:attachment":[{"href":"https:\/\/safakbutik.com\/de\/wp-json\/wp\/v2\/media?parent=28569"}],"wp:term":[{"taxonomy":"product_brand","embeddable":true,"href":"https:\/\/safakbutik.com\/de\/wp-json\/wp\/v2\/product_brand?post=28569"},{"taxonomy":"product_cat","embeddable":true,"href":"https:\/\/safakbutik.com\/de\/wp-json\/wp\/v2\/product_cat?post=28569"},{"taxonomy":"product_tag","embeddable":true,"href":"https:\/\/safakbutik.com\/de\/wp-json\/wp\/v2\/product_tag?post=28569"}],"curies":[{"name":"wp","href":"https:\/\/api.w.org\/{rel}","templated":true}]}}