{"id":28558,"date":"2025-08-18T13:07:11","date_gmt":"2025-08-18T10:07:11","guid":{"rendered":"https:\/\/safakbutik.com\/?post_type=product&#038;p=28558"},"modified":"2025-08-18T13:07:11","modified_gmt":"2025-08-18T10:07:11","slug":"tasli-abaya","status":"publish","type":"product","link":"https:\/\/safakbutik.com\/de\/produkt\/tasli-abaya\/","title":{"rendered":"Bekiffte Abaya"},"content":{"rendered":"<p>Diese schwarze Abaya vereint Eleganz und modernen Chic und begleitet Sie zu besonderen Anl\u00e4ssen ebenso wie im Alltag. Der detailreiche Stufensaum und die edle wei\u00dfe Paspelierung an den \u00c4rmelb\u00fcndchen verleihen ihr einen edlen Touch. Der Bindeg\u00fcrtel schmiegt sich eng an den K\u00f6rper und zaubert eine schlanke Silhouette.<\/p>\n<p>\u2714\ufe0f Ganzt\u00e4giger Komfort dank des leichten und bequemen Stoffes<br \/>\n\u2714\ufe0f Die Noblesse des klassischen Schwarz mit seinem modernen Design<br \/>\n\u2714\ufe0f Einsatzm\u00f6glichkeit in eleganten Einladungen, besonderen Anl\u00e4ssen und Alltagskombinationen<\/p>\n<p>\ud83d\udda4 Es bietet mit seinen minimalistischen Details einen schlichten, aber auff\u00e4lligen Stil.<\/p>","protected":false},"excerpt":{"rendered":"<p>Diese schwarze Abaya vereint Eleganz und modernen Chic und begleitet Sie in jedem Moment, von besonderen Anl\u00e4ssen bis hin zum t\u00e4glichen Gebrauch.<\/p>","protected":false},"featured_media":28561,"comment_status":"open","ping_status":"closed","template":"","meta":{"_joinchat":[]},"product_brand":[146],"product_cat":[188,28],"product_tag":[189,190],"class_list":{"0":"post-28558","1":"product","2":"type-product","3":"status-publish","4":"has-post-thumbnail","6":"product_brand-safak-alanya","7":"product_cat-abaya","8":"product_cat-tum-urunlerimiz","9":"product_tag-abaya","10":"product_tag-tasli-abaya","12":"first","13":"instock","14":"shipping-taxable","15":"purchasable","16":"product-type-variable"},"yoast_head":"<!-- This site is optimized with the Yoast SEO plugin v25.4 - https:\/\/yoast.com\/wordpress\/plugins\/seo\/ -->\n<title>Ta\u015fl\u0131 abaya - \u015eafak Butik<\/title>\n<meta name=\"description\" content=\"Ta\u015fl\u0131 abaya \u015f\u0131kl\u0131\u011f\u0131n g\u00f6stergesi\" \/>\n<meta name=\"robots\" content=\"index, follow, max-snippet:-1, max-image-preview:large, max-video-preview:-1\" \/>\n<link rel=\"canonical\" href=\"https:\/\/safakbutik.com\/de\/produkt\/tasli-abaya\/\" \/>\n<meta property=\"og:locale\" content=\"de_DE\" \/>\n<meta property=\"og:type\" content=\"article\" \/>\n<meta property=\"og:title\" content=\"Ta\u015fl\u0131 abaya - \u015eafak Butik\" \/>\n<meta property=\"og:description\" content=\"Ta\u015fl\u0131 abaya \u015f\u0131kl\u0131\u011f\u0131n g\u00f6stergesi\" \/>\n<meta property=\"og:url\" content=\"https:\/\/safakbutik.com\/de\/produkt\/tasli-abaya\/\" \/>\n<meta property=\"og:site_name\" content=\"\u015eafak Butik\" \/>\n<meta property=\"og:image\" content=\"https:\/\/safakbutik.com\/wp-content\/uploads\/2025\/08\/IMG_1801-scaled.jpeg\" \/>\n\t<meta property=\"og:image:width\" content=\"1440\" \/>\n\t<meta property=\"og:image:height\" content=\"2560\" \/>\n\t<meta property=\"og:image:type\" content=\"image\/jpeg\" \/>\n<meta name=\"twitter:card\" content=\"summary_large_image\" \/>\n<meta name=\"twitter:label1\" content=\"Gesch\u00e4tzte Lesezeit\" \/>\n\t<meta name=\"twitter:data1\" content=\"1\u00a0Minute\" \/>\n<script type=\"application\/ld+json\" class=\"yoast-schema-graph\">{\"@context\":\"https:\/\/schema.org\",\"@graph\":[{\"@type\":\"WebPage\",\"@id\":\"https:\/\/safakbutik.com\/urun\/tasli-abaya\/\",\"url\":\"https:\/\/safakbutik.com\/urun\/tasli-abaya\/\",\"name\":\"Ta\u015fl\u0131 abaya - \u015eafak Butik\",\"isPartOf\":{\"@id\":\"https:\/\/safakbutik.com\/#website\"},\"primaryImageOfPage\":{\"@id\":\"https:\/\/safakbutik.com\/urun\/tasli-abaya\/#primaryimage\"},\"image\":{\"@id\":\"https:\/\/safakbutik.com\/urun\/tasli-abaya\/#primaryimage\"},\"thumbnailUrl\":\"https:\/\/safakbutik.com\/wp-content\/uploads\/2025\/08\/IMG_1801-scaled.jpeg\",\"datePublished\":\"2025-08-18T10:07:11+00:00\",\"description\":\"Ta\u015fl\u0131 abaya \u015f\u0131kl\u0131\u011f\u0131n g\u00f6stergesi\",\"breadcrumb\":{\"@id\":\"https:\/\/safakbutik.com\/urun\/tasli-abaya\/#breadcrumb\"},\"inLanguage\":\"de\",\"potentialAction\":[{\"@type\":\"ReadAction\",\"target\":[\"https:\/\/safakbutik.com\/urun\/tasli-abaya\/\"]}]},{\"@type\":\"ImageObject\",\"inLanguage\":\"de\",\"@id\":\"https:\/\/safakbutik.com\/urun\/tasli-abaya\/#primaryimage\",\"url\":\"https:\/\/safakbutik.com\/wp-content\/uploads\/2025\/08\/IMG_1801-scaled.jpeg\",\"contentUrl\":\"https:\/\/safakbutik.com\/wp-content\/uploads\/2025\/08\/IMG_1801-scaled.jpeg\",\"width\":1440,\"height\":2560},{\"@type\":\"BreadcrumbList\",\"@id\":\"https:\/\/safakbutik.com\/urun\/tasli-abaya\/#breadcrumb\",\"itemListElement\":[{\"@type\":\"ListItem\",\"position\":1,\"name\":\"Anasayfa\",\"item\":\"https:\/\/safakbutik.com\/\"},{\"@type\":\"ListItem\",\"position\":2,\"name\":\"Magaza\",\"item\":\"https:\/\/safakbutik.com\/magaza\/\"},{\"@type\":\"ListItem\",\"position\":3,\"name\":\"Ta\u015fl\u0131 abaya\"}]},{\"@type\":\"WebSite\",\"@id\":\"https:\/\/safakbutik.com\/#website\",\"url\":\"https:\/\/safakbutik.com\/\",\"name\":\"\u015eafak Butik\",\"description\":\"\u015eafak Butik\",\"potentialAction\":[{\"@type\":\"SearchAction\",\"target\":{\"@type\":\"EntryPoint\",\"urlTemplate\":\"https:\/\/safakbutik.com\/?s={search_term_string}\"},\"query-input\":{\"@type\":\"PropertyValueSpecification\",\"valueRequired\":true,\"valueName\":\"search_term_string\"}}],\"inLanguage\":\"de\"}]}<\/script>\n<!-- \/ Yoast SEO plugin. -->","yoast_head_json":{"title":"Ta\u015fl\u0131 abaya - \u015eafak Butik","description":"Ta\u015fl\u0131 abaya \u015f\u0131kl\u0131\u011f\u0131n g\u00f6stergesi","robots":{"index":"index","follow":"follow","max-snippet":"max-snippet:-1","max-image-preview":"max-image-preview:large","max-video-preview":"max-video-preview:-1"},"canonical":"https:\/\/safakbutik.com\/de\/produkt\/tasli-abaya\/","og_locale":"de_DE","og_type":"article","og_title":"Ta\u015fl\u0131 abaya - \u015eafak Butik","og_description":"Ta\u015fl\u0131 abaya \u015f\u0131kl\u0131\u011f\u0131n g\u00f6stergesi","og_url":"https:\/\/safakbutik.com\/de\/produkt\/tasli-abaya\/","og_site_name":"\u015eafak Butik","og_image":[{"width":1440,"height":2560,"url":"https:\/\/safakbutik.com\/wp-content\/uploads\/2025\/08\/IMG_1801-scaled.jpeg","type":"image\/jpeg"}],"twitter_card":"summary_large_image","twitter_misc":{"Gesch\u00e4tzte Lesezeit":"1\u00a0Minute"},"schema":{"@context":"https:\/\/schema.org","@graph":[{"@type":"WebPage","@id":"https:\/\/safakbutik.com\/urun\/tasli-abaya\/","url":"https:\/\/safakbutik.com\/urun\/tasli-abaya\/","name":"Ta\u015fl\u0131 abaya - \u015eafak Butik","isPartOf":{"@id":"https:\/\/safakbutik.com\/#website"},"primaryImageOfPage":{"@id":"https:\/\/safakbutik.com\/urun\/tasli-abaya\/#primaryimage"},"image":{"@id":"https:\/\/safakbutik.com\/urun\/tasli-abaya\/#primaryimage"},"thumbnailUrl":"https:\/\/safakbutik.com\/wp-content\/uploads\/2025\/08\/IMG_1801-scaled.jpeg","datePublished":"2025-08-18T10:07:11+00:00","description":"Ta\u015fl\u0131 abaya \u015f\u0131kl\u0131\u011f\u0131n g\u00f6stergesi","breadcrumb":{"@id":"https:\/\/safakbutik.com\/urun\/tasli-abaya\/#breadcrumb"},"inLanguage":"de","potentialAction":[{"@type":"ReadAction","target":["https:\/\/safakbutik.com\/urun\/tasli-abaya\/"]}]},{"@type":"ImageObject","inLanguage":"de","@id":"https:\/\/safakbutik.com\/urun\/tasli-abaya\/#primaryimage","url":"https:\/\/safakbutik.com\/wp-content\/uploads\/2025\/08\/IMG_1801-scaled.jpeg","contentUrl":"https:\/\/safakbutik.com\/wp-content\/uploads\/2025\/08\/IMG_1801-scaled.jpeg","width":1440,"height":2560},{"@type":"BreadcrumbList","@id":"https:\/\/safakbutik.com\/urun\/tasli-abaya\/#breadcrumb","itemListElement":[{"@type":"ListItem","position":1,"name":"Anasayfa","item":"https:\/\/safakbutik.com\/"},{"@type":"ListItem","position":2,"name":"Magaza","item":"https:\/\/safakbutik.com\/magaza\/"},{"@type":"ListItem","position":3,"name":"Ta\u015fl\u0131 abaya"}]},{"@type":"WebSite","@id":"https:\/\/safakbutik.com\/#website","url":"https:\/\/safakbutik.com\/","name":"\u015eafak Butik","description":"\u015eafak Butik","potentialAction":[{"@type":"SearchAction","target":{"@type":"EntryPoint","urlTemplate":"https:\/\/safakbutik.com\/?s={search_term_string}"},"query-input":{"@type":"PropertyValueSpecification","valueRequired":true,"valueName":"search_term_string"}}],"inLanguage":"de"}]}},"_links":{"self":[{"href":"https:\/\/safakbutik.com\/de\/wp-json\/wp\/v2\/product\/28558","targetHints":{"allow":["GET"]}}],"collection":[{"href":"https:\/\/safakbutik.com\/de\/wp-json\/wp\/v2\/product"}],"about":[{"href":"https:\/\/safakbutik.com\/de\/wp-json\/wp\/v2\/types\/product"}],"replies":[{"embeddable":true,"href":"https:\/\/safakbutik.com\/de\/wp-json\/wp\/v2\/comments?post=28558"}],"version-history":[{"count":2,"href":"https:\/\/safakbutik.com\/de\/wp-json\/wp\/v2\/product\/28558\/revisions"}],"predecessor-version":[{"id":28565,"href":"https:\/\/safakbutik.com\/de\/wp-json\/wp\/v2\/product\/28558\/revisions\/28565"}],"wp:featuredmedia":[{"embeddable":true,"href":"https:\/\/safakbutik.com\/de\/wp-json\/wp\/v2\/media\/28561"}],"wp:attachment":[{"href":"https:\/\/safakbutik.com\/de\/wp-json\/wp\/v2\/media?parent=28558"}],"wp:term":[{"taxonomy":"product_brand","embeddable":true,"href":"https:\/\/safakbutik.com\/de\/wp-json\/wp\/v2\/product_brand?post=28558"},{"taxonomy":"product_cat","embeddable":true,"href":"https:\/\/safakbutik.com\/de\/wp-json\/wp\/v2\/product_cat?post=28558"},{"taxonomy":"product_tag","embeddable":true,"href":"https:\/\/safakbutik.com\/de\/wp-json\/wp\/v2\/product_tag?post=28558"}],"curies":[{"name":"wp","href":"https:\/\/api.w.org\/{rel}","templated":true}]}}