{"id":28542,"date":"2025-08-17T13:51:42","date_gmt":"2025-08-17T10:51:42","guid":{"rendered":"https:\/\/safakbutik.com\/?post_type=product&#038;p=28542"},"modified":"2025-08-17T13:51:42","modified_gmt":"2025-08-17T10:51:42","slug":"dugme-detayli-ceketli-elbise","status":"publish","type":"product","link":"https:\/\/safakbutik.com\/de\/produkt\/dugme-detayli-ceketli-elbise\/","title":{"rendered":"Jackenkleid mit Knopfdetail"},"content":{"rendered":"<p>Dieser zweiteilige Anzug mit seinem eleganten und modernen Design ist eine stilvolle Option f\u00fcr den Alltag und besondere Anl\u00e4sse. Der entspannte Schnitt und das leichte Material sorgen f\u00fcr ganzt\u00e4gigen Tragekomfort. Sein pastellgelber Farbton spiegelt die Energie von Fr\u00fchling und Sommer wider, w\u00e4hrend die eleganten Details Ihrem Stil einen Hauch von Eleganz verleihen.<\/p>\n<p>Detail:<br \/>\n\t\u2022 Zweiteiliger Anzug (Unterkleid + Jacke)<br \/>\n\t\u2022 Bequeme Passform<br \/>\n\t\u2022 Leichtes und atmungsaktives Gewebe<br \/>\n\t\u2022 Modernes und elegantes Aussehen mit pastellgelber Farbe<\/p>","protected":false},"excerpt":{"rendered":"<p>Dieser zweiteilige Anzug besticht durch sein elegantes und modernes Design und ist sowohl f\u00fcr den Alltag als auch f\u00fcr besondere Anl\u00e4sse eine stilvolle Wahl.<\/p>","protected":false},"featured_media":28543,"comment_status":"open","ping_status":"closed","template":"","meta":{"_joinchat":[]},"product_brand":[146],"product_cat":[80],"product_tag":[186,142,187,173],"class_list":{"0":"post-28542","1":"product","2":"type-product","3":"status-publish","4":"has-post-thumbnail","6":"product_brand-safak-alanya","7":"product_cat-elbise","8":"product_tag-ceketli-elbise","9":"product_tag-elbise","10":"product_tag-iclik-elbise","11":"product_tag-sari-elbise","13":"first","14":"instock","15":"shipping-taxable","16":"purchasable","17":"product-type-variable"},"yoast_head":"<!-- This site is optimized with the Yoast SEO plugin v25.4 - https:\/\/yoast.com\/wordpress\/plugins\/seo\/ -->\n<title>D\u00fc\u011fme detayl\u0131 ceketli elbise - \u015eafak Butik<\/title>\n<meta name=\"description\" content=\"Pastel sar\u0131 rengiyle \u00f6ne \u00e7\u0131kan iki par\u00e7al\u0131 elbise tak\u0131m\u0131, zarif tasar\u0131m\u0131 ve rahat kesimiyle hem g\u00fcnl\u00fck kullan\u0131m hem de \u00f6zel davetler i\u00e7in ideal bir se\u00e7imdir. Hafif kuma\u015f\u0131 sayesinde konforu \u015f\u0131kl\u0131kla bulu\u015fturur.\" \/>\n<meta name=\"robots\" content=\"index, follow, max-snippet:-1, max-image-preview:large, max-video-preview:-1\" \/>\n<link rel=\"canonical\" href=\"https:\/\/safakbutik.com\/de\/produkt\/dugme-detayli-ceketli-elbise\/\" \/>\n<meta property=\"og:locale\" content=\"de_DE\" \/>\n<meta property=\"og:type\" content=\"article\" \/>\n<meta property=\"og:title\" content=\"D\u00fc\u011fme detayl\u0131 ceketli elbise - \u015eafak Butik\" \/>\n<meta property=\"og:description\" content=\"Pastel sar\u0131 rengiyle \u00f6ne \u00e7\u0131kan iki par\u00e7al\u0131 elbise tak\u0131m\u0131, zarif tasar\u0131m\u0131 ve rahat kesimiyle hem g\u00fcnl\u00fck kullan\u0131m hem de \u00f6zel davetler i\u00e7in ideal bir se\u00e7imdir. Hafif kuma\u015f\u0131 sayesinde konforu \u015f\u0131kl\u0131kla bulu\u015fturur.\" \/>\n<meta property=\"og:url\" content=\"https:\/\/safakbutik.com\/de\/produkt\/dugme-detayli-ceketli-elbise\/\" \/>\n<meta property=\"og:site_name\" content=\"\u015eafak Butik\" \/>\n<meta property=\"og:image\" content=\"https:\/\/safakbutik.com\/wp-content\/uploads\/2025\/08\/IMG_2074-scaled.jpeg\" \/>\n\t<meta property=\"og:image:width\" content=\"1920\" \/>\n\t<meta property=\"og:image:height\" content=\"2560\" \/>\n\t<meta property=\"og:image:type\" content=\"image\/jpeg\" \/>\n<meta name=\"twitter:card\" content=\"summary_large_image\" \/>\n<meta name=\"twitter:label1\" content=\"Gesch\u00e4tzte Lesezeit\" \/>\n\t<meta name=\"twitter:data1\" content=\"1\u00a0Minute\" \/>\n<script type=\"application\/ld+json\" class=\"yoast-schema-graph\">{\"@context\":\"https:\/\/schema.org\",\"@graph\":[{\"@type\":\"WebPage\",\"@id\":\"https:\/\/safakbutik.com\/urun\/dugme-detayli-ceketli-elbise\/\",\"url\":\"https:\/\/safakbutik.com\/urun\/dugme-detayli-ceketli-elbise\/\",\"name\":\"D\u00fc\u011fme detayl\u0131 ceketli elbise - \u015eafak Butik\",\"isPartOf\":{\"@id\":\"https:\/\/safakbutik.com\/#website\"},\"primaryImageOfPage\":{\"@id\":\"https:\/\/safakbutik.com\/urun\/dugme-detayli-ceketli-elbise\/#primaryimage\"},\"image\":{\"@id\":\"https:\/\/safakbutik.com\/urun\/dugme-detayli-ceketli-elbise\/#primaryimage\"},\"thumbnailUrl\":\"https:\/\/safakbutik.com\/wp-content\/uploads\/2025\/08\/IMG_2074-scaled.jpeg\",\"datePublished\":\"2025-08-17T10:51:42+00:00\",\"description\":\"Pastel sar\u0131 rengiyle \u00f6ne \u00e7\u0131kan iki par\u00e7al\u0131 elbise tak\u0131m\u0131, zarif tasar\u0131m\u0131 ve rahat kesimiyle hem g\u00fcnl\u00fck kullan\u0131m hem de \u00f6zel davetler i\u00e7in ideal bir se\u00e7imdir. Hafif kuma\u015f\u0131 sayesinde konforu \u015f\u0131kl\u0131kla bulu\u015fturur.\",\"breadcrumb\":{\"@id\":\"https:\/\/safakbutik.com\/urun\/dugme-detayli-ceketli-elbise\/#breadcrumb\"},\"inLanguage\":\"de\",\"potentialAction\":[{\"@type\":\"ReadAction\",\"target\":[\"https:\/\/safakbutik.com\/urun\/dugme-detayli-ceketli-elbise\/\"]}]},{\"@type\":\"ImageObject\",\"inLanguage\":\"de\",\"@id\":\"https:\/\/safakbutik.com\/urun\/dugme-detayli-ceketli-elbise\/#primaryimage\",\"url\":\"https:\/\/safakbutik.com\/wp-content\/uploads\/2025\/08\/IMG_2074-scaled.jpeg\",\"contentUrl\":\"https:\/\/safakbutik.com\/wp-content\/uploads\/2025\/08\/IMG_2074-scaled.jpeg\",\"width\":1920,\"height\":2560},{\"@type\":\"BreadcrumbList\",\"@id\":\"https:\/\/safakbutik.com\/urun\/dugme-detayli-ceketli-elbise\/#breadcrumb\",\"itemListElement\":[{\"@type\":\"ListItem\",\"position\":1,\"name\":\"Anasayfa\",\"item\":\"https:\/\/safakbutik.com\/\"},{\"@type\":\"ListItem\",\"position\":2,\"name\":\"Magaza\",\"item\":\"https:\/\/safakbutik.com\/magaza\/\"},{\"@type\":\"ListItem\",\"position\":3,\"name\":\"D\u00fc\u011fme detayl\u0131 ceketli elbise\"}]},{\"@type\":\"WebSite\",\"@id\":\"https:\/\/safakbutik.com\/#website\",\"url\":\"https:\/\/safakbutik.com\/\",\"name\":\"\u015eafak Butik\",\"description\":\"\u015eafak Butik\",\"potentialAction\":[{\"@type\":\"SearchAction\",\"target\":{\"@type\":\"EntryPoint\",\"urlTemplate\":\"https:\/\/safakbutik.com\/?s={search_term_string}\"},\"query-input\":{\"@type\":\"PropertyValueSpecification\",\"valueRequired\":true,\"valueName\":\"search_term_string\"}}],\"inLanguage\":\"de\"}]}<\/script>\n<!-- \/ Yoast SEO plugin. -->","yoast_head_json":{"title":"D\u00fc\u011fme detayl\u0131 ceketli elbise - \u015eafak Butik","description":"Pastel sar\u0131 rengiyle \u00f6ne \u00e7\u0131kan iki par\u00e7al\u0131 elbise tak\u0131m\u0131, zarif tasar\u0131m\u0131 ve rahat kesimiyle hem g\u00fcnl\u00fck kullan\u0131m hem de \u00f6zel davetler i\u00e7in ideal bir se\u00e7imdir. Hafif kuma\u015f\u0131 sayesinde konforu \u015f\u0131kl\u0131kla bulu\u015fturur.","robots":{"index":"index","follow":"follow","max-snippet":"max-snippet:-1","max-image-preview":"max-image-preview:large","max-video-preview":"max-video-preview:-1"},"canonical":"https:\/\/safakbutik.com\/de\/produkt\/dugme-detayli-ceketli-elbise\/","og_locale":"de_DE","og_type":"article","og_title":"D\u00fc\u011fme detayl\u0131 ceketli elbise - \u015eafak Butik","og_description":"Pastel sar\u0131 rengiyle \u00f6ne \u00e7\u0131kan iki par\u00e7al\u0131 elbise tak\u0131m\u0131, zarif tasar\u0131m\u0131 ve rahat kesimiyle hem g\u00fcnl\u00fck kullan\u0131m hem de \u00f6zel davetler i\u00e7in ideal bir se\u00e7imdir. Hafif kuma\u015f\u0131 sayesinde konforu \u015f\u0131kl\u0131kla bulu\u015fturur.","og_url":"https:\/\/safakbutik.com\/de\/produkt\/dugme-detayli-ceketli-elbise\/","og_site_name":"\u015eafak Butik","og_image":[{"width":1920,"height":2560,"url":"https:\/\/safakbutik.com\/wp-content\/uploads\/2025\/08\/IMG_2074-scaled.jpeg","type":"image\/jpeg"}],"twitter_card":"summary_large_image","twitter_misc":{"Gesch\u00e4tzte Lesezeit":"1\u00a0Minute"},"schema":{"@context":"https:\/\/schema.org","@graph":[{"@type":"WebPage","@id":"https:\/\/safakbutik.com\/urun\/dugme-detayli-ceketli-elbise\/","url":"https:\/\/safakbutik.com\/urun\/dugme-detayli-ceketli-elbise\/","name":"D\u00fc\u011fme detayl\u0131 ceketli elbise - \u015eafak Butik","isPartOf":{"@id":"https:\/\/safakbutik.com\/#website"},"primaryImageOfPage":{"@id":"https:\/\/safakbutik.com\/urun\/dugme-detayli-ceketli-elbise\/#primaryimage"},"image":{"@id":"https:\/\/safakbutik.com\/urun\/dugme-detayli-ceketli-elbise\/#primaryimage"},"thumbnailUrl":"https:\/\/safakbutik.com\/wp-content\/uploads\/2025\/08\/IMG_2074-scaled.jpeg","datePublished":"2025-08-17T10:51:42+00:00","description":"Pastel sar\u0131 rengiyle \u00f6ne \u00e7\u0131kan iki par\u00e7al\u0131 elbise tak\u0131m\u0131, zarif tasar\u0131m\u0131 ve rahat kesimiyle hem g\u00fcnl\u00fck kullan\u0131m hem de \u00f6zel davetler i\u00e7in ideal bir se\u00e7imdir. Hafif kuma\u015f\u0131 sayesinde konforu \u015f\u0131kl\u0131kla bulu\u015fturur.","breadcrumb":{"@id":"https:\/\/safakbutik.com\/urun\/dugme-detayli-ceketli-elbise\/#breadcrumb"},"inLanguage":"de","potentialAction":[{"@type":"ReadAction","target":["https:\/\/safakbutik.com\/urun\/dugme-detayli-ceketli-elbise\/"]}]},{"@type":"ImageObject","inLanguage":"de","@id":"https:\/\/safakbutik.com\/urun\/dugme-detayli-ceketli-elbise\/#primaryimage","url":"https:\/\/safakbutik.com\/wp-content\/uploads\/2025\/08\/IMG_2074-scaled.jpeg","contentUrl":"https:\/\/safakbutik.com\/wp-content\/uploads\/2025\/08\/IMG_2074-scaled.jpeg","width":1920,"height":2560},{"@type":"BreadcrumbList","@id":"https:\/\/safakbutik.com\/urun\/dugme-detayli-ceketli-elbise\/#breadcrumb","itemListElement":[{"@type":"ListItem","position":1,"name":"Anasayfa","item":"https:\/\/safakbutik.com\/"},{"@type":"ListItem","position":2,"name":"Magaza","item":"https:\/\/safakbutik.com\/magaza\/"},{"@type":"ListItem","position":3,"name":"D\u00fc\u011fme detayl\u0131 ceketli elbise"}]},{"@type":"WebSite","@id":"https:\/\/safakbutik.com\/#website","url":"https:\/\/safakbutik.com\/","name":"\u015eafak Butik","description":"\u015eafak Butik","potentialAction":[{"@type":"SearchAction","target":{"@type":"EntryPoint","urlTemplate":"https:\/\/safakbutik.com\/?s={search_term_string}"},"query-input":{"@type":"PropertyValueSpecification","valueRequired":true,"valueName":"search_term_string"}}],"inLanguage":"de"}]}},"_links":{"self":[{"href":"https:\/\/safakbutik.com\/de\/wp-json\/wp\/v2\/product\/28542","targetHints":{"allow":["GET"]}}],"collection":[{"href":"https:\/\/safakbutik.com\/de\/wp-json\/wp\/v2\/product"}],"about":[{"href":"https:\/\/safakbutik.com\/de\/wp-json\/wp\/v2\/types\/product"}],"replies":[{"embeddable":true,"href":"https:\/\/safakbutik.com\/de\/wp-json\/wp\/v2\/comments?post=28542"}],"version-history":[{"count":1,"href":"https:\/\/safakbutik.com\/de\/wp-json\/wp\/v2\/product\/28542\/revisions"}],"predecessor-version":[{"id":28550,"href":"https:\/\/safakbutik.com\/de\/wp-json\/wp\/v2\/product\/28542\/revisions\/28550"}],"wp:featuredmedia":[{"embeddable":true,"href":"https:\/\/safakbutik.com\/de\/wp-json\/wp\/v2\/media\/28543"}],"wp:attachment":[{"href":"https:\/\/safakbutik.com\/de\/wp-json\/wp\/v2\/media?parent=28542"}],"wp:term":[{"taxonomy":"product_brand","embeddable":true,"href":"https:\/\/safakbutik.com\/de\/wp-json\/wp\/v2\/product_brand?post=28542"},{"taxonomy":"product_cat","embeddable":true,"href":"https:\/\/safakbutik.com\/de\/wp-json\/wp\/v2\/product_cat?post=28542"},{"taxonomy":"product_tag","embeddable":true,"href":"https:\/\/safakbutik.com\/de\/wp-json\/wp\/v2\/product_tag?post=28542"}],"curies":[{"name":"wp","href":"https:\/\/api.w.org\/{rel}","templated":true}]}}