{"id":28462,"date":"2025-08-06T17:26:47","date_gmt":"2025-08-06T14:26:47","guid":{"rendered":"https:\/\/safakbutik.com\/?post_type=product&#038;p=28462"},"modified":"2025-08-06T17:26:47","modified_gmt":"2025-08-06T14:26:47","slug":"pembe-katli-elbise","status":"publish","type":"product","link":"https:\/\/safakbutik.com\/de\/produkt\/pembe-katli-elbise\/","title":{"rendered":"Rosa Lagenkleid"},"content":{"rendered":"<p>Dieses rosa Kleid, ein Must-have f\u00fcr Liebhaber von Pastellt\u00f6nen, vereint Eleganz mit Komfort dank seines weichen Stoffes und des Lagendesigns. Die Knopfleiste und die Ballon\u00e4rmel sorgen f\u00fcr nostalgischen Chic, w\u00e4hrend der goldene G\u00fcrtel in der Taille f\u00fcr einen modernen Touch sorgt. Es ist die perfekte Wahl sowohl f\u00fcr den Alltag als auch f\u00fcr besondere Anl\u00e4sse.<\/p>\n<p>G\u00fcrtel ist extra.<\/p>\n<p>\ud83e\uddd5 Schalvorschlag: Ein romantischer Look wird durch die Vervollst\u00e4ndigung mit einem Schal mit Blumenmuster erzielt.<\/p>\n<p>\ud83d\udcab Produktmerkmale:<br \/>\n\t\u2022 Farbe: Puderrosa<br \/>\n\t\u2022 Stoff: Leichter, nicht schwitzender Sommerstoff<br \/>\n\t\u2022 Details: Gefalteter Saum, Ballon\u00e4rmel, gekn\u00f6pftes Frontdesign<br \/>\n\t\u2022 Muster: Lockerer Schnitt<br \/>\n\t\u2022 Kombination: Empfohlen mit einem goldfarbenen G\u00fcrtel und einem gemusterten Schal<\/p>\n<p>\ud83e\uddfc Wartung:<br \/>\nEs wird empfohlen, mit der Hand oder im Schonwaschgang bei niedriger Temperatur zu waschen.<\/p>","protected":false},"excerpt":{"rendered":"<p>Pastel tonlar\u0131 sevenlerin vazge\u00e7ilmezi olacak bu pembe elbise, yumu\u015fak kuma\u015f\u0131 ve kat kat tasar\u0131m\u0131yla zarafeti konforla bulu\u015fturuyor. D\u00fc\u011fmeli \u00f6n\u00fc ve<\/p>","protected":false},"featured_media":28457,"comment_status":"open","ping_status":"closed","template":"","meta":{"_joinchat":[]},"product_brand":[146],"product_cat":[80],"product_tag":[142,174],"class_list":{"0":"post-28462","1":"product","2":"type-product","3":"status-publish","4":"has-post-thumbnail","6":"product_brand-safak-alanya","7":"product_cat-elbise","8":"product_tag-elbise","9":"product_tag-pembe-elbise","11":"first","12":"instock","13":"shipping-taxable","14":"purchasable","15":"product-type-variable"},"yoast_head":"<!-- This site is optimized with the Yoast SEO plugin v25.4 - https:\/\/yoast.com\/wordpress\/plugins\/seo\/ -->\n<title>Pembe katl\u0131 elbise - \u015eafak Butik<\/title>\n<meta name=\"description\" content=\"Kat kat tasar\u0131m\u0131yla zarif pembe yazl\u0131k elbise. D\u00fc\u011fmeli, uzun kollu ve hafif kuma\u015f\u0131yla hem \u015f\u0131k hem rahat bir g\u00f6r\u00fcn\u00fcm sunar.\" \/>\n<meta name=\"robots\" content=\"index, follow, max-snippet:-1, max-image-preview:large, max-video-preview:-1\" \/>\n<link rel=\"canonical\" href=\"https:\/\/safakbutik.com\/de\/produkt\/pembe-katli-elbise\/\" \/>\n<meta property=\"og:locale\" content=\"de_DE\" \/>\n<meta property=\"og:type\" content=\"article\" \/>\n<meta property=\"og:title\" content=\"Pembe katl\u0131 elbise - \u015eafak Butik\" \/>\n<meta property=\"og:description\" content=\"Kat kat tasar\u0131m\u0131yla zarif pembe yazl\u0131k elbise. D\u00fc\u011fmeli, uzun kollu ve hafif kuma\u015f\u0131yla hem \u015f\u0131k hem rahat bir g\u00f6r\u00fcn\u00fcm sunar.\" \/>\n<meta property=\"og:url\" content=\"https:\/\/safakbutik.com\/de\/produkt\/pembe-katli-elbise\/\" \/>\n<meta property=\"og:site_name\" content=\"\u015eafak Butik\" \/>\n<meta property=\"og:image\" content=\"https:\/\/safakbutik.com\/wp-content\/uploads\/2025\/08\/4c6848c3-b129-40a4-8460-41e8daeed4be.jpeg\" \/>\n\t<meta property=\"og:image:width\" content=\"1200\" \/>\n\t<meta property=\"og:image:height\" content=\"1600\" \/>\n\t<meta property=\"og:image:type\" content=\"image\/jpeg\" \/>\n<meta name=\"twitter:card\" content=\"summary_large_image\" \/>\n<meta name=\"twitter:label1\" content=\"Gesch\u00e4tzte Lesezeit\" \/>\n\t<meta name=\"twitter:data1\" content=\"1\u00a0Minute\" \/>\n<script type=\"application\/ld+json\" class=\"yoast-schema-graph\">{\"@context\":\"https:\/\/schema.org\",\"@graph\":[{\"@type\":\"WebPage\",\"@id\":\"https:\/\/safakbutik.com\/urun\/pembe-katli-elbise\/\",\"url\":\"https:\/\/safakbutik.com\/urun\/pembe-katli-elbise\/\",\"name\":\"Pembe katl\u0131 elbise - \u015eafak Butik\",\"isPartOf\":{\"@id\":\"https:\/\/safakbutik.com\/#website\"},\"primaryImageOfPage\":{\"@id\":\"https:\/\/safakbutik.com\/urun\/pembe-katli-elbise\/#primaryimage\"},\"image\":{\"@id\":\"https:\/\/safakbutik.com\/urun\/pembe-katli-elbise\/#primaryimage\"},\"thumbnailUrl\":\"https:\/\/safakbutik.com\/wp-content\/uploads\/2025\/08\/4c6848c3-b129-40a4-8460-41e8daeed4be.jpeg\",\"datePublished\":\"2025-08-06T14:26:47+00:00\",\"description\":\"Kat kat tasar\u0131m\u0131yla zarif pembe yazl\u0131k elbise. D\u00fc\u011fmeli, uzun kollu ve hafif kuma\u015f\u0131yla hem \u015f\u0131k hem rahat bir g\u00f6r\u00fcn\u00fcm sunar.\",\"breadcrumb\":{\"@id\":\"https:\/\/safakbutik.com\/urun\/pembe-katli-elbise\/#breadcrumb\"},\"inLanguage\":\"de\",\"potentialAction\":[{\"@type\":\"ReadAction\",\"target\":[\"https:\/\/safakbutik.com\/urun\/pembe-katli-elbise\/\"]}]},{\"@type\":\"ImageObject\",\"inLanguage\":\"de\",\"@id\":\"https:\/\/safakbutik.com\/urun\/pembe-katli-elbise\/#primaryimage\",\"url\":\"https:\/\/safakbutik.com\/wp-content\/uploads\/2025\/08\/4c6848c3-b129-40a4-8460-41e8daeed4be.jpeg\",\"contentUrl\":\"https:\/\/safakbutik.com\/wp-content\/uploads\/2025\/08\/4c6848c3-b129-40a4-8460-41e8daeed4be.jpeg\",\"width\":1200,\"height\":1600},{\"@type\":\"BreadcrumbList\",\"@id\":\"https:\/\/safakbutik.com\/urun\/pembe-katli-elbise\/#breadcrumb\",\"itemListElement\":[{\"@type\":\"ListItem\",\"position\":1,\"name\":\"Anasayfa\",\"item\":\"https:\/\/safakbutik.com\/\"},{\"@type\":\"ListItem\",\"position\":2,\"name\":\"Magaza\",\"item\":\"https:\/\/safakbutik.com\/magaza\/\"},{\"@type\":\"ListItem\",\"position\":3,\"name\":\"Pembe katl\u0131 elbise\"}]},{\"@type\":\"WebSite\",\"@id\":\"https:\/\/safakbutik.com\/#website\",\"url\":\"https:\/\/safakbutik.com\/\",\"name\":\"\u015eafak Butik\",\"description\":\"\u015eafak Butik\",\"potentialAction\":[{\"@type\":\"SearchAction\",\"target\":{\"@type\":\"EntryPoint\",\"urlTemplate\":\"https:\/\/safakbutik.com\/?s={search_term_string}\"},\"query-input\":{\"@type\":\"PropertyValueSpecification\",\"valueRequired\":true,\"valueName\":\"search_term_string\"}}],\"inLanguage\":\"de\"}]}<\/script>\n<!-- \/ Yoast SEO plugin. -->","yoast_head_json":{"title":"Pembe katl\u0131 elbise - \u015eafak Butik","description":"Kat kat tasar\u0131m\u0131yla zarif pembe yazl\u0131k elbise. D\u00fc\u011fmeli, uzun kollu ve hafif kuma\u015f\u0131yla hem \u015f\u0131k hem rahat bir g\u00f6r\u00fcn\u00fcm sunar.","robots":{"index":"index","follow":"follow","max-snippet":"max-snippet:-1","max-image-preview":"max-image-preview:large","max-video-preview":"max-video-preview:-1"},"canonical":"https:\/\/safakbutik.com\/de\/produkt\/pembe-katli-elbise\/","og_locale":"de_DE","og_type":"article","og_title":"Pembe katl\u0131 elbise - \u015eafak Butik","og_description":"Kat kat tasar\u0131m\u0131yla zarif pembe yazl\u0131k elbise. D\u00fc\u011fmeli, uzun kollu ve hafif kuma\u015f\u0131yla hem \u015f\u0131k hem rahat bir g\u00f6r\u00fcn\u00fcm sunar.","og_url":"https:\/\/safakbutik.com\/de\/produkt\/pembe-katli-elbise\/","og_site_name":"\u015eafak Butik","og_image":[{"width":1200,"height":1600,"url":"https:\/\/safakbutik.com\/wp-content\/uploads\/2025\/08\/4c6848c3-b129-40a4-8460-41e8daeed4be.jpeg","type":"image\/jpeg"}],"twitter_card":"summary_large_image","twitter_misc":{"Gesch\u00e4tzte Lesezeit":"1\u00a0Minute"},"schema":{"@context":"https:\/\/schema.org","@graph":[{"@type":"WebPage","@id":"https:\/\/safakbutik.com\/urun\/pembe-katli-elbise\/","url":"https:\/\/safakbutik.com\/urun\/pembe-katli-elbise\/","name":"Pembe katl\u0131 elbise - \u015eafak Butik","isPartOf":{"@id":"https:\/\/safakbutik.com\/#website"},"primaryImageOfPage":{"@id":"https:\/\/safakbutik.com\/urun\/pembe-katli-elbise\/#primaryimage"},"image":{"@id":"https:\/\/safakbutik.com\/urun\/pembe-katli-elbise\/#primaryimage"},"thumbnailUrl":"https:\/\/safakbutik.com\/wp-content\/uploads\/2025\/08\/4c6848c3-b129-40a4-8460-41e8daeed4be.jpeg","datePublished":"2025-08-06T14:26:47+00:00","description":"Kat kat tasar\u0131m\u0131yla zarif pembe yazl\u0131k elbise. D\u00fc\u011fmeli, uzun kollu ve hafif kuma\u015f\u0131yla hem \u015f\u0131k hem rahat bir g\u00f6r\u00fcn\u00fcm sunar.","breadcrumb":{"@id":"https:\/\/safakbutik.com\/urun\/pembe-katli-elbise\/#breadcrumb"},"inLanguage":"de","potentialAction":[{"@type":"ReadAction","target":["https:\/\/safakbutik.com\/urun\/pembe-katli-elbise\/"]}]},{"@type":"ImageObject","inLanguage":"de","@id":"https:\/\/safakbutik.com\/urun\/pembe-katli-elbise\/#primaryimage","url":"https:\/\/safakbutik.com\/wp-content\/uploads\/2025\/08\/4c6848c3-b129-40a4-8460-41e8daeed4be.jpeg","contentUrl":"https:\/\/safakbutik.com\/wp-content\/uploads\/2025\/08\/4c6848c3-b129-40a4-8460-41e8daeed4be.jpeg","width":1200,"height":1600},{"@type":"BreadcrumbList","@id":"https:\/\/safakbutik.com\/urun\/pembe-katli-elbise\/#breadcrumb","itemListElement":[{"@type":"ListItem","position":1,"name":"Anasayfa","item":"https:\/\/safakbutik.com\/"},{"@type":"ListItem","position":2,"name":"Magaza","item":"https:\/\/safakbutik.com\/magaza\/"},{"@type":"ListItem","position":3,"name":"Pembe katl\u0131 elbise"}]},{"@type":"WebSite","@id":"https:\/\/safakbutik.com\/#website","url":"https:\/\/safakbutik.com\/","name":"\u015eafak Butik","description":"\u015eafak Butik","potentialAction":[{"@type":"SearchAction","target":{"@type":"EntryPoint","urlTemplate":"https:\/\/safakbutik.com\/?s={search_term_string}"},"query-input":{"@type":"PropertyValueSpecification","valueRequired":true,"valueName":"search_term_string"}}],"inLanguage":"de"}]}},"_links":{"self":[{"href":"https:\/\/safakbutik.com\/de\/wp-json\/wp\/v2\/product\/28462","targetHints":{"allow":["GET"]}}],"collection":[{"href":"https:\/\/safakbutik.com\/de\/wp-json\/wp\/v2\/product"}],"about":[{"href":"https:\/\/safakbutik.com\/de\/wp-json\/wp\/v2\/types\/product"}],"replies":[{"embeddable":true,"href":"https:\/\/safakbutik.com\/de\/wp-json\/wp\/v2\/comments?post=28462"}],"version-history":[{"count":1,"href":"https:\/\/safakbutik.com\/de\/wp-json\/wp\/v2\/product\/28462\/revisions"}],"predecessor-version":[{"id":28464,"href":"https:\/\/safakbutik.com\/de\/wp-json\/wp\/v2\/product\/28462\/revisions\/28464"}],"wp:featuredmedia":[{"embeddable":true,"href":"https:\/\/safakbutik.com\/de\/wp-json\/wp\/v2\/media\/28457"}],"wp:attachment":[{"href":"https:\/\/safakbutik.com\/de\/wp-json\/wp\/v2\/media?parent=28462"}],"wp:term":[{"taxonomy":"product_brand","embeddable":true,"href":"https:\/\/safakbutik.com\/de\/wp-json\/wp\/v2\/product_brand?post=28462"},{"taxonomy":"product_cat","embeddable":true,"href":"https:\/\/safakbutik.com\/de\/wp-json\/wp\/v2\/product_cat?post=28462"},{"taxonomy":"product_tag","embeddable":true,"href":"https:\/\/safakbutik.com\/de\/wp-json\/wp\/v2\/product_tag?post=28462"}],"curies":[{"name":"wp","href":"https:\/\/api.w.org\/{rel}","templated":true}]}}