{"id":3,"date":"2025-07-13T19:05:02","date_gmt":"2025-07-13T16:05:02","guid":{"rendered":"http:\/\/safakbutik.com\/?page_id=3"},"modified":"2025-07-15T03:05:02","modified_gmt":"2025-07-15T00:05:02","slug":"gizlilik-politikasi","status":"publish","type":"page","link":"https:\/\/safakbutik.com\/de\/gizlilik-politikasi\/","title":{"rendered":"Datenschutzrichtlinie"},"content":{"rendered":"<div data-elementor-type=\"wp-page\" data-elementor-id=\"3\" class=\"elementor elementor-3\">\n\t\t\t\t<div class=\"wd-negative-gap elementor-element elementor-element-e47fdcf wd-section-stretch e-flex e-con-boxed elementor-invisible e-con e-parent\" data-id=\"e47fdcf\" data-element_type=\"container\" data-settings=\"{&quot;background_background&quot;:&quot;classic&quot;,&quot;animation&quot;:&quot;fadeInUp&quot;}\">\n\t\t\t\t\t<div class=\"e-con-inner\">\n\t\t\t\t<div class=\"elementor-element elementor-element-e8acf6f wd-width-100 elementor-widget elementor-widget-wd_title\" data-id=\"e8acf6f\" data-element_type=\"widget\" data-widget_type=\"wd_title.default\">\n\t\t\t\t<div class=\"elementor-widget-container\">\n\t\t\t\t\t\t\t<div class=\"title-wrapper wd-set-mb reset-last-child wd-title-color-default wd-title-style-default wd-title-size-medium text-center\">\n\n\t\t\t\n\t\t\t<div class=\"liner-continer\">\n\t\t\t\t<h4 class=\"woodmart-title-container title wd-fontsize-xl\">Datenschutzrichtlinie<br \/>\n<\/h4> \n\t\t\t\t\t\t\t<\/div>\n\n\t\t\t\t\t<\/div>\n\t\t\t\t\t\t<\/div>\n\t\t\t\t<\/div>\n\t\t\t\t\t<\/div>\n\t\t\t\t<\/div>\n\t\t<div class=\"wd-negative-gap elementor-element elementor-element-1dbf22b e-flex e-con-boxed elementor-invisible e-con e-parent\" data-id=\"1dbf22b\" data-element_type=\"container\" data-settings=\"{&quot;animation&quot;:&quot;fadeInUp&quot;}\">\n\t\t\t\t\t<div class=\"e-con-inner\">\n\t\t<div class=\"elementor-element elementor-element-06d9556 e-con-full e-flex e-con e-child\" data-id=\"06d9556\" data-element_type=\"container\">\n\t\t\t\t<div class=\"elementor-element elementor-element-2ede526 elementor-widget elementor-widget-wd_text_block\" data-id=\"2ede526\" data-element_type=\"widget\" data-widget_type=\"wd_text_block.default\">\n\t\t\t\t<div class=\"elementor-widget-container\">\n\t\t\t\t\t\t\t<div class=\"wd-text-block reset-last-child text-left\">\n\t\t\t\n\t\t\t<p data-start=\"296\" data-end=\"690\"><strong data-start=\"296\" data-end=\"311\">Dawn Boutique<\/strong> Aspekt, <a class=\"\" href=\"https:\/\/safakbutik.com\/de\/\" target=\"_new\" rel=\"noopener\" data-start=\"320\" data-end=\"367\">www.safakbutik.com<\/a> Wir legen gro\u00dfen Wert auf die Privatsph\u00e4re und den Schutz personenbezogener Daten aller Benutzer, die unsere Website besuchen und\/oder dort einkaufen. <strong data-start=\"527\" data-end=\"550\">Datenschutzrichtlinie<\/strong>, m\u00f6chte Sie dar\u00fcber informieren, wie die Informationen unserer gesch\u00e4tzten Besucher gesammelt, verwendet, gespeichert und gesch\u00fctzt werden.<\/p><hr data-start=\"692\" data-end=\"695\" \/><h3 data-start=\"697\" data-end=\"725\"><strong data-start=\"701\" data-end=\"725\">1. Erfasste Informationen<\/strong><\/h3><p data-start=\"727\" data-end=\"832\">Wenn Sie unsere Website besuchen oder Eink\u00e4ufe t\u00e4tigen, erfassen wir m\u00f6glicherweise die folgenden Informationen:<\/p><ul data-start=\"834\" data-end=\"1052\"><li data-start=\"834\" data-end=\"847\"><p data-start=\"836\" data-end=\"847\">Name, Nachname<\/p><\/li><li data-start=\"848\" data-end=\"866\"><p data-start=\"850\" data-end=\"866\">E-Mail-Adresse<\/p><\/li><li data-start=\"867\" data-end=\"887\"><p data-start=\"869\" data-end=\"887\">Telefonnummer<\/p><\/li><li data-start=\"888\" data-end=\"917\"><p data-start=\"890\" data-end=\"917\">Liefer- und Rechnungsadresse<\/p><\/li><li data-start=\"918\" data-end=\"989\"><p data-start=\"920\" data-end=\"989\">Zahlungs- und Bestellinformationen (Kartennummern werden niemals erfasst)<\/p><\/li><li data-start=\"990\" data-end=\"1052\"><p data-start=\"992\" data-end=\"1052\">Anonyme Daten wie IP-Adresse, Browsertyp, Besuchsdauer<\/p><\/li><\/ul><p data-start=\"1054\" data-end=\"1237\">Diese Informationen werden ausschlie\u00dflich zum Zweck der Bestellabwicklung, der Kundenkommunikation, der Verbesserung der Servicequalit\u00e4t und gegebenenfalls der Erf\u00fcllung gesetzlicher Verpflichtungen verwendet.<\/p><hr data-start=\"1239\" data-end=\"1242\" \/><h3 data-start=\"1244\" data-end=\"1275\"><strong data-start=\"1248\" data-end=\"1275\">2. Verwendung von Informationen<\/strong><\/h3><p data-start=\"1277\" data-end=\"1332\">Die erhobenen personenbezogenen Daten k\u00f6nnen f\u00fcr folgende Zwecke verwendet werden:<\/p><ul data-start=\"1334\" data-end=\"1671\"><li data-start=\"1334\" data-end=\"1404\"><p data-start=\"1336\" data-end=\"1404\">Durchf\u00fchrung von Bestellvorg\u00e4ngen und Steuerung von Lieferprozessen<\/p><\/li><li data-start=\"1405\" data-end=\"1446\"><p data-start=\"1407\" data-end=\"1446\">Bereitstellung von Kundendienstunterst\u00fctzung<\/p><\/li><li data-start=\"1447\" data-end=\"1493\"><p data-start=\"1449\" data-end=\"1493\">Bestell-, Rechnungs- und Versandinformationen<\/p><\/li><li data-start=\"1494\" data-end=\"1561\"><p data-start=\"1496\" data-end=\"1561\">Kampagne, Ank\u00fcndigung und Werbekommunikation (mit Benutzergenehmigung)<\/p><\/li><li data-start=\"1562\" data-end=\"1633\"><p data-start=\"1564\" data-end=\"1633\">Dienste entwickeln und Benutzererfahrung verbessern<\/p><\/li><li data-start=\"1634\" data-end=\"1671\"><p data-start=\"1636\" data-end=\"1671\">Sicherstellung der Einhaltung gesetzlicher Vorschriften<\/p><\/li><\/ul><hr data-start=\"1673\" data-end=\"1676\" \/><h3 data-start=\"1678\" data-end=\"1709\"><strong data-start=\"1682\" data-end=\"1709\">3. Schutz von Informationen<\/strong><\/h3><p data-start=\"1711\" data-end=\"1994\">\u015eafak Boutique ergreift alle notwendigen technischen und administrativen Ma\u00dfnahmen zum Schutz der Benutzerdaten. Unsere Website ist durch ein SSL-Sicherheitszertifikat gesch\u00fctzt. Ihre Kreditkarteninformationen werden \u00fcber die sicheren Systeme Ihrer Bank mithilfe einer 3D-Secure-Infrastruktur verarbeitet. <strong data-start=\"1955\" data-end=\"1993\">Es wird von uns nie aufgezeichnet.<\/strong>.<\/p><hr data-start=\"1996\" data-end=\"1999\" \/><h3 data-start=\"2001\" data-end=\"2032\"><strong data-start=\"2005\" data-end=\"2032\">4. Weitergabe von Informationen<\/strong><\/h3><p data-start=\"2034\" data-end=\"2213\">Ihre Benutzerinformationen werden in keiner Weise an Dritte weitergegeben. <strong data-start=\"2086\" data-end=\"2115\">nicht f\u00fcr kommerzielle Zwecke weitergegeben<\/strong>, nicht verkauft oder vermietet.<br data-start=\"2143\" data-end=\"2146\" \/>Eine Weitergabe an autorisierte Institutionen ist jedoch in folgenden F\u00e4llen m\u00f6glich:<\/p><ul data-start=\"2215\" data-end=\"2354\"><li data-start=\"2215\" data-end=\"2247\"><p data-start=\"2217\" data-end=\"2247\">Entstehung einer rechtlichen Verpflichtung<\/p><\/li><li data-start=\"2248\" data-end=\"2277\"><p data-start=\"2250\" data-end=\"2277\">Antrag der zust\u00e4ndigen Beh\u00f6rden<\/p><\/li><li data-start=\"2278\" data-end=\"2354\"><p data-start=\"2280\" data-end=\"2354\">Bei Feststellung illegaler Aktivit\u00e4ten wie Betrug oder F\u00e4lschung<\/p><\/li><\/ul><hr data-start=\"2356\" data-end=\"2359\" \/><h3 data-start=\"2361\" data-end=\"2396\"><strong data-start=\"2365\" data-end=\"2396\">5. Verwendung von Cookies<\/strong><\/h3><p data-start=\"2398\" data-end=\"2725\">Um das Benutzererlebnis auf unserer Website zu verbessern <strong data-start=\"2454\" data-end=\"2472\">Pl\u00e4tzchen<\/strong> Technologie wird verwendet. Diese kleinen Dateien helfen uns, Ihren Besuchsverlauf zu speichern, Ihren Warenkorb zu verwalten und Ihre Einstellungen zu speichern. Sie k\u00f6nnen Cookies jederzeit aus Ihrem Browser l\u00f6schen oder deren Verwendung verhindern.<\/p><hr data-start=\"2727\" data-end=\"2730\" \/><h3 data-start=\"2732\" data-end=\"2779\"><strong data-start=\"2736\" data-end=\"2779\">6. Ihre Rechte in Bezug auf Ihre personenbezogenen Daten<\/strong><\/h3><p data-start=\"2781\" data-end=\"2872\">Gesetz Nr. 6698 <strong data-start=\"2793\" data-end=\"2838\">Gesetz zum Schutz personenbezogener Daten (KVKK)<\/strong> Sie haben folgende Rechte:<\/p><ul data-start=\"2874\" data-end=\"3107\"><li data-start=\"2874\" data-end=\"2929\"><p data-start=\"2876\" data-end=\"2929\">Erfahren, ob Ihre personenbezogenen Daten verarbeitet werden<\/p><\/li><li data-start=\"2930\" data-end=\"2960\"><p data-start=\"2932\" data-end=\"2960\">Zugriff auf Daten anfordern<\/p><\/li><li data-start=\"2961\" data-end=\"3014\"><p data-start=\"2963\" data-end=\"3014\">Korrektur fehlender oder falscher Daten anfordern<\/p><\/li><li data-start=\"3015\" data-end=\"3071\"><p data-start=\"3017\" data-end=\"3071\">L\u00f6schung oder Vernichtung von Daten beantragen<\/p><\/li><li data-start=\"3072\" data-end=\"3107\"><p data-start=\"3074\" data-end=\"3107\">Widerspruch gegen die Datenverarbeitung<\/p><\/li><\/ul><p data-start=\"3109\" data-end=\"3189\">Sie k\u00f6nnen uns f\u00fcr Ihre Anfragen kontaktieren:<br data-start=\"3160\" data-end=\"3163\" \/>\ud83d\udce9 <strong data-start=\"3166\" data-end=\"3189\"><a class=\"cursor-pointer\" rel=\"noopener\" data-start=\"3168\" data-end=\"3187\">info@safakbutik.com<\/a><\/strong><\/p><hr data-start=\"3191\" data-end=\"3194\" \/><h3 data-start=\"3196\" data-end=\"3241\"><strong data-start=\"3200\" data-end=\"3241\">7. \u00c4nderungen der Datenschutzrichtlinie<\/strong><\/h3><p data-start=\"3243\" data-end=\"3456\">\u015eafak Butik kann diese Richtlinie bei Bedarf aktualisieren. \u00c4nderungen gelten sofort nach Ver\u00f6ffentlichung auf unserer Website als wirksam. Wir empfehlen Ihnen daher, unsere Datenschutzrichtlinie regelm\u00e4\u00dfig zu \u00fcberpr\u00fcfen.<\/p><hr data-start=\"3458\" data-end=\"3461\" \/><h3 data-start=\"3463\" data-end=\"3489\"><strong data-start=\"3467\" data-end=\"3489\">Kontaktinformationen<\/strong><\/h3><p data-start=\"3491\" data-end=\"3693\"><strong data-start=\"3491\" data-end=\"3506\">Dawn Boutique<\/strong><br data-start=\"3506\" data-end=\"3509\" \/>Kad\u0131pa\u015fa-Viertel Kemal-Reiso\u011flu-Stra\u00dfe<br data-start=\"3548\" data-end=\"3551\" \/>Ozhan Apartment Nr. 1<br data-start=\"3571\" data-end=\"3574\" \/>Alanya \/ Antalya<br data-start=\"3590\" data-end=\"3593\" \/>\ud83d\udcde +90 (535) 968 31 13<br data-start=\"3615\" data-end=\"3618\" \/>\ud83d\udce9 <a class=\"cursor-pointer\" rel=\"noopener\" data-start=\"3621\" data-end=\"3640\">info@safakbutik.com<\/a><br data-start=\"3640\" data-end=\"3643\" \/>\ud83c\udf10 <a class=\"\" href=\"https:\/\/safakbutik.com\/de\/\" target=\"_new\" rel=\"noopener\" data-start=\"3646\" data-end=\"3693\">www.safakbutik.com<\/a><\/p>\n\t\t\t\t\t<\/div>\n\t\t\t\t\t\t<\/div>\n\t\t\t\t<\/div>\n\t\t\t\t<\/div>\n\t\t\t\t\t<\/div>\n\t\t\t\t<\/div>\n\t\t\t\t<\/div>","protected":false},"excerpt":{"rendered":"<p>Gizlilik Politikas\u0131 \u015eafak Butik olarak, www.safakbutik.com web sitemizi ziyaret eden ve\/veya al\u0131\u015fveri\u015f yapan t\u00fcm kullan\u0131c\u0131lar\u0131n ki\u015fisel bilgilerinin gizlili\u011fine ve korunmas\u0131na<\/p>","protected":false},"author":1,"featured_media":0,"parent":0,"menu_order":0,"comment_status":"closed","ping_status":"open","template":"elementor_header_footer","meta":{"_joinchat":[],"footnotes":""},"class_list":["post-3","page","type-page","status-publish","hentry"],"yoast_head":"<!-- This site is optimized with the Yoast SEO plugin v25.4 - https:\/\/yoast.com\/wordpress\/plugins\/seo\/ -->\n<title>Gizlilik Politikas\u0131 - \u015eafak Butik<\/title>\n<meta name=\"robots\" content=\"index, follow, max-snippet:-1, max-image-preview:large, max-video-preview:-1\" \/>\n<link rel=\"canonical\" href=\"https:\/\/safakbutik.com\/de\/gizlilik-politikasi\/\" \/>\n<meta property=\"og:locale\" content=\"de_DE\" \/>\n<meta property=\"og:type\" content=\"article\" \/>\n<meta property=\"og:title\" content=\"Gizlilik Politikas\u0131 - \u015eafak Butik\" \/>\n<meta property=\"og:description\" content=\"Gizlilik Politikas\u0131 \u015eafak Butik olarak, www.safakbutik.com web sitemizi ziyaret eden ve\/veya al\u0131\u015fveri\u015f yapan t\u00fcm kullan\u0131c\u0131lar\u0131n ki\u015fisel bilgilerinin gizlili\u011fine ve korunmas\u0131na\" \/>\n<meta property=\"og:url\" content=\"https:\/\/safakbutik.com\/de\/gizlilik-politikasi\/\" \/>\n<meta property=\"og:site_name\" content=\"\u015eafak Butik\" \/>\n<meta property=\"article:modified_time\" content=\"2025-07-15T00:05:02+00:00\" \/>\n<meta name=\"twitter:card\" content=\"summary_large_image\" \/>\n<meta name=\"twitter:label1\" content=\"Gesch\u00e4tzte Lesezeit\" \/>\n\t<meta name=\"twitter:data1\" content=\"3\u00a0Minuten\" \/>\n<script type=\"application\/ld+json\" class=\"yoast-schema-graph\">{\"@context\":\"https:\/\/schema.org\",\"@graph\":[{\"@type\":\"WebPage\",\"@id\":\"https:\/\/safakbutik.com\/gizlilik-politikasi\/\",\"url\":\"https:\/\/safakbutik.com\/gizlilik-politikasi\/\",\"name\":\"Gizlilik Politikas\u0131 - \u015eafak Butik\",\"isPartOf\":{\"@id\":\"https:\/\/safakbutik.com\/#website\"},\"datePublished\":\"2025-07-13T16:05:02+00:00\",\"dateModified\":\"2025-07-15T00:05:02+00:00\",\"breadcrumb\":{\"@id\":\"https:\/\/safakbutik.com\/gizlilik-politikasi\/#breadcrumb\"},\"inLanguage\":\"de\",\"potentialAction\":[{\"@type\":\"ReadAction\",\"target\":[\"https:\/\/safakbutik.com\/gizlilik-politikasi\/\"]}]},{\"@type\":\"BreadcrumbList\",\"@id\":\"https:\/\/safakbutik.com\/gizlilik-politikasi\/#breadcrumb\",\"itemListElement\":[{\"@type\":\"ListItem\",\"position\":1,\"name\":\"Anasayfa\",\"item\":\"https:\/\/safakbutik.com\/\"},{\"@type\":\"ListItem\",\"position\":2,\"name\":\"Gizlilik Politikas\u0131\"}]},{\"@type\":\"WebSite\",\"@id\":\"https:\/\/safakbutik.com\/#website\",\"url\":\"https:\/\/safakbutik.com\/\",\"name\":\"\u015eafak Butik\",\"description\":\"\u015eafak Butik\",\"potentialAction\":[{\"@type\":\"SearchAction\",\"target\":{\"@type\":\"EntryPoint\",\"urlTemplate\":\"https:\/\/safakbutik.com\/?s={search_term_string}\"},\"query-input\":{\"@type\":\"PropertyValueSpecification\",\"valueRequired\":true,\"valueName\":\"search_term_string\"}}],\"inLanguage\":\"de\"}]}<\/script>\n<!-- \/ Yoast SEO plugin. -->","yoast_head_json":{"title":"Gizlilik Politikas\u0131 - \u015eafak Butik","robots":{"index":"index","follow":"follow","max-snippet":"max-snippet:-1","max-image-preview":"max-image-preview:large","max-video-preview":"max-video-preview:-1"},"canonical":"https:\/\/safakbutik.com\/de\/gizlilik-politikasi\/","og_locale":"de_DE","og_type":"article","og_title":"Gizlilik Politikas\u0131 - \u015eafak Butik","og_description":"Gizlilik Politikas\u0131 \u015eafak Butik olarak, www.safakbutik.com web sitemizi ziyaret eden ve\/veya al\u0131\u015fveri\u015f yapan t\u00fcm kullan\u0131c\u0131lar\u0131n ki\u015fisel bilgilerinin gizlili\u011fine ve korunmas\u0131na","og_url":"https:\/\/safakbutik.com\/de\/gizlilik-politikasi\/","og_site_name":"\u015eafak Butik","article_modified_time":"2025-07-15T00:05:02+00:00","twitter_card":"summary_large_image","twitter_misc":{"Gesch\u00e4tzte Lesezeit":"3\u00a0Minuten"},"schema":{"@context":"https:\/\/schema.org","@graph":[{"@type":"WebPage","@id":"https:\/\/safakbutik.com\/gizlilik-politikasi\/","url":"https:\/\/safakbutik.com\/gizlilik-politikasi\/","name":"Gizlilik Politikas\u0131 - \u015eafak Butik","isPartOf":{"@id":"https:\/\/safakbutik.com\/#website"},"datePublished":"2025-07-13T16:05:02+00:00","dateModified":"2025-07-15T00:05:02+00:00","breadcrumb":{"@id":"https:\/\/safakbutik.com\/gizlilik-politikasi\/#breadcrumb"},"inLanguage":"de","potentialAction":[{"@type":"ReadAction","target":["https:\/\/safakbutik.com\/gizlilik-politikasi\/"]}]},{"@type":"BreadcrumbList","@id":"https:\/\/safakbutik.com\/gizlilik-politikasi\/#breadcrumb","itemListElement":[{"@type":"ListItem","position":1,"name":"Anasayfa","item":"https:\/\/safakbutik.com\/"},{"@type":"ListItem","position":2,"name":"Gizlilik Politikas\u0131"}]},{"@type":"WebSite","@id":"https:\/\/safakbutik.com\/#website","url":"https:\/\/safakbutik.com\/","name":"\u015eafak Butik","description":"\u015eafak Butik","potentialAction":[{"@type":"SearchAction","target":{"@type":"EntryPoint","urlTemplate":"https:\/\/safakbutik.com\/?s={search_term_string}"},"query-input":{"@type":"PropertyValueSpecification","valueRequired":true,"valueName":"search_term_string"}}],"inLanguage":"de"}]}},"_links":{"self":[{"href":"https:\/\/safakbutik.com\/de\/wp-json\/wp\/v2\/pages\/3","targetHints":{"allow":["GET"]}}],"collection":[{"href":"https:\/\/safakbutik.com\/de\/wp-json\/wp\/v2\/pages"}],"about":[{"href":"https:\/\/safakbutik.com\/de\/wp-json\/wp\/v2\/types\/page"}],"author":[{"embeddable":true,"href":"https:\/\/safakbutik.com\/de\/wp-json\/wp\/v2\/users\/1"}],"replies":[{"embeddable":true,"href":"https:\/\/safakbutik.com\/de\/wp-json\/wp\/v2\/comments?post=3"}],"version-history":[{"count":4,"href":"https:\/\/safakbutik.com\/de\/wp-json\/wp\/v2\/pages\/3\/revisions"}],"predecessor-version":[{"id":28243,"href":"https:\/\/safakbutik.com\/de\/wp-json\/wp\/v2\/pages\/3\/revisions\/28243"}],"wp:attachment":[{"href":"https:\/\/safakbutik.com\/de\/wp-json\/wp\/v2\/media?parent=3"}],"curies":[{"name":"wp","href":"https:\/\/api.w.org\/{rel}","templated":true}]}}