{"id":27871,"date":"2025-07-14T23:54:51","date_gmt":"2025-07-14T20:54:51","guid":{"rendered":"https:\/\/safakbutik.com\/?page_id=27871"},"modified":"2025-07-15T03:07:27","modified_gmt":"2025-07-15T00:07:27","slug":"kisisel-verilerin-korunumu-politikasi","status":"publish","type":"page","link":"https:\/\/safakbutik.com\/de\/kisisel-verilerin-korunumu-politikasi\/","title":{"rendered":"Datenschutzrichtlinie"},"content":{"rendered":"<div data-elementor-type=\"wp-page\" data-elementor-id=\"27871\" class=\"elementor elementor-27871\">\n\t\t\t\t<div class=\"wd-negative-gap elementor-element elementor-element-1e06690 wd-section-stretch e-flex e-con-boxed elementor-invisible e-con e-parent\" data-id=\"1e06690\" data-element_type=\"container\" data-settings=\"{&quot;background_background&quot;:&quot;classic&quot;,&quot;animation&quot;:&quot;fadeInUp&quot;}\">\n\t\t\t\t\t<div class=\"e-con-inner\">\n\t\t\t\t<div class=\"elementor-element elementor-element-e74f143 wd-width-100 elementor-widget elementor-widget-wd_title\" data-id=\"e74f143\" data-element_type=\"widget\" data-widget_type=\"wd_title.default\">\n\t\t\t\t<div class=\"elementor-widget-container\">\n\t\t\t\t\t\t\t<div class=\"title-wrapper wd-set-mb reset-last-child wd-title-color-default wd-title-style-default wd-title-size-medium text-center\">\n\n\t\t\t\n\t\t\t<div class=\"liner-continer\">\n\t\t\t\t<h4 class=\"woodmart-title-container title wd-fontsize-xl\">Richtlinie zum Schutz personenbezogener Daten (KVKK)<br \/>\n<\/h4> \n\t\t\t\t\t\t\t<\/div>\n\n\t\t\t\t\t<\/div>\n\t\t\t\t\t\t<\/div>\n\t\t\t\t<\/div>\n\t\t\t\t\t<\/div>\n\t\t\t\t<\/div>\n\t\t<div class=\"wd-negative-gap elementor-element elementor-element-5841825 e-flex e-con-boxed elementor-invisible e-con e-parent\" data-id=\"5841825\" data-element_type=\"container\" data-settings=\"{&quot;animation&quot;:&quot;fadeInUp&quot;}\">\n\t\t\t\t\t<div class=\"e-con-inner\">\n\t\t<div class=\"elementor-element elementor-element-7decb36 e-con-full e-flex e-con e-child\" data-id=\"7decb36\" data-element_type=\"container\">\n\t\t\t\t<div class=\"elementor-element elementor-element-0c29725 elementor-widget elementor-widget-wd_text_block\" data-id=\"0c29725\" data-element_type=\"widget\" data-widget_type=\"wd_text_block.default\">\n\t\t\t\t<div class=\"elementor-widget-container\">\n\t\t\t\t\t\t\t<div class=\"wd-text-block reset-last-child text-left\">\n\t\t\t\n\t\t\t<p data-start=\"322\" data-end=\"616\"><strong data-start=\"322\" data-end=\"337\">Dawn Boutique<\/strong> Als Unternehmen legen wir Wert auf die Privatsph\u00e4re und den Schutz der pers\u00f6nlichen Daten unserer Kunden. <strong data-start=\"435\" data-end=\"480\">Gesetz zum Schutz personenbezogener Daten (KVKK)<\/strong> Alle unsere Prozesse im Zusammenhang mit der Verarbeitung, Speicherung und dem Schutz Ihrer personenbezogenen Daten erfolgen gem\u00e4\u00df den gesetzlichen Bestimmungen.<\/p><p data-start=\"618\" data-end=\"818\">Diese Richtlinie wurde erstellt, um Sie dar\u00fcber zu informieren, wie die personenbezogenen Daten unserer Website-Besucher erhoben, verarbeitet und gespeichert werden und welche Rechte sie haben.<\/p><hr data-start=\"820\" data-end=\"823\" \/><h3 data-start=\"825\" data-end=\"860\"><strong data-start=\"829\" data-end=\"860\">1. Informationen zum Datenverantwortlichen<\/strong><\/h3><p data-start=\"862\" data-end=\"1112\"><strong data-start=\"862\" data-end=\"879\">Handelsname:<\/strong> Dawn Boutique<br data-start=\"891\" data-end=\"894\" \/><strong data-start=\"894\" data-end=\"904\">Adresse:<\/strong> Kad\u0131pa\u015fa Nachbarschaft Kemal Reiso\u011flu Stra\u00dfe, \u00d6zhan Wohnung Nr. 1 Alanya \/ Antalya<br data-start=\"983\" data-end=\"986\" \/><strong data-start=\"986\" data-end=\"998\">Telefon:<\/strong> +90 (535) 968 31 13<br data-start=\"1018\" data-end=\"1021\" \/><strong data-start=\"1021\" data-end=\"1033\">E-Mail:<\/strong> <a class=\"cursor-pointer\" rel=\"noopener\" data-start=\"1034\" data-end=\"1053\">info@safakbutik.com<\/a><br data-start=\"1053\" data-end=\"1056\" \/><strong data-start=\"1056\" data-end=\"1064\">Webseite:<\/strong> <a class=\"\" href=\"https:\/\/safakbutik.com\/de\/\" target=\"_new\" rel=\"noopener\" data-start=\"1065\" data-end=\"1112\">www.safakbutik.com<\/a><\/p><hr data-start=\"1114\" data-end=\"1117\" \/><h3 data-start=\"1119\" data-end=\"1167\"><strong data-start=\"1123\" data-end=\"1167\">2. Methoden zur Erhebung personenbezogener Daten<\/strong><\/h3><p data-start=\"1169\" data-end=\"1235\">Als \u015eafak Boutique erfassen wir Ihre personenbezogenen Daten auf folgende Weise:<\/p><ul data-start=\"1237\" data-end=\"1529\"><li data-start=\"1237\" data-end=\"1305\"><p data-start=\"1239\" data-end=\"1305\">Mitgliedschafts- und Bestellvorg\u00e4nge, die Sie \u00fcber unsere Website t\u00e4tigen<\/p><\/li><li data-start=\"1306\" data-end=\"1361\"><p data-start=\"1308\" data-end=\"1361\">Kontaktformulare und Kundenservice-Korrespondenz<\/p><\/li><li data-start=\"1362\" data-end=\"1417\"><p data-start=\"1364\" data-end=\"1417\">Informationen, die Sie w\u00e4hrend des Versand- und Rechnungsvorgangs weitergeben<\/p><\/li><li data-start=\"1418\" data-end=\"1477\"><p data-start=\"1420\" data-end=\"1477\">Cookie-Daten \u00fcber Ihre Nutzung der Website<\/p><\/li><li data-start=\"1478\" data-end=\"1529\"><p data-start=\"1480\" data-end=\"1529\">Formulare zur Anmeldung f\u00fcr Kampagnen und Aktionen<\/p><\/li><\/ul><hr data-start=\"1531\" data-end=\"1534\" \/><h3 data-start=\"1536\" data-end=\"1570\"><strong data-start=\"1540\" data-end=\"1570\">3. Verarbeitete personenbezogene Daten<\/strong><\/h3><p data-start=\"1572\" data-end=\"1682\">Zum Zwecke der Leistungserbringung und Erf\u00fcllung rechtlicher Verpflichtungen k\u00f6nnen folgende personenbezogene Daten verarbeitet werden:<\/p><ul data-start=\"1684\" data-end=\"1861\"><li data-start=\"1684\" data-end=\"1697\"><p data-start=\"1686\" data-end=\"1697\">Name, Nachname<\/p><\/li><li data-start=\"1698\" data-end=\"1718\"><p data-start=\"1700\" data-end=\"1718\">Telefonnummer<\/p><\/li><li data-start=\"1719\" data-end=\"1737\"><p data-start=\"1721\" data-end=\"1737\">E-Mail-Adresse<\/p><\/li><li data-start=\"1738\" data-end=\"1767\"><p data-start=\"1740\" data-end=\"1767\">Liefer- und Rechnungsadresse<\/p><\/li><li data-start=\"1768\" data-end=\"1803\"><p data-start=\"1770\" data-end=\"1803\">IP-Adresse und Browserinformationen<\/p><\/li><li data-start=\"1804\" data-end=\"1832\"><p data-start=\"1806\" data-end=\"1832\">Bestell- und Zahlungsverlauf<\/p><\/li><li data-start=\"1833\" data-end=\"1861\"><p data-start=\"1835\" data-end=\"1861\">Anfrage- und Beschwerdeinformationen<\/p><\/li><\/ul><hr data-start=\"1863\" data-end=\"1866\" \/><h3 data-start=\"1868\" data-end=\"1913\"><strong data-start=\"1872\" data-end=\"1913\">4. Zwecke der Verarbeitung personenbezogener Daten<\/strong><\/h3><p data-start=\"1915\" data-end=\"1979\">Die von Ihnen erhobenen personenbezogenen Daten werden zu folgenden Zwecken verarbeitet:<\/p><ul data-start=\"1981\" data-end=\"2283\"><li data-start=\"1981\" data-end=\"2042\"><p data-start=\"1983\" data-end=\"2042\">Durchf\u00fchrung von Bestellvorg\u00e4ngen und Sicherstellung der Lieferung<\/p><\/li><li data-start=\"2043\" data-end=\"2084\"><p data-start=\"2045\" data-end=\"2084\">Abwicklung des Zahlungsverkehrs<\/p><\/li><li data-start=\"2085\" data-end=\"2115\"><p data-start=\"2087\" data-end=\"2115\">Bereitstellung von Kundensupport<\/p><\/li><li data-start=\"2116\" data-end=\"2192\"><p data-start=\"2118\" data-end=\"2192\">Bereitstellung von Informationen zu Kampagnen und Ank\u00fcndigungen (sofern genehmigt)<\/p><\/li><li data-start=\"2193\" data-end=\"2240\"><p data-start=\"2195\" data-end=\"2240\">Durchf\u00fchrung von Kundenzufriedenheitsanalysen<\/p><\/li><li data-start=\"2241\" data-end=\"2283\"><p data-start=\"2243\" data-end=\"2283\">Erf\u00fcllung rechtlicher Verpflichtungen<\/p><\/li><\/ul><hr data-start=\"2285\" data-end=\"2288\" \/><h3 data-start=\"2290\" data-end=\"2334\"><strong data-start=\"2294\" data-end=\"2334\">5. Dauer der Speicherung personenbezogener Daten<\/strong><\/h3><p data-start=\"2336\" data-end=\"2510\">Ihre personenbezogenen Daten werden f\u00fcr einen Zeitraum gespeichert, der sich nach den geltenden gesetzlichen Verpflichtungen richtet. Nach Ablauf dieses Zeitraums werden die Daten anonymisiert oder vollst\u00e4ndig gel\u00f6scht.<\/p><hr data-start=\"2512\" data-end=\"2515\" \/><h3 data-start=\"2517\" data-end=\"2557\"><strong data-start=\"2521\" data-end=\"2557\">6. Weitergabe personenbezogener Daten<\/strong><\/h3><p data-start=\"2559\" data-end=\"2643\">Eine Weitergabe Ihrer personenbezogenen Daten an Dritte erfolgt nur in folgenden F\u00e4llen:<\/p><ul data-start=\"2645\" data-end=\"2900\"><li data-start=\"2645\" data-end=\"2711\"><p data-start=\"2647\" data-end=\"2711\">Wir nutzen beauftragte Frachtunternehmen, um Ihnen Ihre Bestellung auszuliefern.<\/p><\/li><li data-start=\"2712\" data-end=\"2778\"><p data-start=\"2714\" data-end=\"2778\">Mit autorisierten Zahlungssystemanbietern f\u00fcr den Zahlungsverkehr<\/p><\/li><li data-start=\"2779\" data-end=\"2837\"><p data-start=\"2781\" data-end=\"2837\">Mit offiziellen Institutionen und Organisationen im Rahmen gesetzlicher Verpflichtungen<\/p><\/li><li data-start=\"2838\" data-end=\"2900\"><p data-start=\"2840\" data-end=\"2900\">Mit Dienstleistungsunternehmen, die Informationstechnologie-Infrastruktur bereitstellen<\/p><\/li><\/ul><p data-start=\"2902\" data-end=\"3030\">\u015eafak Butik, Ihre pers\u00f6nlichen Daten <strong data-start=\"2936\" data-end=\"3030\">Es werden niemals Daten ohne Genehmigung an Dritte verkauft, vermietet oder zu Marketingzwecken weitergegeben.<\/strong><\/p><hr data-start=\"3032\" data-end=\"3035\" \/><h3 data-start=\"3037\" data-end=\"3076\"><strong data-start=\"3041\" data-end=\"3076\">7. Ihre Rechte gem\u00e4\u00df KVKK<\/strong><\/h3><p data-start=\"3078\" data-end=\"3186\">Gem\u00e4\u00df Artikel 11 des Gesetzes Nr. 6698 k\u00f6nnen Sie Ihre folgenden Rechte aus\u00fcben, indem Sie sich an \u015eafak Butik wenden:<\/p><ul data-start=\"3188\" data-end=\"3783\"><li data-start=\"3188\" data-end=\"3243\"><p data-start=\"3190\" data-end=\"3243\">Erfahren, ob Ihre personenbezogenen Daten verarbeitet werden<\/p><\/li><li data-start=\"3244\" data-end=\"3288\"><p data-start=\"3246\" data-end=\"3288\">Auskunft dar\u00fcber anfordern, ob es verarbeitet wurde<\/p><\/li><li data-start=\"3289\" data-end=\"3375\"><p data-start=\"3291\" data-end=\"3375\">Den Zweck der Datenverarbeitung und die zweckentsprechende Nutzung erfahren<\/p><\/li><li data-start=\"3376\" data-end=\"3453\"><p data-start=\"3378\" data-end=\"3453\">Kenntnis der Drittparteien, an die die Daten im In- und Ausland \u00fcbermittelt werden<\/p><\/li><li data-start=\"3454\" data-end=\"3516\"><p data-start=\"3456\" data-end=\"3516\">Berichtigung unvollst\u00e4ndiger oder fehlerhaft verarbeiteter Daten verlangen<\/p><\/li><li data-start=\"3517\" data-end=\"3581\"><p data-start=\"3519\" data-end=\"3581\">Fordern Sie die L\u00f6schung oder Vernichtung Ihrer personenbezogenen Daten an<\/p><\/li><li data-start=\"3582\" data-end=\"3673\"><p data-start=\"3584\" data-end=\"3673\">Widerspruch gegen die Analyse verarbeiteter Daten nur durch automatisierte Systeme<\/p><\/li><li data-start=\"3674\" data-end=\"3783\"><p data-start=\"3676\" data-end=\"3783\">Fordern Sie Schadensersatz an, falls Ihnen durch die unrechtm\u00e4\u00dfige Verarbeitung Ihrer Daten ein Schaden entsteht.<\/p><\/li><\/ul><hr data-start=\"3785\" data-end=\"3788\" \/><h3 data-start=\"3790\" data-end=\"3816\"><strong data-start=\"3794\" data-end=\"3816\">8. Bewerbungsmethode<\/strong><\/h3><p data-start=\"3818\" data-end=\"3945\">Bei Anfragen und Fragen zu Ihren personenbezogenen Daten k\u00f6nnen Sie uns \u00fcber folgende Kommunikationswege erreichen:<\/p><p data-start=\"3947\" data-end=\"4091\">\ud83d\udcde Telefon: +90 (535) 968 31 13<br data-start=\"3978\" data-end=\"3981\" \/>\ud83d\udce9 E-Mail: <a class=\"cursor-pointer\" rel=\"noopener\" data-start=\"3993\" data-end=\"4012\">info@safakbutik.com<\/a><br data-start=\"4012\" data-end=\"4015\" \/>\ud83d\udccd Adresse: Stadtteil Kad\u0131pa\u015fa, Kemal Reiso\u011flu Stra\u00dfe, \u00d6zhan Apt. Nr. 1, Alanya \/ Antalya<\/p><hr data-start=\"4093\" data-end=\"4096\" \/><h3 data-start=\"4098\" data-end=\"4139\"><strong data-start=\"4102\" data-end=\"4139\">9. Aktualisierungen und \u00c4nderungen<\/strong><\/h3><p data-start=\"4141\" data-end=\"4344\">\u015eafak Butik kann diese Richtlinie gem\u00e4\u00df den gesetzlichen Bestimmungen von Zeit zu Zeit aktualisieren. Aktualisierte Versionen werden mit der Ver\u00f6ffentlichung auf unserer Website wirksam. Wir empfehlen Ihnen, regelm\u00e4\u00dfig vorbeizuschauen.<\/p>\n\t\t\t\t\t<\/div>\n\t\t\t\t\t\t<\/div>\n\t\t\t\t<\/div>\n\t\t\t\t<\/div>\n\t\t\t\t\t<\/div>\n\t\t\t\t<\/div>\n\t\t\t\t<\/div>","protected":false},"excerpt":{"rendered":"<p>Ki\u015fisel Verilerin Korunmas\u0131 Politikas\u0131 (KVKK) \u015eafak Butik olarak, m\u00fc\u015fterilerimizin gizlili\u011fini ve ki\u015fisel verilerinin korunmas\u0131n\u0131 \u00f6nemsiyoruz. 6698 say\u0131l\u0131 Ki\u015fisel Verilerin Korunmas\u0131<\/p>","protected":false},"author":1,"featured_media":0,"parent":0,"menu_order":0,"comment_status":"closed","ping_status":"closed","template":"elementor_header_footer","meta":{"_joinchat":[],"footnotes":""},"class_list":["post-27871","page","type-page","status-publish","hentry"],"yoast_head":"<!-- This site is optimized with the Yoast SEO plugin v25.4 - https:\/\/yoast.com\/wordpress\/plugins\/seo\/ -->\n<title>Ki\u015fisel Verilerin Korunumu Politikas\u0131 - \u015eafak Butik<\/title>\n<meta name=\"robots\" content=\"index, follow, max-snippet:-1, max-image-preview:large, max-video-preview:-1\" \/>\n<link rel=\"canonical\" href=\"https:\/\/safakbutik.com\/de\/kisisel-verilerin-korunumu-politikasi\/\" \/>\n<meta property=\"og:locale\" content=\"de_DE\" \/>\n<meta property=\"og:type\" content=\"article\" \/>\n<meta property=\"og:title\" content=\"Ki\u015fisel Verilerin Korunumu Politikas\u0131 - \u015eafak Butik\" \/>\n<meta property=\"og:description\" content=\"Ki\u015fisel Verilerin Korunmas\u0131 Politikas\u0131 (KVKK) \u015eafak Butik olarak, m\u00fc\u015fterilerimizin gizlili\u011fini ve ki\u015fisel verilerinin korunmas\u0131n\u0131 \u00f6nemsiyoruz. 6698 say\u0131l\u0131 Ki\u015fisel Verilerin Korunmas\u0131\" \/>\n<meta property=\"og:url\" content=\"https:\/\/safakbutik.com\/de\/kisisel-verilerin-korunumu-politikasi\/\" \/>\n<meta property=\"og:site_name\" content=\"\u015eafak Butik\" \/>\n<meta property=\"article:modified_time\" content=\"2025-07-15T00:07:27+00:00\" \/>\n<meta name=\"twitter:card\" content=\"summary_large_image\" \/>\n<meta name=\"twitter:label1\" content=\"Gesch\u00e4tzte Lesezeit\" \/>\n\t<meta name=\"twitter:data1\" content=\"3\u00a0Minuten\" \/>\n<script type=\"application\/ld+json\" class=\"yoast-schema-graph\">{\"@context\":\"https:\/\/schema.org\",\"@graph\":[{\"@type\":\"WebPage\",\"@id\":\"https:\/\/safakbutik.com\/kisisel-verilerin-korunumu-politikasi\/\",\"url\":\"https:\/\/safakbutik.com\/kisisel-verilerin-korunumu-politikasi\/\",\"name\":\"Ki\u015fisel Verilerin Korunumu Politikas\u0131 - \u015eafak Butik\",\"isPartOf\":{\"@id\":\"https:\/\/safakbutik.com\/#website\"},\"datePublished\":\"2025-07-14T20:54:51+00:00\",\"dateModified\":\"2025-07-15T00:07:27+00:00\",\"breadcrumb\":{\"@id\":\"https:\/\/safakbutik.com\/kisisel-verilerin-korunumu-politikasi\/#breadcrumb\"},\"inLanguage\":\"de\",\"potentialAction\":[{\"@type\":\"ReadAction\",\"target\":[\"https:\/\/safakbutik.com\/kisisel-verilerin-korunumu-politikasi\/\"]}]},{\"@type\":\"BreadcrumbList\",\"@id\":\"https:\/\/safakbutik.com\/kisisel-verilerin-korunumu-politikasi\/#breadcrumb\",\"itemListElement\":[{\"@type\":\"ListItem\",\"position\":1,\"name\":\"Anasayfa\",\"item\":\"https:\/\/safakbutik.com\/\"},{\"@type\":\"ListItem\",\"position\":2,\"name\":\"Ki\u015fisel Verilerin Korunumu Politikas\u0131\"}]},{\"@type\":\"WebSite\",\"@id\":\"https:\/\/safakbutik.com\/#website\",\"url\":\"https:\/\/safakbutik.com\/\",\"name\":\"\u015eafak Butik\",\"description\":\"\u015eafak Butik\",\"potentialAction\":[{\"@type\":\"SearchAction\",\"target\":{\"@type\":\"EntryPoint\",\"urlTemplate\":\"https:\/\/safakbutik.com\/?s={search_term_string}\"},\"query-input\":{\"@type\":\"PropertyValueSpecification\",\"valueRequired\":true,\"valueName\":\"search_term_string\"}}],\"inLanguage\":\"de\"}]}<\/script>\n<!-- \/ Yoast SEO plugin. -->","yoast_head_json":{"title":"Ki\u015fisel Verilerin Korunumu Politikas\u0131 - \u015eafak Butik","robots":{"index":"index","follow":"follow","max-snippet":"max-snippet:-1","max-image-preview":"max-image-preview:large","max-video-preview":"max-video-preview:-1"},"canonical":"https:\/\/safakbutik.com\/de\/kisisel-verilerin-korunumu-politikasi\/","og_locale":"de_DE","og_type":"article","og_title":"Ki\u015fisel Verilerin Korunumu Politikas\u0131 - \u015eafak Butik","og_description":"Ki\u015fisel Verilerin Korunmas\u0131 Politikas\u0131 (KVKK) \u015eafak Butik olarak, m\u00fc\u015fterilerimizin gizlili\u011fini ve ki\u015fisel verilerinin korunmas\u0131n\u0131 \u00f6nemsiyoruz. 6698 say\u0131l\u0131 Ki\u015fisel Verilerin Korunmas\u0131","og_url":"https:\/\/safakbutik.com\/de\/kisisel-verilerin-korunumu-politikasi\/","og_site_name":"\u015eafak Butik","article_modified_time":"2025-07-15T00:07:27+00:00","twitter_card":"summary_large_image","twitter_misc":{"Gesch\u00e4tzte Lesezeit":"3\u00a0Minuten"},"schema":{"@context":"https:\/\/schema.org","@graph":[{"@type":"WebPage","@id":"https:\/\/safakbutik.com\/kisisel-verilerin-korunumu-politikasi\/","url":"https:\/\/safakbutik.com\/kisisel-verilerin-korunumu-politikasi\/","name":"Ki\u015fisel Verilerin Korunumu Politikas\u0131 - \u015eafak Butik","isPartOf":{"@id":"https:\/\/safakbutik.com\/#website"},"datePublished":"2025-07-14T20:54:51+00:00","dateModified":"2025-07-15T00:07:27+00:00","breadcrumb":{"@id":"https:\/\/safakbutik.com\/kisisel-verilerin-korunumu-politikasi\/#breadcrumb"},"inLanguage":"de","potentialAction":[{"@type":"ReadAction","target":["https:\/\/safakbutik.com\/kisisel-verilerin-korunumu-politikasi\/"]}]},{"@type":"BreadcrumbList","@id":"https:\/\/safakbutik.com\/kisisel-verilerin-korunumu-politikasi\/#breadcrumb","itemListElement":[{"@type":"ListItem","position":1,"name":"Anasayfa","item":"https:\/\/safakbutik.com\/"},{"@type":"ListItem","position":2,"name":"Ki\u015fisel Verilerin Korunumu Politikas\u0131"}]},{"@type":"WebSite","@id":"https:\/\/safakbutik.com\/#website","url":"https:\/\/safakbutik.com\/","name":"\u015eafak Butik","description":"\u015eafak Butik","potentialAction":[{"@type":"SearchAction","target":{"@type":"EntryPoint","urlTemplate":"https:\/\/safakbutik.com\/?s={search_term_string}"},"query-input":{"@type":"PropertyValueSpecification","valueRequired":true,"valueName":"search_term_string"}}],"inLanguage":"de"}]}},"_links":{"self":[{"href":"https:\/\/safakbutik.com\/de\/wp-json\/wp\/v2\/pages\/27871","targetHints":{"allow":["GET"]}}],"collection":[{"href":"https:\/\/safakbutik.com\/de\/wp-json\/wp\/v2\/pages"}],"about":[{"href":"https:\/\/safakbutik.com\/de\/wp-json\/wp\/v2\/types\/page"}],"author":[{"embeddable":true,"href":"https:\/\/safakbutik.com\/de\/wp-json\/wp\/v2\/users\/1"}],"replies":[{"embeddable":true,"href":"https:\/\/safakbutik.com\/de\/wp-json\/wp\/v2\/comments?post=27871"}],"version-history":[{"count":4,"href":"https:\/\/safakbutik.com\/de\/wp-json\/wp\/v2\/pages\/27871\/revisions"}],"predecessor-version":[{"id":28249,"href":"https:\/\/safakbutik.com\/de\/wp-json\/wp\/v2\/pages\/27871\/revisions\/28249"}],"wp:attachment":[{"href":"https:\/\/safakbutik.com\/de\/wp-json\/wp\/v2\/media?parent=27871"}],"curies":[{"name":"wp","href":"https:\/\/api.w.org\/{rel}","templated":true}]}}