{"id":27860,"date":"2025-07-14T23:53:49","date_gmt":"2025-07-14T20:53:49","guid":{"rendered":"https:\/\/safakbutik.com\/?page_id=27860"},"modified":"2025-07-15T03:03:24","modified_gmt":"2025-07-15T00:03:24","slug":"mesafeli-satis-sozlesmesi","status":"publish","type":"page","link":"https:\/\/safakbutik.com\/de\/mesafeli-satis-sozlesmesi\/","title":{"rendered":"Fernabsatzvertrag"},"content":{"rendered":"<div data-elementor-type=\"wp-page\" data-elementor-id=\"27860\" class=\"elementor elementor-27860\">\n\t\t\t\t<div class=\"wd-negative-gap elementor-element elementor-element-b1ab987 wd-section-stretch e-flex e-con-boxed elementor-invisible e-con e-parent\" data-id=\"b1ab987\" data-element_type=\"container\" data-settings=\"{&quot;background_background&quot;:&quot;classic&quot;,&quot;animation&quot;:&quot;fadeInUp&quot;}\">\n\t\t\t\t\t<div class=\"e-con-inner\">\n\t\t\t\t<div class=\"elementor-element elementor-element-511ae80 wd-width-100 elementor-widget elementor-widget-wd_title\" data-id=\"511ae80\" data-element_type=\"widget\" data-widget_type=\"wd_title.default\">\n\t\t\t\t<div class=\"elementor-widget-container\">\n\t\t\t\t\t\t\t<div class=\"title-wrapper wd-set-mb reset-last-child wd-title-color-default wd-title-style-default wd-title-size-medium text-center\">\n\n\t\t\t\n\t\t\t<div class=\"liner-continer\">\n\t\t\t\t<h4 class=\"woodmart-title-container title wd-fontsize-xl\">FERNVERKAUF<\/h4> \n\t\t\t\t\t\t\t<\/div>\n\n\t\t\t\t\t<\/div>\n\t\t\t\t\t\t<\/div>\n\t\t\t\t<\/div>\n\t\t\t\t\t<\/div>\n\t\t\t\t<\/div>\n\t\t<div class=\"wd-negative-gap elementor-element elementor-element-1df61f3 e-flex e-con-boxed elementor-invisible e-con e-parent\" data-id=\"1df61f3\" data-element_type=\"container\" data-settings=\"{&quot;animation&quot;:&quot;fadeInUp&quot;}\">\n\t\t\t\t\t<div class=\"e-con-inner\">\n\t\t<div class=\"elementor-element elementor-element-b45586f e-con-full e-flex e-con e-child\" data-id=\"b45586f\" data-element_type=\"container\">\n\t\t\t\t<div class=\"elementor-element elementor-element-cf7ab8c elementor-widget elementor-widget-wd_text_block\" data-id=\"cf7ab8c\" data-element_type=\"widget\" data-widget_type=\"wd_text_block.default\">\n\t\t\t\t<div class=\"elementor-widget-container\">\n\t\t\t\t\t\t\t<div class=\"wd-text-block reset-last-child text-left\">\n\t\t\t\n\t\t\t<p data-start=\"390\" data-end=\"412\"><strong data-start=\"390\" data-end=\"412\">ARTIKEL 1 \u2013 PARTEIEN<\/strong><\/p><p data-start=\"414\" data-end=\"670\"><strong data-start=\"414\" data-end=\"438\">1.1 VERK\u00c4UFERINFORMATIONEN<\/strong><br data-start=\"438\" data-end=\"441\" \/>Titel: Dawn Boutique<br data-start=\"459\" data-end=\"462\" \/>Adresse: Stadtteil Kad\u0131pa\u015fa, Kemal Reiso\u011flu Stra\u00dfe, \u00d6zhan Apartment Nr. 1, Alanya \/ Antalya<br data-start=\"546\" data-end=\"549\" \/>Telefon: +90 (535) 968 31 13<br data-start=\"577\" data-end=\"580\" \/>E-Mail: <a class=\"cursor-pointer\" rel=\"noopener\" data-start=\"589\" data-end=\"608\">info@safakbutik.com<\/a><br data-start=\"608\" data-end=\"611\" \/>Webseite: <a class=\"\" href=\"https:\/\/safakbutik.com\/de\/\" target=\"_new\" rel=\"noopener\" data-start=\"623\" data-end=\"670\">www.safakbutik.com<\/a><\/p><p data-start=\"672\" data-end=\"817\"><strong data-start=\"672\" data-end=\"695\">1.2 K\u00c4UFERINFORMATIONEN<\/strong><br data-start=\"695\" data-end=\"698\" \/>Name Nachname: [Name des Kunden Nachname]<br data-start=\"730\" data-end=\"733\" \/>Adresse: [Kundenadresse]<br data-start=\"756\" data-end=\"759\" \/>Telefon: [Kundentelefon]<br data-start=\"786\" data-end=\"789\" \/>E-Mail: [Kunden-E-Mail]<\/p><hr data-start=\"819\" data-end=\"822\" \/><p data-start=\"824\" data-end=\"1249\"><strong data-start=\"824\" data-end=\"842\">ARTIKEL 2 \u2013 GEGENSTAND<\/strong><br data-start=\"842\" data-end=\"845\" \/>Gegenstand dieses Vertrages ist die des K\u00c4UFERS, des VERK\u00c4UFERS <a class=\"\" href=\"https:\/\/safakbutik.com\/de\/\" target=\"_new\" rel=\"noopener\" data-start=\"895\" data-end=\"942\">www.safakbutik.com<\/a> Es umfasst die Rechte und Pflichten der Parteien gem\u00e4\u00df den Bestimmungen des Verbraucherschutzgesetzes Nr. 6502 und der Verordnung \u00fcber Fernabsatzvertr\u00e4ge in Bezug auf den Verkauf und die Lieferung des elektronisch \u00fcber die Website bestellten Produkts, dessen Eigenschaften und Verkaufspreis angegeben sind.<\/p><hr data-start=\"1251\" data-end=\"1254\" \/><p data-start=\"1256\" data-end=\"1424\"><strong data-start=\"1256\" data-end=\"1284\">ARTIKEL 3 \u2013 PRODUKTINFORMATIONEN<\/strong><br data-start=\"1284\" data-end=\"1287\" \/>Art, Art, Menge, Marke\/Modell, Verkaufspreis, Zahlungsart und wesentliche Eigenschaften des\/der Produkte(s) ergeben sich aus der Angabe im Bestellvorgang.<\/p><hr data-start=\"1426\" data-end=\"1429\" \/><p data-start=\"1431\" data-end=\"1699\"><strong data-start=\"1431\" data-end=\"1459\">ARTIKEL 4 \u2013 ALLGEMEINE BESTIMMUNGEN<\/strong><br data-start=\"1459\" data-end=\"1462\" \/>4.1 K\u00c4UFER, <a class=\"\" href=\"https:\/\/safakbutik.com\/de\/\" target=\"_new\" rel=\"noopener\" data-start=\"1473\" data-end=\"1491\">www.safakbutik.com<\/a> Er\/sie akzeptiert, dass er\/sie die wesentlichen Merkmale des Vertragsprodukts, dessen Verkaufspreis, Zahlungsmethode und Lieferinformationen auf der Website gelesen und dar\u00fcber informiert hat und dass er\/sie die erforderliche Zustimmung elektronisch erteilt hat.<\/p><p data-start=\"1701\" data-end=\"1973\">4.2 Die Lieferung des vertragsgegenst\u00e4ndlichen Produkts erfolgt an die vom K\u00c4UFER angegebene Adresse, sofern die gesetzliche Frist von 30 Tagen nicht \u00fcberschritten wird.<br data-start=\"1811\" data-end=\"1814\" \/>4.3 Die Lieferung der Produkte erfolgt bei Verf\u00fcgbarkeit des Lagerbestands des VERK\u00c4UFERS und nach Einzug des Produktpreises \u00fcber die vom K\u00c4UFER bevorzugte Zahlungsmethode.<\/p><p data-start=\"1975\" data-end=\"2182\">4.4 Ist der VERK\u00c4UFER der Ansicht, dass das vertragsgegenst\u00e4ndliche Produkt aus berechtigtem Grund nicht geliefert werden kann, ist er berechtigt, die Bestellung zu stornieren, ein \u00e4hnliches Produkt anzubieten oder durch Benachrichtigung des K\u00c4UFERS den R\u00fccknahmeprozess einzuleiten.<\/p><hr data-start=\"2184\" data-end=\"2187\" \/><p data-start=\"2189\" data-end=\"2404\"><strong data-start=\"2189\" data-end=\"2214\">ARTIKEL 5 \u2013 WIDERRUFSRECHT<\/strong><br data-start=\"2214\" data-end=\"2217\" \/>5.1 Der K\u00c4UFER hat das Recht, innerhalb von 14 Tagen ab Lieferung des Produkts, das Gegenstand des Fernabsatzvertrags ist, an ihn oder die Person\/Organisation an die von ihm angegebene Adresse ohne Angabe von Gr\u00fcnden vom Vertrag zur\u00fcckzutreten.<\/p><p data-start=\"2406\" data-end=\"2556\">5.2 Um das Widerrufsrecht auszu\u00fcben, muss die schriftliche Mitteilung innerhalb dieser Frist an den VERK\u00c4UFER erfolgen und das Produkt muss unbenutzt und unbesch\u00e4digt sein.<\/p><p data-start=\"2558\" data-end=\"2710\">5.3 Bei R\u00fccksendungen im Rahmen des Widerrufsrechts muss das Produkt mit der Originalrechnung und -verpackung zur\u00fcckgesandt werden. Andernfalls wird die R\u00fccksendung nicht angenommen.<\/p><p data-start=\"2712\" data-end=\"2772\">5.4 Die Kosten der R\u00fccksendung gehen zu Lasten des Kunden, es sei denn, es liegt ein Grund f\u00fcr die R\u00fccksendung vor.<\/p><hr data-start=\"2774\" data-end=\"2777\" \/><p data-start=\"2779\" data-end=\"3004\"><strong data-start=\"2779\" data-end=\"2829\">ARTIKEL 6 \u2013 PRODUKTE, F\u00dcR DIE DAS WIDERRUFSRECHT NICHT AUSGE\u00dcBT WERDEN KANN<\/strong><br data-start=\"2829\" data-end=\"2832\" \/>Das Widerrufsrecht kann aus hygienischen Gr\u00fcnden nicht f\u00fcr Produkte ausge\u00fcbt werden, die nach den W\u00fcnschen oder pers\u00f6nlichen Bed\u00fcrfnissen des Verbrauchers hergestellt werden, wie Unterw\u00e4sche, Schmuck, Hauben und \u00e4hnliche Produkte.<\/p><hr data-start=\"3006\" data-end=\"3009\" \/><p data-start=\"3011\" data-end=\"3270\"><strong data-start=\"3011\" data-end=\"3040\">ARTIKEL 7 \u2013 ZUST\u00c4NDIGES GERICHT<\/strong><br data-start=\"3040\" data-end=\"3043\" \/>Im Falle von Streitigkeiten, die sich aus diesem Vertrag ergeben k\u00f6nnen, sind die Verbraucherschlichtungsaussch\u00fcsse und Verbrauchergerichte an den Standorten des K\u00c4UFERS und VERK\u00c4UFERS gem\u00e4\u00df den vom Ministerium f\u00fcr Zoll und Handel festgelegten Geldgrenzen zust\u00e4ndig.<\/p><hr data-start=\"3272\" data-end=\"3275\" \/><p data-start=\"3277\" data-end=\"3451\"><strong data-start=\"3277\" data-end=\"3299\">ARTIKEL 8 \u2013 DURCHSETZUNG<\/strong><br data-start=\"3299\" data-end=\"3302\" \/>Durch die elektronische Genehmigung dieses Vertrags und die Aufgabe einer Bestellung wird davon ausgegangen, dass der K\u00c4UFER alle Bedingungen gelesen, akzeptiert und genehmigt hat.<\/p><hr data-start=\"3453\" data-end=\"3456\" \/><p data-start=\"3458\" data-end=\"3529\"><strong data-start=\"3464\" data-end=\"3479\">Dawn Boutique<\/strong><br data-start=\"3479\" data-end=\"3482\" \/><a class=\"\" href=\"https:\/\/safakbutik.com\/de\/\" target=\"_new\" rel=\"noopener\" data-start=\"3482\" data-end=\"3529\">www.safakbutik.com<\/a><\/p>\n\t\t\t\t\t<\/div>\n\t\t\t\t\t\t<\/div>\n\t\t\t\t<\/div>\n\t\t\t\t<\/div>\n\t\t\t\t\t<\/div>\n\t\t\t\t<\/div>\n\t\t\t\t<\/div>","protected":false},"excerpt":{"rendered":"<p>MESAFEL\u0130 SATI\u015e S\u00d6ZLE\u015eMES\u0130 MADDE 1 \u2013 TARAFLAR 1.1 SATICI B\u0130LG\u0130LER\u0130\u00dcnvan: \u015eafak ButikAdres: Kad\u0131pa\u015fa Mahallesi Kemal Reiso\u011flu Sokak \u00d6zhan Apartman\u0131 No:1<\/p>","protected":false},"author":1,"featured_media":0,"parent":0,"menu_order":0,"comment_status":"closed","ping_status":"closed","template":"elementor_header_footer","meta":{"_joinchat":[],"footnotes":""},"class_list":["post-27860","page","type-page","status-publish","hentry"],"yoast_head":"<!-- This site is optimized with the Yoast SEO plugin v25.4 - https:\/\/yoast.com\/wordpress\/plugins\/seo\/ -->\n<title>Mesafeli Sat\u0131\u015f S\u00f6zle\u015fmesi - \u015eafak Butik<\/title>\n<meta name=\"robots\" content=\"index, follow, max-snippet:-1, max-image-preview:large, max-video-preview:-1\" \/>\n<link rel=\"canonical\" href=\"https:\/\/safakbutik.com\/de\/mesafeli-satis-sozlesmesi\/\" \/>\n<meta property=\"og:locale\" content=\"de_DE\" \/>\n<meta property=\"og:type\" content=\"article\" \/>\n<meta property=\"og:title\" content=\"Mesafeli Sat\u0131\u015f S\u00f6zle\u015fmesi - \u015eafak Butik\" \/>\n<meta property=\"og:description\" content=\"MESAFEL\u0130 SATI\u015e S\u00d6ZLE\u015eMES\u0130 MADDE 1 \u2013 TARAFLAR 1.1 SATICI B\u0130LG\u0130LER\u0130\u00dcnvan: \u015eafak ButikAdres: Kad\u0131pa\u015fa Mahallesi Kemal Reiso\u011flu Sokak \u00d6zhan Apartman\u0131 No:1\" \/>\n<meta property=\"og:url\" content=\"https:\/\/safakbutik.com\/de\/mesafeli-satis-sozlesmesi\/\" \/>\n<meta property=\"og:site_name\" content=\"\u015eafak Butik\" \/>\n<meta property=\"article:modified_time\" content=\"2025-07-15T00:03:24+00:00\" \/>\n<meta name=\"twitter:card\" content=\"summary_large_image\" \/>\n<meta name=\"twitter:label1\" content=\"Gesch\u00e4tzte Lesezeit\" \/>\n\t<meta name=\"twitter:data1\" content=\"3\u00a0Minuten\" \/>\n<script type=\"application\/ld+json\" class=\"yoast-schema-graph\">{\"@context\":\"https:\/\/schema.org\",\"@graph\":[{\"@type\":\"WebPage\",\"@id\":\"https:\/\/safakbutik.com\/mesafeli-satis-sozlesmesi\/\",\"url\":\"https:\/\/safakbutik.com\/mesafeli-satis-sozlesmesi\/\",\"name\":\"Mesafeli Sat\u0131\u015f S\u00f6zle\u015fmesi - \u015eafak Butik\",\"isPartOf\":{\"@id\":\"https:\/\/safakbutik.com\/#website\"},\"datePublished\":\"2025-07-14T20:53:49+00:00\",\"dateModified\":\"2025-07-15T00:03:24+00:00\",\"breadcrumb\":{\"@id\":\"https:\/\/safakbutik.com\/mesafeli-satis-sozlesmesi\/#breadcrumb\"},\"inLanguage\":\"de\",\"potentialAction\":[{\"@type\":\"ReadAction\",\"target\":[\"https:\/\/safakbutik.com\/mesafeli-satis-sozlesmesi\/\"]}]},{\"@type\":\"BreadcrumbList\",\"@id\":\"https:\/\/safakbutik.com\/mesafeli-satis-sozlesmesi\/#breadcrumb\",\"itemListElement\":[{\"@type\":\"ListItem\",\"position\":1,\"name\":\"Anasayfa\",\"item\":\"https:\/\/safakbutik.com\/\"},{\"@type\":\"ListItem\",\"position\":2,\"name\":\"Mesafeli Sat\u0131\u015f S\u00f6zle\u015fmesi\"}]},{\"@type\":\"WebSite\",\"@id\":\"https:\/\/safakbutik.com\/#website\",\"url\":\"https:\/\/safakbutik.com\/\",\"name\":\"\u015eafak Butik\",\"description\":\"\u015eafak Butik\",\"potentialAction\":[{\"@type\":\"SearchAction\",\"target\":{\"@type\":\"EntryPoint\",\"urlTemplate\":\"https:\/\/safakbutik.com\/?s={search_term_string}\"},\"query-input\":{\"@type\":\"PropertyValueSpecification\",\"valueRequired\":true,\"valueName\":\"search_term_string\"}}],\"inLanguage\":\"de\"}]}<\/script>\n<!-- \/ Yoast SEO plugin. -->","yoast_head_json":{"title":"Mesafeli Sat\u0131\u015f S\u00f6zle\u015fmesi - \u015eafak Butik","robots":{"index":"index","follow":"follow","max-snippet":"max-snippet:-1","max-image-preview":"max-image-preview:large","max-video-preview":"max-video-preview:-1"},"canonical":"https:\/\/safakbutik.com\/de\/mesafeli-satis-sozlesmesi\/","og_locale":"de_DE","og_type":"article","og_title":"Mesafeli Sat\u0131\u015f S\u00f6zle\u015fmesi - \u015eafak Butik","og_description":"MESAFEL\u0130 SATI\u015e S\u00d6ZLE\u015eMES\u0130 MADDE 1 \u2013 TARAFLAR 1.1 SATICI B\u0130LG\u0130LER\u0130\u00dcnvan: \u015eafak ButikAdres: Kad\u0131pa\u015fa Mahallesi Kemal Reiso\u011flu Sokak \u00d6zhan Apartman\u0131 No:1","og_url":"https:\/\/safakbutik.com\/de\/mesafeli-satis-sozlesmesi\/","og_site_name":"\u015eafak Butik","article_modified_time":"2025-07-15T00:03:24+00:00","twitter_card":"summary_large_image","twitter_misc":{"Gesch\u00e4tzte Lesezeit":"3\u00a0Minuten"},"schema":{"@context":"https:\/\/schema.org","@graph":[{"@type":"WebPage","@id":"https:\/\/safakbutik.com\/mesafeli-satis-sozlesmesi\/","url":"https:\/\/safakbutik.com\/mesafeli-satis-sozlesmesi\/","name":"Mesafeli Sat\u0131\u015f S\u00f6zle\u015fmesi - \u015eafak Butik","isPartOf":{"@id":"https:\/\/safakbutik.com\/#website"},"datePublished":"2025-07-14T20:53:49+00:00","dateModified":"2025-07-15T00:03:24+00:00","breadcrumb":{"@id":"https:\/\/safakbutik.com\/mesafeli-satis-sozlesmesi\/#breadcrumb"},"inLanguage":"de","potentialAction":[{"@type":"ReadAction","target":["https:\/\/safakbutik.com\/mesafeli-satis-sozlesmesi\/"]}]},{"@type":"BreadcrumbList","@id":"https:\/\/safakbutik.com\/mesafeli-satis-sozlesmesi\/#breadcrumb","itemListElement":[{"@type":"ListItem","position":1,"name":"Anasayfa","item":"https:\/\/safakbutik.com\/"},{"@type":"ListItem","position":2,"name":"Mesafeli Sat\u0131\u015f S\u00f6zle\u015fmesi"}]},{"@type":"WebSite","@id":"https:\/\/safakbutik.com\/#website","url":"https:\/\/safakbutik.com\/","name":"\u015eafak Butik","description":"\u015eafak Butik","potentialAction":[{"@type":"SearchAction","target":{"@type":"EntryPoint","urlTemplate":"https:\/\/safakbutik.com\/?s={search_term_string}"},"query-input":{"@type":"PropertyValueSpecification","valueRequired":true,"valueName":"search_term_string"}}],"inLanguage":"de"}]}},"_links":{"self":[{"href":"https:\/\/safakbutik.com\/de\/wp-json\/wp\/v2\/pages\/27860","targetHints":{"allow":["GET"]}}],"collection":[{"href":"https:\/\/safakbutik.com\/de\/wp-json\/wp\/v2\/pages"}],"about":[{"href":"https:\/\/safakbutik.com\/de\/wp-json\/wp\/v2\/types\/page"}],"author":[{"embeddable":true,"href":"https:\/\/safakbutik.com\/de\/wp-json\/wp\/v2\/users\/1"}],"replies":[{"embeddable":true,"href":"https:\/\/safakbutik.com\/de\/wp-json\/wp\/v2\/comments?post=27860"}],"version-history":[{"count":4,"href":"https:\/\/safakbutik.com\/de\/wp-json\/wp\/v2\/pages\/27860\/revisions"}],"predecessor-version":[{"id":28237,"href":"https:\/\/safakbutik.com\/de\/wp-json\/wp\/v2\/pages\/27860\/revisions\/28237"}],"wp:attachment":[{"href":"https:\/\/safakbutik.com\/de\/wp-json\/wp\/v2\/media?parent=27860"}],"curies":[{"name":"wp","href":"https:\/\/api.w.org\/{rel}","templated":true}]}}