{"id":27830,"date":"2025-07-14T23:05:40","date_gmt":"2025-07-14T20:05:40","guid":{"rendered":"https:\/\/safakbutik.com\/?page_id=27830"},"modified":"2025-07-15T03:08:45","modified_gmt":"2025-07-15T00:08:45","slug":"cerez-politikamiz","status":"publish","type":"page","link":"https:\/\/safakbutik.com\/de\/cerez-politikamiz\/","title":{"rendered":"Unsere Cookie-Richtlinie"},"content":{"rendered":"<div data-elementor-type=\"wp-page\" data-elementor-id=\"27830\" class=\"elementor elementor-27830\">\n\t\t\t\t<div class=\"wd-negative-gap elementor-element elementor-element-ba191bf wd-section-stretch e-flex e-con-boxed elementor-invisible e-con e-parent\" data-id=\"ba191bf\" data-element_type=\"container\" data-settings=\"{&quot;background_background&quot;:&quot;classic&quot;,&quot;animation&quot;:&quot;fadeInUp&quot;}\">\n\t\t\t\t\t<div class=\"e-con-inner\">\n\t\t\t\t<div class=\"elementor-element elementor-element-9971789 wd-width-100 elementor-widget elementor-widget-wd_title\" data-id=\"9971789\" data-element_type=\"widget\" data-widget_type=\"wd_title.default\">\n\t\t\t\t<div class=\"elementor-widget-container\">\n\t\t\t\t\t\t\t<div class=\"title-wrapper wd-set-mb reset-last-child wd-title-color-default wd-title-style-default wd-title-size-medium text-center\">\n\n\t\t\t\n\t\t\t<div class=\"liner-continer\">\n\t\t\t\t<h4 class=\"woodmart-title-container title wd-fontsize-xl\">Cookie-Richtlinie<br \/>\n<\/h4> \n\t\t\t\t\t\t\t<\/div>\n\n\t\t\t\t\t<\/div>\n\t\t\t\t\t\t<\/div>\n\t\t\t\t<\/div>\n\t\t\t\t\t<\/div>\n\t\t\t\t<\/div>\n\t\t<div class=\"wd-negative-gap elementor-element elementor-element-5dd66ce e-flex e-con-boxed elementor-invisible e-con e-parent\" data-id=\"5dd66ce\" data-element_type=\"container\" data-settings=\"{&quot;animation&quot;:&quot;fadeInUp&quot;}\">\n\t\t\t\t\t<div class=\"e-con-inner\">\n\t\t<div class=\"elementor-element elementor-element-35dccbb e-con-full e-flex e-con e-child\" data-id=\"35dccbb\" data-element_type=\"container\">\n\t\t\t\t<div class=\"elementor-element elementor-element-f1574f3 elementor-widget elementor-widget-wd_text_block\" data-id=\"f1574f3\" data-element_type=\"widget\" data-widget_type=\"wd_text_block.default\">\n\t\t\t\t<div class=\"elementor-widget-container\">\n\t\t\t\t\t\t\t<div class=\"wd-text-block reset-last-child text-left\">\n\t\t\t\n\t\t\t<p data-start=\"267\" data-end=\"509\">Diese Cookie-Richtlinie, <a class=\"\" href=\"https:\/\/safakbutik.com\/de\/\" target=\"_new\" rel=\"noopener\" data-start=\"288\" data-end=\"335\">www.safakbutik.com<\/a> Ziel ist es, Website-Besucher \u00fcber die verwendeten Cookies zu informieren, um ihr Site-Erlebnis zu verbessern und zu personalisieren.<\/p><p data-start=\"511\" data-end=\"718\"><strong data-start=\"511\" data-end=\"526\">Dawn Boutique<\/strong> Als Unternehmen legen wir Wert auf die Privatsph\u00e4re unserer Besucher und den Schutz ihrer pers\u00f6nlichen Daten gem\u00e4\u00df Gesetz Nr. 6698. <strong data-start=\"619\" data-end=\"664\">Gesetz zum Schutz personenbezogener Daten (KVKK)<\/strong> und wir handeln im Einklang mit den einschl\u00e4gigen gesetzlichen Bestimmungen.<\/p><hr data-start=\"720\" data-end=\"723\" \/><h3 data-start=\"725\" data-end=\"754\"><strong data-start=\"729\" data-end=\"754\">Was ist ein Cookie?<\/strong><\/h3><p data-start=\"756\" data-end=\"1028\">Cookies sind kleine Textdateien, die von Websites in Ihrem Browser gespeichert werden, um Benutzer zu identifizieren und deren Benutzererlebnis zu verbessern. Cookies helfen dabei, Website-Einstellungen zu speichern, Ihr Benutzererlebnis zu personalisieren und die Website-Leistung zu verbessern.<\/p><hr data-start=\"1030\" data-end=\"1033\" \/><h3 data-start=\"1035\" data-end=\"1076\"><strong data-start=\"1039\" data-end=\"1076\">Welche Arten von Cookies verwenden wir?<\/strong><\/h3><p data-start=\"1078\" data-end=\"1175\"><a class=\"\" href=\"https:\/\/safakbutik.com\/de\/\" target=\"_new\" rel=\"noopener\" data-start=\"1078\" data-end=\"1125\">www.safakbutik.com<\/a> Folgende Arten von Cookies k\u00f6nnen zum Einsatz kommen:<\/p><ul data-start=\"1177\" data-end=\"1898\"><li data-start=\"1177\" data-end=\"1340\"><p data-start=\"1179\" data-end=\"1340\"><strong data-start=\"1179\" data-end=\"1200\">Obligatorische Cookies:<\/strong> Cookies sind f\u00fcr den sicheren und ordnungsgem\u00e4\u00dfen Betrieb unserer Website unerl\u00e4sslich. Diese Cookies erm\u00f6glichen grundlegende Funktionen wie Mitgliedschaft, Anmeldung und Warenkorbverfolgung.<\/p><\/li><li data-start=\"1341\" data-end=\"1548\"><p data-start=\"1343\" data-end=\"1548\"><strong data-start=\"1343\" data-end=\"1378\">Leistungs- und Analyse-Cookies:<\/strong> Es erm\u00f6glicht uns, die Nutzung unserer Website zu analysieren. Es hilft uns zu verstehen, welche Seiten am h\u00e4ufigsten besucht werden und welche Bereiche verbessert werden m\u00fcssen.<\/p><\/li><li data-start=\"1549\" data-end=\"1691\"><p data-start=\"1551\" data-end=\"1691\"><strong data-start=\"1551\" data-end=\"1576\">Funktionale Cookies:<\/strong> Es bietet ein pers\u00f6nlicheres Erlebnis, indem es sich Benutzereinstellungen (Sprache, Region, Produktfilter usw.) merkt.<\/p><\/li><li data-start=\"1692\" data-end=\"1898\"><p data-start=\"1694\" data-end=\"1898\"><strong data-start=\"1694\" data-end=\"1728\">Werbe- und Marketing-Cookies:<\/strong> Sie helfen uns dabei, Inhalte und Kampagnen bereitzustellen, die auf Ihre Interessen zugeschnitten sind. Die durch diese Cookies gesammelten Daten k\u00f6nnen an Drittanbieter von Werbung weitergegeben werden.<\/p><\/li><\/ul><hr data-start=\"1900\" data-end=\"1903\" \/><h3 data-start=\"1905\" data-end=\"1943\"><strong data-start=\"1909\" data-end=\"1943\">Zu welchen Zwecken werden Cookies verwendet?<\/strong><\/h3><ul data-start=\"1945\" data-end=\"2225\"><li data-start=\"1945\" data-end=\"1992\"><p data-start=\"1947\" data-end=\"1992\">Sicherstellung eines reibungslosen Betriebs der Website<\/p><\/li><li data-start=\"1993\" data-end=\"2024\"><p data-start=\"1995\" data-end=\"2024\">Verbesserung der Site-Leistung<\/p><\/li><li data-start=\"2025\" data-end=\"2066\"><p data-start=\"2027\" data-end=\"2066\">Vereinfachen Sie Ihr Einkaufserlebnis<\/p><\/li><li data-start=\"2067\" data-end=\"2116\"><p data-start=\"2069\" data-end=\"2116\">Bereitstellung von Inhalten, die auf die Pr\u00e4ferenzen der Besucher zugeschnitten sind<\/p><\/li><li data-start=\"2117\" data-end=\"2162\"><p data-start=\"2119\" data-end=\"2162\">Verbesserung des Werbe- und Kampagnenmanagements<\/p><\/li><li data-start=\"2163\" data-end=\"2225\"><p data-start=\"2165\" data-end=\"2225\">Verbesserung der Servicequalit\u00e4t durch Analyse des Besucherverkehrs<\/p><\/li><\/ul><hr data-start=\"2227\" data-end=\"2230\" \/><h3 data-start=\"2232\" data-end=\"2283\"><strong data-start=\"2236\" data-end=\"2283\">Wie kann ich die Verwendung von Cookies kontrollieren?<\/strong><\/h3><p data-start=\"2285\" data-end=\"2524\">Sie k\u00f6nnen Cookies jederzeit \u00fcber Ihre Browsereinstellungen steuern, einschr\u00e4nken oder blockieren. Die Deaktivierung bestimmter Cookies kann jedoch dazu f\u00fchren, dass bestimmte Funktionen unserer Website nicht mehr funktionieren.<\/p><p data-start=\"2526\" data-end=\"2607\">Sie k\u00f6nnen die Cookie-Einstellungen \u00fcber Ihren Browser mithilfe der folgenden Links verwalten:<\/p><ul data-start=\"2609\" data-end=\"2804\"><li data-start=\"2609\" data-end=\"2653\"><p data-start=\"2611\" data-end=\"2653\">Google Chrome: chrome:\/\/settings\/cookies<\/p><\/li><li data-start=\"2654\" data-end=\"2700\"><p data-start=\"2656\" data-end=\"2700\">Mozilla Firefox: about:preferences#privacy<\/p><\/li><li data-start=\"2701\" data-end=\"2734\"><p data-start=\"2703\" data-end=\"2734\">Safari: Einstellungen &gt; Datenschutz<\/p><\/li><li data-start=\"2735\" data-end=\"2804\"><p data-start=\"2737\" data-end=\"2804\">Microsoft Edge: Einstellungen &gt; Websiteberechtigungen &gt; Cookies und Websitedaten<\/p><\/li><\/ul><hr data-start=\"2806\" data-end=\"2809\" \/><h3 data-start=\"2811\" data-end=\"2847\"><strong data-start=\"2815\" data-end=\"2847\">Ihre Rechte in Bezug auf Cookies<\/strong><\/h3><p data-start=\"2849\" data-end=\"3046\">Im Rahmen von Artikel 11 der KVKK bez\u00fcglich der Verarbeitung personenbezogener Daten k\u00f6nnen Sie sich mit Anfragen, Vorschl\u00e4gen und Beschwerden bez\u00fcglich Ihrer durch Cookies gesammelten Daten an uns wenden:<\/p><p data-start=\"3048\" data-end=\"3215\">\ud83d\udce9 <strong data-start=\"3051\" data-end=\"3063\">E-Mail:<\/strong> <a class=\"cursor-pointer\" rel=\"noopener\" data-start=\"3064\" data-end=\"3083\">info@safakbutik.com<\/a><br data-start=\"3083\" data-end=\"3086\" \/>\ud83d\udcde <strong data-start=\"3089\" data-end=\"3101\">Telefon:<\/strong> +90 (535) 968 31 13<br data-start=\"3121\" data-end=\"3124\" \/>\ud83d\udccd <strong data-start=\"3127\" data-end=\"3137\">Adresse:<\/strong> Kad\u0131pa\u015fa Nachbarschaft Kemal Reiso\u011flu Stra\u00dfe \u00d6zhan Wohnung Nr. 1 Alanya \/ Antalya<\/p><hr data-start=\"3217\" data-end=\"3220\" \/><h3 data-start=\"3222\" data-end=\"3243\"><strong data-start=\"3226\" data-end=\"3243\">Aktualisierungen<\/strong><\/h3><p data-start=\"3245\" data-end=\"3443\">Diese Cookie-Richtlinie kann von Zeit zu Zeit aktualisiert werden. Die aktuelle Version ist immer <a class=\"\" href=\"https:\/\/safakbutik.com\/de\/\" target=\"_new\" rel=\"noopener\" data-start=\"3317\" data-end=\"3364\">www.safakbutik.com<\/a> auf der Website ver\u00f6ffentlicht. Wir empfehlen Ihnen, diese Seite regelm\u00e4\u00dfig zu besuchen.<\/p>\n\t\t\t\t\t<\/div>\n\t\t\t\t\t\t<\/div>\n\t\t\t\t<\/div>\n\t\t\t\t<\/div>\n\t\t\t\t\t<\/div>\n\t\t\t\t<\/div>\n\t\t\t\t<\/div>","protected":false},"excerpt":{"rendered":"<p>\u00c7erez (Cookie) Politikas\u0131 Bu \u00c7erez Politikas\u0131, www.safakbutik.com web sitesini ziyaret eden kullan\u0131c\u0131lar\u0131n, site deneyimlerinin geli\u015ftirilmesi ve ki\u015fiselle\u015ftirilmesi amac\u0131yla kullan\u0131lan \u00e7erezler<\/p>","protected":false},"author":1,"featured_media":0,"parent":0,"menu_order":0,"comment_status":"closed","ping_status":"closed","template":"elementor_header_footer","meta":{"_joinchat":[],"footnotes":""},"class_list":["post-27830","page","type-page","status-publish","hentry"],"yoast_head":"<!-- This site is optimized with the Yoast SEO plugin v25.4 - https:\/\/yoast.com\/wordpress\/plugins\/seo\/ -->\n<title>\u00c7erez Politikam\u0131z - \u015eafak Butik<\/title>\n<meta name=\"robots\" content=\"index, follow, max-snippet:-1, max-image-preview:large, max-video-preview:-1\" \/>\n<link rel=\"canonical\" href=\"https:\/\/safakbutik.com\/de\/cerez-politikamiz\/\" \/>\n<meta property=\"og:locale\" content=\"de_DE\" \/>\n<meta property=\"og:type\" content=\"article\" \/>\n<meta property=\"og:title\" content=\"\u00c7erez Politikam\u0131z - \u015eafak Butik\" \/>\n<meta property=\"og:description\" content=\"\u00c7erez (Cookie) Politikas\u0131 Bu \u00c7erez Politikas\u0131, www.safakbutik.com web sitesini ziyaret eden kullan\u0131c\u0131lar\u0131n, site deneyimlerinin geli\u015ftirilmesi ve ki\u015fiselle\u015ftirilmesi amac\u0131yla kullan\u0131lan \u00e7erezler\" \/>\n<meta property=\"og:url\" content=\"https:\/\/safakbutik.com\/de\/cerez-politikamiz\/\" \/>\n<meta property=\"og:site_name\" content=\"\u015eafak Butik\" \/>\n<meta property=\"article:modified_time\" content=\"2025-07-15T00:08:45+00:00\" \/>\n<meta name=\"twitter:card\" content=\"summary_large_image\" \/>\n<meta name=\"twitter:label1\" content=\"Gesch\u00e4tzte Lesezeit\" \/>\n\t<meta name=\"twitter:data1\" content=\"2\u00a0Minuten\" \/>\n<script type=\"application\/ld+json\" class=\"yoast-schema-graph\">{\"@context\":\"https:\/\/schema.org\",\"@graph\":[{\"@type\":\"WebPage\",\"@id\":\"https:\/\/safakbutik.com\/cerez-politikamiz\/\",\"url\":\"https:\/\/safakbutik.com\/cerez-politikamiz\/\",\"name\":\"\u00c7erez Politikam\u0131z - \u015eafak Butik\",\"isPartOf\":{\"@id\":\"https:\/\/safakbutik.com\/#website\"},\"datePublished\":\"2025-07-14T20:05:40+00:00\",\"dateModified\":\"2025-07-15T00:08:45+00:00\",\"breadcrumb\":{\"@id\":\"https:\/\/safakbutik.com\/cerez-politikamiz\/#breadcrumb\"},\"inLanguage\":\"de\",\"potentialAction\":[{\"@type\":\"ReadAction\",\"target\":[\"https:\/\/safakbutik.com\/cerez-politikamiz\/\"]}]},{\"@type\":\"BreadcrumbList\",\"@id\":\"https:\/\/safakbutik.com\/cerez-politikamiz\/#breadcrumb\",\"itemListElement\":[{\"@type\":\"ListItem\",\"position\":1,\"name\":\"Anasayfa\",\"item\":\"https:\/\/safakbutik.com\/\"},{\"@type\":\"ListItem\",\"position\":2,\"name\":\"\u00c7erez Politikam\u0131z\"}]},{\"@type\":\"WebSite\",\"@id\":\"https:\/\/safakbutik.com\/#website\",\"url\":\"https:\/\/safakbutik.com\/\",\"name\":\"\u015eafak Butik\",\"description\":\"\u015eafak Butik\",\"potentialAction\":[{\"@type\":\"SearchAction\",\"target\":{\"@type\":\"EntryPoint\",\"urlTemplate\":\"https:\/\/safakbutik.com\/?s={search_term_string}\"},\"query-input\":{\"@type\":\"PropertyValueSpecification\",\"valueRequired\":true,\"valueName\":\"search_term_string\"}}],\"inLanguage\":\"de\"}]}<\/script>\n<!-- \/ Yoast SEO plugin. -->","yoast_head_json":{"title":"\u00c7erez Politikam\u0131z - \u015eafak Butik","robots":{"index":"index","follow":"follow","max-snippet":"max-snippet:-1","max-image-preview":"max-image-preview:large","max-video-preview":"max-video-preview:-1"},"canonical":"https:\/\/safakbutik.com\/de\/cerez-politikamiz\/","og_locale":"de_DE","og_type":"article","og_title":"\u00c7erez Politikam\u0131z - \u015eafak Butik","og_description":"\u00c7erez (Cookie) Politikas\u0131 Bu \u00c7erez Politikas\u0131, www.safakbutik.com web sitesini ziyaret eden kullan\u0131c\u0131lar\u0131n, site deneyimlerinin geli\u015ftirilmesi ve ki\u015fiselle\u015ftirilmesi amac\u0131yla kullan\u0131lan \u00e7erezler","og_url":"https:\/\/safakbutik.com\/de\/cerez-politikamiz\/","og_site_name":"\u015eafak Butik","article_modified_time":"2025-07-15T00:08:45+00:00","twitter_card":"summary_large_image","twitter_misc":{"Gesch\u00e4tzte Lesezeit":"2\u00a0Minuten"},"schema":{"@context":"https:\/\/schema.org","@graph":[{"@type":"WebPage","@id":"https:\/\/safakbutik.com\/cerez-politikamiz\/","url":"https:\/\/safakbutik.com\/cerez-politikamiz\/","name":"\u00c7erez Politikam\u0131z - \u015eafak Butik","isPartOf":{"@id":"https:\/\/safakbutik.com\/#website"},"datePublished":"2025-07-14T20:05:40+00:00","dateModified":"2025-07-15T00:08:45+00:00","breadcrumb":{"@id":"https:\/\/safakbutik.com\/cerez-politikamiz\/#breadcrumb"},"inLanguage":"de","potentialAction":[{"@type":"ReadAction","target":["https:\/\/safakbutik.com\/cerez-politikamiz\/"]}]},{"@type":"BreadcrumbList","@id":"https:\/\/safakbutik.com\/cerez-politikamiz\/#breadcrumb","itemListElement":[{"@type":"ListItem","position":1,"name":"Anasayfa","item":"https:\/\/safakbutik.com\/"},{"@type":"ListItem","position":2,"name":"\u00c7erez Politikam\u0131z"}]},{"@type":"WebSite","@id":"https:\/\/safakbutik.com\/#website","url":"https:\/\/safakbutik.com\/","name":"\u015eafak Butik","description":"\u015eafak Butik","potentialAction":[{"@type":"SearchAction","target":{"@type":"EntryPoint","urlTemplate":"https:\/\/safakbutik.com\/?s={search_term_string}"},"query-input":{"@type":"PropertyValueSpecification","valueRequired":true,"valueName":"search_term_string"}}],"inLanguage":"de"}]}},"_links":{"self":[{"href":"https:\/\/safakbutik.com\/de\/wp-json\/wp\/v2\/pages\/27830","targetHints":{"allow":["GET"]}}],"collection":[{"href":"https:\/\/safakbutik.com\/de\/wp-json\/wp\/v2\/pages"}],"about":[{"href":"https:\/\/safakbutik.com\/de\/wp-json\/wp\/v2\/types\/page"}],"author":[{"embeddable":true,"href":"https:\/\/safakbutik.com\/de\/wp-json\/wp\/v2\/users\/1"}],"replies":[{"embeddable":true,"href":"https:\/\/safakbutik.com\/de\/wp-json\/wp\/v2\/comments?post=27830"}],"version-history":[{"count":4,"href":"https:\/\/safakbutik.com\/de\/wp-json\/wp\/v2\/pages\/27830\/revisions"}],"predecessor-version":[{"id":28252,"href":"https:\/\/safakbutik.com\/de\/wp-json\/wp\/v2\/pages\/27830\/revisions\/28252"}],"wp:attachment":[{"href":"https:\/\/safakbutik.com\/de\/wp-json\/wp\/v2\/media?parent=27830"}],"curies":[{"name":"wp","href":"https:\/\/api.w.org\/{rel}","templated":true}]}}