{"id":14,"date":"2025-07-14T23:52:41","date_gmt":"2025-07-14T20:52:41","guid":{"rendered":"https:\/\/safakbutik.com\/?page_id=14"},"modified":"2025-07-15T03:04:15","modified_gmt":"2025-07-15T00:04:15","slug":"iptal-ve-iade-politikamiz","status":"publish","type":"page","link":"https:\/\/safakbutik.com\/de\/iptal-ve-iade-politikamiz\/","title":{"rendered":"Unsere Stornierungs- und R\u00fcckerstattungsrichtlinien"},"content":{"rendered":"<div data-elementor-type=\"wp-page\" data-elementor-id=\"14\" class=\"elementor elementor-14\">\n\t\t\t\t<div class=\"wd-negative-gap elementor-element elementor-element-f56e24c wd-section-stretch e-flex e-con-boxed elementor-invisible e-con e-parent\" data-id=\"f56e24c\" data-element_type=\"container\" data-settings=\"{&quot;background_background&quot;:&quot;classic&quot;,&quot;animation&quot;:&quot;fadeInUp&quot;}\">\n\t\t\t\t\t<div class=\"e-con-inner\">\n\t\t\t\t<div class=\"elementor-element elementor-element-5d227c6 wd-width-100 elementor-widget elementor-widget-wd_title\" data-id=\"5d227c6\" data-element_type=\"widget\" data-widget_type=\"wd_title.default\">\n\t\t\t\t<div class=\"elementor-widget-container\">\n\t\t\t\t\t\t\t<div class=\"title-wrapper wd-set-mb reset-last-child wd-title-color-default wd-title-style-default wd-title-size-medium text-center\">\n\n\t\t\t\n\t\t\t<div class=\"liner-continer\">\n\t\t\t\t<h4 class=\"woodmart-title-container title wd-fontsize-xl\">Stornierungs- und R\u00fcckerstattungsbedingungen<br \/>\n<\/h4> \n\t\t\t\t\t\t\t<\/div>\n\n\t\t\t\t\t<\/div>\n\t\t\t\t\t\t<\/div>\n\t\t\t\t<\/div>\n\t\t\t\t\t<\/div>\n\t\t\t\t<\/div>\n\t\t<div class=\"wd-negative-gap elementor-element elementor-element-76e5606 e-flex e-con-boxed elementor-invisible e-con e-parent\" data-id=\"76e5606\" data-element_type=\"container\" data-settings=\"{&quot;animation&quot;:&quot;fadeInUp&quot;}\">\n\t\t\t\t\t<div class=\"e-con-inner\">\n\t\t<div class=\"elementor-element elementor-element-3fc67ca e-con-full e-flex e-con e-child\" data-id=\"3fc67ca\" data-element_type=\"container\">\n\t\t\t\t<div class=\"elementor-element elementor-element-4442b41 elementor-widget elementor-widget-wd_text_block\" data-id=\"4442b41\" data-element_type=\"widget\" data-widget_type=\"wd_text_block.default\">\n\t\t\t\t<div class=\"elementor-widget-container\">\n\t\t\t\t\t\t\t<div class=\"wd-text-block reset-last-child text-left\">\n\t\t\t\n\t\t\t<h3 data-start=\"493\" data-end=\"515\"><strong data-start=\"497\" data-end=\"515\">Stornierung der Bestellung<\/strong><\/h3><p data-start=\"517\" data-end=\"713\">Ihre Bestellung wird kurz nach Zahlungseingang bearbeitet.<br data-start=\"591\" data-end=\"594\" \/><strong data-start=\"594\" data-end=\"616\">Nicht versendet<\/strong> Wenn Sie eine Stornierung Ihrer Bestellung beantragen m\u00f6chten, kontaktieren Sie uns bitte so schnell wie m\u00f6glich:<\/p><p data-start=\"715\" data-end=\"780\">\ud83d\udcde Telefon: +90 (535) 968 31 13<br data-start=\"746\" data-end=\"749\" \/>\ud83d\udce9 E-Mail: <a class=\"cursor-pointer\" rel=\"noopener\" data-start=\"761\" data-end=\"780\">info@safakbutik.com<\/a><\/p><p data-start=\"782\" data-end=\"880\">Wenn Ihre Bestellung vor dem Versand storniert wird, wird Ihre Zahlung noch am selben Tag zur R\u00fcckerstattung bearbeitet.<\/p><blockquote data-start=\"882\" data-end=\"1020\"><p data-start=\"884\" data-end=\"1020\"><strong data-start=\"884\" data-end=\"892\">Hinweise:<\/strong> Bereits versandte Bestellungen k\u00f6nnen nicht storniert werden. In diesem Fall kann der R\u00fccksendevorgang nach Erhalt des Produkts eingeleitet werden.<\/p><\/blockquote><hr data-start=\"1022\" data-end=\"1025\" \/><h3 data-start=\"1027\" data-end=\"1049\"><strong data-start=\"1031\" data-end=\"1049\">R\u00fcckgabebedingungen<\/strong><\/h3><p data-start=\"1051\" data-end=\"1165\">Die Produkte, die Sie bei \u015eafak Boutique gekauft haben, <strong data-start=\"1099\" data-end=\"1138\">14 Tage ab Lieferdatum<\/strong> Sie k\u00f6nnen es innerhalb von zur\u00fcckgeben.<\/p><p data-start=\"1167\" data-end=\"1229\">F\u00fcr den R\u00fcckgabeprozess m\u00fcssen folgende Voraussetzungen erf\u00fcllt sein:<\/p><ul data-start=\"1231\" data-end=\"1636\"><li data-start=\"1231\" data-end=\"1288\"><p data-start=\"1233\" data-end=\"1288\">Das Produkt muss unbenutzt, ungetestet und ungewaschen sein.<\/p><\/li><li data-start=\"1289\" data-end=\"1371\"><p data-start=\"1291\" data-end=\"1371\">Das Produktetikett darf nicht zerschnitten werden und muss in der Originalverpackung versendet werden.<\/p><\/li><li data-start=\"1372\" data-end=\"1462\"><p data-start=\"1374\" data-end=\"1462\">Die R\u00fccksendung muss vollst\u00e4ndig erfolgen, zusammen mit der Rechnung und etwaigen Geschenk-\/Werbeartikeln.<\/p><\/li><li data-start=\"1463\" data-end=\"1557\"><p data-start=\"1465\" data-end=\"1557\">Von der R\u00fcckgabe ausgeschlossen sind Unterw\u00e4sche, Hauben, Schals, T\u00fccher und hygienesensible Produkte.<\/p><\/li><li data-start=\"1558\" data-end=\"1636\"><p data-start=\"1560\" data-end=\"1636\">Produkte, die individuell oder nach Ma\u00df angefertigt wurden, sind vom Umtausch ausgeschlossen.<\/p><\/li><\/ul><hr data-start=\"1638\" data-end=\"1641\" \/><h3 data-start=\"1643\" data-end=\"1662\"><strong data-start=\"1647\" data-end=\"1662\">R\u00fcckgabeprozess<\/strong><\/h3><ol data-start=\"1664\" data-end=\"1937\"><li data-start=\"1664\" data-end=\"1752\"><p data-start=\"1667\" data-end=\"1752\">Ihre R\u00fcckerstattungsanfrage <a class=\"cursor-pointer\" rel=\"noopener\" data-start=\"1683\" data-end=\"1702\">info@safakbutik.com<\/a> Bitte senden Sie es an die Adresse mit Ihrer Bestellnummer.<\/p><\/li><li data-start=\"1753\" data-end=\"1832\"><p data-start=\"1756\" data-end=\"1832\">Nach der R\u00fccksendegenehmigung wird das Produkt durch das beauftragte Frachtunternehmen an uns versendet.<\/p><\/li><li data-start=\"1833\" data-end=\"1937\"><p data-start=\"1836\" data-end=\"1937\">Wenn das Produkt bei uns eintrifft, wird es gepr\u00fcft und die R\u00fcckerstattung erfolgt innerhalb von 3-5 Werktagen.<\/p><\/li><\/ol><blockquote data-start=\"1939\" data-end=\"2029\"><p data-start=\"1941\" data-end=\"2029\"><strong data-start=\"1941\" data-end=\"1963\">R\u00fccksendekosten:<\/strong> Bei R\u00fccksendungen im Rahmen des Widerrufsrechts tr\u00e4gt der Kunde die Versandkosten.<\/p><\/blockquote><hr data-start=\"2031\" data-end=\"2034\" \/><h3 data-start=\"2036\" data-end=\"2061\"><strong data-start=\"2040\" data-end=\"2061\">B\u00f6rsentransaktionen<\/strong><\/h3><p data-start=\"2063\" data-end=\"2260\">F\u00fcr den Umtausch von Produkten gilt das gleiche R\u00fcckgabeverfahren. Nach der R\u00fccksendung des alten Produkts k\u00f6nnen Sie eine neue Bestellung aufgeben. Wir freuen uns \u00fcber Umtauschanfragen f\u00fcr Produkte, deren Lagerbestand noch verf\u00fcgbar ist.<\/p><hr data-start=\"2262\" data-end=\"2265\" \/><h3 data-start=\"2267\" data-end=\"2294\"><strong data-start=\"2271\" data-end=\"2294\">Absenderadresse<\/strong><\/h3><p data-start=\"2296\" data-end=\"2445\"><strong data-start=\"2296\" data-end=\"2311\">Dawn Boutique<\/strong><br data-start=\"2311\" data-end=\"2314\" \/>Kad\u0131pa\u015fa-Viertel Kemal-Reiso\u011flu-Stra\u00dfe<br data-start=\"2353\" data-end=\"2356\" \/>Ozhan Apartment Nr. 1<br data-start=\"2376\" data-end=\"2379\" \/>Alanya \/ Antalya<br data-start=\"2395\" data-end=\"2398\" \/>\ud83d\udcde +90 (535) 968 31 13<br data-start=\"2420\" data-end=\"2423\" \/>\ud83d\udce9 <a class=\"cursor-pointer\" rel=\"noopener\" data-start=\"2426\" data-end=\"2445\">info@safakbutik.com<\/a><\/p><hr data-start=\"2447\" data-end=\"2450\" \/><h3 data-start=\"2452\" data-end=\"2481\"><strong data-start=\"2456\" data-end=\"2479\">Haben Sie Fragen?<\/strong><\/h3><p data-start=\"2482\" data-end=\"2650\">Sie k\u00f6nnen uns bei Fragen oder Supportanfragen kontaktieren. Bei \u015eafak Boutique sind wir hier, um ein sicheres, transparentes und angenehmes Einkaufserlebnis zu bieten.<\/p>\n\t\t\t\t\t<\/div>\n\t\t\t\t\t\t<\/div>\n\t\t\t\t<\/div>\n\t\t\t\t<\/div>\n\t\t\t\t\t<\/div>\n\t\t\t\t<\/div>\n\t\t\t\t<\/div>","protected":false},"excerpt":{"rendered":"<p>\u0130ptal ve \u0130ade Politikas\u0131 Sipari\u015f \u0130ptali Sipari\u015finiz, \u00f6deme tamamland\u0131ktan k\u0131sa bir s\u00fcre sonra i\u015fleme al\u0131nmaktad\u0131r.Kargoya verilmemi\u015f sipari\u015flerde iptal talebinde bulunmak<\/p>","protected":false},"author":1,"featured_media":0,"parent":0,"menu_order":0,"comment_status":"closed","ping_status":"closed","template":"","meta":{"_joinchat":[],"footnotes":""},"class_list":["post-14","page","type-page","status-publish","hentry"],"yoast_head":"<!-- This site is optimized with the Yoast SEO plugin v25.4 - https:\/\/yoast.com\/wordpress\/plugins\/seo\/ -->\n<title>\u0130ptal ve \u0130ade Politikam\u0131z - \u015eafak Butik<\/title>\n<meta name=\"robots\" content=\"index, follow, max-snippet:-1, max-image-preview:large, max-video-preview:-1\" \/>\n<link rel=\"canonical\" href=\"https:\/\/safakbutik.com\/de\/iptal-ve-iade-politikamiz\/\" \/>\n<meta property=\"og:locale\" content=\"de_DE\" \/>\n<meta property=\"og:type\" content=\"article\" \/>\n<meta property=\"og:title\" content=\"\u0130ptal ve \u0130ade Politikam\u0131z - \u015eafak Butik\" \/>\n<meta property=\"og:description\" content=\"\u0130ptal ve \u0130ade Politikas\u0131 Sipari\u015f \u0130ptali Sipari\u015finiz, \u00f6deme tamamland\u0131ktan k\u0131sa bir s\u00fcre sonra i\u015fleme al\u0131nmaktad\u0131r.Kargoya verilmemi\u015f sipari\u015flerde iptal talebinde bulunmak\" \/>\n<meta property=\"og:url\" content=\"https:\/\/safakbutik.com\/de\/iptal-ve-iade-politikamiz\/\" \/>\n<meta property=\"og:site_name\" content=\"\u015eafak Butik\" \/>\n<meta property=\"article:modified_time\" content=\"2025-07-15T00:04:15+00:00\" \/>\n<meta name=\"twitter:card\" content=\"summary_large_image\" \/>\n<meta name=\"twitter:label1\" content=\"Gesch\u00e4tzte Lesezeit\" \/>\n\t<meta name=\"twitter:data1\" content=\"2\u00a0Minuten\" \/>\n<script type=\"application\/ld+json\" class=\"yoast-schema-graph\">{\"@context\":\"https:\/\/schema.org\",\"@graph\":[{\"@type\":\"WebPage\",\"@id\":\"https:\/\/safakbutik.com\/iptal-ve-iade-politikamiz\/\",\"url\":\"https:\/\/safakbutik.com\/iptal-ve-iade-politikamiz\/\",\"name\":\"\u0130ptal ve \u0130ade Politikam\u0131z - \u015eafak Butik\",\"isPartOf\":{\"@id\":\"https:\/\/safakbutik.com\/#website\"},\"datePublished\":\"2025-07-14T20:52:41+00:00\",\"dateModified\":\"2025-07-15T00:04:15+00:00\",\"breadcrumb\":{\"@id\":\"https:\/\/safakbutik.com\/iptal-ve-iade-politikamiz\/#breadcrumb\"},\"inLanguage\":\"de\",\"potentialAction\":[{\"@type\":\"ReadAction\",\"target\":[\"https:\/\/safakbutik.com\/iptal-ve-iade-politikamiz\/\"]}]},{\"@type\":\"BreadcrumbList\",\"@id\":\"https:\/\/safakbutik.com\/iptal-ve-iade-politikamiz\/#breadcrumb\",\"itemListElement\":[{\"@type\":\"ListItem\",\"position\":1,\"name\":\"Anasayfa\",\"item\":\"https:\/\/safakbutik.com\/\"},{\"@type\":\"ListItem\",\"position\":2,\"name\":\"\u0130ptal ve \u0130ade Politikam\u0131z\"}]},{\"@type\":\"WebSite\",\"@id\":\"https:\/\/safakbutik.com\/#website\",\"url\":\"https:\/\/safakbutik.com\/\",\"name\":\"\u015eafak Butik\",\"description\":\"\u015eafak Butik\",\"potentialAction\":[{\"@type\":\"SearchAction\",\"target\":{\"@type\":\"EntryPoint\",\"urlTemplate\":\"https:\/\/safakbutik.com\/?s={search_term_string}\"},\"query-input\":{\"@type\":\"PropertyValueSpecification\",\"valueRequired\":true,\"valueName\":\"search_term_string\"}}],\"inLanguage\":\"de\"}]}<\/script>\n<!-- \/ Yoast SEO plugin. -->","yoast_head_json":{"title":"\u0130ptal ve \u0130ade Politikam\u0131z - \u015eafak Butik","robots":{"index":"index","follow":"follow","max-snippet":"max-snippet:-1","max-image-preview":"max-image-preview:large","max-video-preview":"max-video-preview:-1"},"canonical":"https:\/\/safakbutik.com\/de\/iptal-ve-iade-politikamiz\/","og_locale":"de_DE","og_type":"article","og_title":"\u0130ptal ve \u0130ade Politikam\u0131z - \u015eafak Butik","og_description":"\u0130ptal ve \u0130ade Politikas\u0131 Sipari\u015f \u0130ptali Sipari\u015finiz, \u00f6deme tamamland\u0131ktan k\u0131sa bir s\u00fcre sonra i\u015fleme al\u0131nmaktad\u0131r.Kargoya verilmemi\u015f sipari\u015flerde iptal talebinde bulunmak","og_url":"https:\/\/safakbutik.com\/de\/iptal-ve-iade-politikamiz\/","og_site_name":"\u015eafak Butik","article_modified_time":"2025-07-15T00:04:15+00:00","twitter_card":"summary_large_image","twitter_misc":{"Gesch\u00e4tzte Lesezeit":"2\u00a0Minuten"},"schema":{"@context":"https:\/\/schema.org","@graph":[{"@type":"WebPage","@id":"https:\/\/safakbutik.com\/iptal-ve-iade-politikamiz\/","url":"https:\/\/safakbutik.com\/iptal-ve-iade-politikamiz\/","name":"\u0130ptal ve \u0130ade Politikam\u0131z - \u015eafak Butik","isPartOf":{"@id":"https:\/\/safakbutik.com\/#website"},"datePublished":"2025-07-14T20:52:41+00:00","dateModified":"2025-07-15T00:04:15+00:00","breadcrumb":{"@id":"https:\/\/safakbutik.com\/iptal-ve-iade-politikamiz\/#breadcrumb"},"inLanguage":"de","potentialAction":[{"@type":"ReadAction","target":["https:\/\/safakbutik.com\/iptal-ve-iade-politikamiz\/"]}]},{"@type":"BreadcrumbList","@id":"https:\/\/safakbutik.com\/iptal-ve-iade-politikamiz\/#breadcrumb","itemListElement":[{"@type":"ListItem","position":1,"name":"Anasayfa","item":"https:\/\/safakbutik.com\/"},{"@type":"ListItem","position":2,"name":"\u0130ptal ve \u0130ade Politikam\u0131z"}]},{"@type":"WebSite","@id":"https:\/\/safakbutik.com\/#website","url":"https:\/\/safakbutik.com\/","name":"\u015eafak Butik","description":"\u015eafak Butik","potentialAction":[{"@type":"SearchAction","target":{"@type":"EntryPoint","urlTemplate":"https:\/\/safakbutik.com\/?s={search_term_string}"},"query-input":{"@type":"PropertyValueSpecification","valueRequired":true,"valueName":"search_term_string"}}],"inLanguage":"de"}]}},"_links":{"self":[{"href":"https:\/\/safakbutik.com\/de\/wp-json\/wp\/v2\/pages\/14","targetHints":{"allow":["GET"]}}],"collection":[{"href":"https:\/\/safakbutik.com\/de\/wp-json\/wp\/v2\/pages"}],"about":[{"href":"https:\/\/safakbutik.com\/de\/wp-json\/wp\/v2\/types\/page"}],"author":[{"embeddable":true,"href":"https:\/\/safakbutik.com\/de\/wp-json\/wp\/v2\/users\/1"}],"replies":[{"embeddable":true,"href":"https:\/\/safakbutik.com\/de\/wp-json\/wp\/v2\/comments?post=14"}],"version-history":[{"count":5,"href":"https:\/\/safakbutik.com\/de\/wp-json\/wp\/v2\/pages\/14\/revisions"}],"predecessor-version":[{"id":28240,"href":"https:\/\/safakbutik.com\/de\/wp-json\/wp\/v2\/pages\/14\/revisions\/28240"}],"wp:attachment":[{"href":"https:\/\/safakbutik.com\/de\/wp-json\/wp\/v2\/media?parent=14"}],"curies":[{"name":"wp","href":"https:\/\/api.w.org\/{rel}","templated":true}]}}